{"id":59383,"date":"2025-02-01T17:10:52","date_gmt":"2025-02-01T16:10:52","guid":{"rendered":"http:\/\/fokussrl.com\/prodotto\/poele-electrique-stockton\/"},"modified":"2025-02-01T17:17:36","modified_gmt":"2025-02-01T16:17:36","slug":"poele-electrique-stockton","status":"publish","type":"product","link":"https:\/\/www.fokussrl.com\/fr\/produit\/poele-electrique-stockton\/","title":{"rendered":"Po\u00eale \u00e9lectrique STOCKTON &#8211; Gazco"},"content":{"rendered":"","protected":false},"excerpt":{"rendered":"<p>Avec leurs portes en fonte et leurs corps en acier \u00e9pais, les po\u00eales Stockton allient le charme classique des po\u00eales \u00e0 bois \u00e0 la commodit\u00e9 et \u00e0 la simplicit\u00e9 de l&rsquo;\u00e9lectricit\u00e9.<br \/>Gr\u00e2ce \u00e0 notre technologie avanc\u00e9e Chromalight\u00ae, les effets de flamme Stockton sont projet\u00e9s sur le lit de braises pour une vue en 3D, tandis que diverses options d&rsquo;effets de feu sont illumin\u00e9es par le haut et le bas pour un r\u00e9alisme accru. La gamme de param\u00e8tres de couleur LED interchangeables vous permet de personnaliser l&rsquo;apparence de votre po\u00eale en fonction de votre humeur.<br \/>Les options du lit de braises vous offrent la libert\u00e9 de personnaliser le look de votre po\u00eale.<\/p>\n","protected":false},"featured_media":56989,"template":"","meta":{"_acf_changed":false},"product_brand":[4813],"product_cat":[4607],"product_tag":[],"class_list":{"0":"post-59383","1":"product","2":"type-product","3":"status-publish","4":"has-post-thumbnail","6":"product_brand-gazco-fr","7":"product_cat-poeles-electriques","8":"product_shipping_class-stufe-elettriche-2-2","9":"pa_modello-stockton-2-medium-fr","10":"pa_modello-stockton-2-small-fr","11":"pa_modello-stockton-5-fr","12":"sales-flash-overlay","13":"woocommerce-text-align-center","14":"woocommerce-image-align-center","15":"do-quantity-buttons","17":"first","18":"instock","19":"taxable","20":"shipping-taxable","21":"purchasable","22":"product-type-variable"},"acf":[],"_links":{"self":[{"href":"https:\/\/www.fokussrl.com\/fr\/wp-json\/wp\/v2\/product\/59383","targetHints":{"allow":["GET"]}}],"collection":[{"href":"https:\/\/www.fokussrl.com\/fr\/wp-json\/wp\/v2\/product"}],"about":[{"href":"https:\/\/www.fokussrl.com\/fr\/wp-json\/wp\/v2\/types\/product"}],"wp:featuredmedia":[{"embeddable":true,"href":"https:\/\/www.fokussrl.com\/fr\/wp-json\/wp\/v2\/media\/56989"}],"wp:attachment":[{"href":"https:\/\/www.fokussrl.com\/fr\/wp-json\/wp\/v2\/media?parent=59383"}],"wp:term":[{"taxonomy":"product_brand","embeddable":true,"href":"https:\/\/www.fokussrl.com\/fr\/wp-json\/wp\/v2\/product_brand?post=59383"},{"taxonomy":"product_cat","embeddable":true,"href":"https:\/\/www.fokussrl.com\/fr\/wp-json\/wp\/v2\/product_cat?post=59383"},{"taxonomy":"product_tag","embeddable":true,"href":"https:\/\/www.fokussrl.com\/fr\/wp-json\/wp\/v2\/product_tag?post=59383"}],"curies":[{"name":"wp","href":"https:\/\/api.w.org\/{rel}","templated":true}]}}