{"id":59387,"date":"2025-02-01T17:10:52","date_gmt":"2025-02-01T16:10:52","guid":{"rendered":"http:\/\/fokussrl.com\/prodotto\/poele-electrique-vogue-midi\/"},"modified":"2025-02-01T17:17:38","modified_gmt":"2025-02-01T16:17:38","slug":"poele-electrique-vogue-midi","status":"publish","type":"product","link":"https:\/\/www.fokussrl.com\/fr\/produit\/poele-electrique-vogue-midi\/","title":{"rendered":"Po\u00eale \u00e9lectrique VOGUE MIDI &#8211; Gazco"},"content":{"rendered":"","protected":false},"excerpt":{"rendered":"<p>La Vogue Midi est propos\u00e9e en deux mod\u00e8les, y compris la version Midline plus haute, qui peut \u00eatre d\u00e9cor\u00e9e avec des b\u00fbches pour am\u00e9liorer l&rsquo;esth\u00e9tique du po\u00eale \u00e0 bois. Notre technologie LED Chromalight\u00ae Immersive vous permet de contr\u00f4ler les effets d&rsquo;\u00e9clairage de la flamme et du lit de braises pour cr\u00e9er l&rsquo;atmosph\u00e8re parfaite dans presque toutes les pi\u00e8ces, avec un choix d&rsquo;effets pouvant \u00eatre m\u00e9lang\u00e9s et assortis.<\/p>\n<p>La gamme \u00e9l\u00e9gante Vogue Midi T comprend une collection de po\u00eales contemporains. <br \/>Les po\u00eales T sont dot\u00e9s de fen\u00eatres sur les deux c\u00f4t\u00e9s du corps du po\u00eale pour compl\u00e9ter la grande fen\u00eatre frontale, garantissant que l&rsquo;affichage est visible sous presque tous les angles de la pi\u00e8ce.<br \/>La Vogue Midi T peut \u00eatre choisie comme po\u00eale sur un socle ou dans des versions Midline avec rangement pour b\u00fbches.<br \/>Alternativement, un mod\u00e8le suspendu cr\u00e9e une installation flottante pour un look r\u00e9solument moderne.<\/p>\n","protected":false},"featured_media":57005,"template":"","meta":{"_acf_changed":false},"product_brand":[4813],"product_cat":[4607],"product_tag":[],"class_list":{"0":"post-59387","1":"product","2":"type-product","3":"status-publish","4":"has-post-thumbnail","6":"product_brand-gazco-fr","7":"product_cat-poeles-electriques","8":"product_shipping_class-stufe-elettriche-2-2","9":"pa_modello-midi-fr","10":"pa_modello-midi-midline-fr","11":"pa_modello-midi-t-fr","12":"pa_modello-midi-t-midline-fr","13":"pa_modello-midi-t-wall-fr","14":"sales-flash-overlay","15":"woocommerce-text-align-center","16":"woocommerce-image-align-center","17":"do-quantity-buttons","19":"first","20":"instock","21":"taxable","22":"shipping-taxable","23":"product-type-variable"},"acf":[],"_links":{"self":[{"href":"https:\/\/www.fokussrl.com\/fr\/wp-json\/wp\/v2\/product\/59387","targetHints":{"allow":["GET"]}}],"collection":[{"href":"https:\/\/www.fokussrl.com\/fr\/wp-json\/wp\/v2\/product"}],"about":[{"href":"https:\/\/www.fokussrl.com\/fr\/wp-json\/wp\/v2\/types\/product"}],"wp:featuredmedia":[{"embeddable":true,"href":"https:\/\/www.fokussrl.com\/fr\/wp-json\/wp\/v2\/media\/57005"}],"wp:attachment":[{"href":"https:\/\/www.fokussrl.com\/fr\/wp-json\/wp\/v2\/media?parent=59387"}],"wp:term":[{"taxonomy":"product_brand","embeddable":true,"href":"https:\/\/www.fokussrl.com\/fr\/wp-json\/wp\/v2\/product_brand?post=59387"},{"taxonomy":"product_cat","embeddable":true,"href":"https:\/\/www.fokussrl.com\/fr\/wp-json\/wp\/v2\/product_cat?post=59387"},{"taxonomy":"product_tag","embeddable":true,"href":"https:\/\/www.fokussrl.com\/fr\/wp-json\/wp\/v2\/product_tag?post=59387"}],"curies":[{"name":"wp","href":"https:\/\/api.w.org\/{rel}","templated":true}]}}