{"id":59393,"date":"2025-02-01T17:10:58","date_gmt":"2025-02-01T16:10:58","guid":{"rendered":"http:\/\/fokussrl.com\/prodotto\/poele-thermostatique-gaz-ventilee-multigas\/"},"modified":"2025-02-01T17:17:38","modified_gmt":"2025-02-01T16:17:38","slug":"poele-thermostatique-gaz-ventilee-multigas","status":"publish","type":"product","link":"https:\/\/www.fokussrl.com\/fr\/produit\/poele-thermostatique-gaz-ventilee-multigas\/","title":{"rendered":"Po\u00eale thermostatique \u00e0 gaz ventil\u00e9e MULTIGAS &#8211; Lincar"},"content":{"rendered":"","protected":false},"excerpt":{"rendered":"<p>Les radiateurs \u00e0 gaz Lincar sont <strong>faciles \u00e0 installer<\/strong> et d&rsquo;une efficacit\u00e9 exceptionnelle ; leur polyvalence les rend id\u00e9aux pour chauffer des espaces n\u00e9cessitant une temp\u00e9rature sup\u00e9rieure \u00e0 la normale. Leur <strong>design lin\u00e9aire<\/strong> et leur forme compacte leur permettent de s&rsquo;adapter parfaitement \u00e0 tout type d&rsquo;environnement.<\/p>\n<p>Les po\u00eales thermostatiques Lincar sont disponibles en deux versions : <strong>convection naturelle<\/strong> et <strong>convection forc\u00e9e<\/strong> (\u00e9quip\u00e9es d&rsquo;un ventilateur \u00e0 vitesse variable avec un s\u00e9lecteur d\u00e9di\u00e9 permettant de choisir entre arr\u00eat, vitesse basse ou haute).<\/p>\n<p>Tous les appareils sont \u00e9quip\u00e9s d&rsquo;un <strong>dispositif de s\u00e9curit\u00e9<\/strong> pour l&rsquo;\u00e9vacuation des produits de combustion.<\/p>\n","protected":false},"featured_media":57035,"template":"","meta":{"_acf_changed":false},"product_brand":[4827],"product_cat":[4598],"product_tag":[],"class_list":{"0":"post-59393","1":"product","2":"type-product","3":"status-publish","4":"has-post-thumbnail","6":"product_brand-lincar-fr","7":"product_cat-poeles-a-gaz","8":"product_shipping_class-stufe-a-gas-2-2","9":"pa_potenza-10-5-kw-fr","10":"pa_potenza-8-6-kw-fr","11":"sales-flash-overlay","12":"woocommerce-text-align-center","13":"woocommerce-image-align-center","14":"do-quantity-buttons","16":"first","17":"instock","18":"taxable","19":"shipping-taxable","20":"purchasable","21":"product-type-variable"},"acf":[],"_links":{"self":[{"href":"https:\/\/www.fokussrl.com\/fr\/wp-json\/wp\/v2\/product\/59393","targetHints":{"allow":["GET"]}}],"collection":[{"href":"https:\/\/www.fokussrl.com\/fr\/wp-json\/wp\/v2\/product"}],"about":[{"href":"https:\/\/www.fokussrl.com\/fr\/wp-json\/wp\/v2\/types\/product"}],"wp:featuredmedia":[{"embeddable":true,"href":"https:\/\/www.fokussrl.com\/fr\/wp-json\/wp\/v2\/media\/57035"}],"wp:attachment":[{"href":"https:\/\/www.fokussrl.com\/fr\/wp-json\/wp\/v2\/media?parent=59393"}],"wp:term":[{"taxonomy":"product_brand","embeddable":true,"href":"https:\/\/www.fokussrl.com\/fr\/wp-json\/wp\/v2\/product_brand?post=59393"},{"taxonomy":"product_cat","embeddable":true,"href":"https:\/\/www.fokussrl.com\/fr\/wp-json\/wp\/v2\/product_cat?post=59393"},{"taxonomy":"product_tag","embeddable":true,"href":"https:\/\/www.fokussrl.com\/fr\/wp-json\/wp\/v2\/product_tag?post=59393"}],"curies":[{"name":"wp","href":"https:\/\/api.w.org\/{rel}","templated":true}]}}