{"id":59429,"date":"2025-02-01T17:11:03","date_gmt":"2025-02-01T16:11:03","guid":{"rendered":"http:\/\/fokussrl.com\/prodotto\/cheminee-thermique-bois-evolution-4-0\/"},"modified":"2025-02-01T17:17:48","modified_gmt":"2025-02-01T16:17:48","slug":"cheminee-thermique-bois-evolution-4-0","status":"publish","type":"product","link":"https:\/\/www.fokussrl.com\/fr\/produit\/cheminee-thermique-bois-evolution-4-0\/","title":{"rendered":"Chemin\u00e9e thermique \u00e0 bois EVOLUTION 4.0 &#8211; Carinci"},"content":{"rendered":"","protected":false},"excerpt":{"rendered":"<p>Technique de combustion innovante pour le thermo-chemin\u00e9e Carinci Evolution 4.0.<br \/>La technique de combustion innovante CARINCI EVOLUTION 4.0 (syst\u00e8me brevet\u00e9 n\u00b0 1371478) repose sur un principe simple : pr\u00e9chauffer l&rsquo;air de combustion avant qu&rsquo;il n&rsquo;entre dans la chambre de combustion.<br \/>La s\u00e9rie Evolution 4.0 dispose d&rsquo;un syst\u00e8me avec deux entr\u00e9es d&rsquo;air de combustion pr\u00e9chauff\u00e9 : air primaire pour la combustion et air secondaire pour une oxyg\u00e9nation correcte dans toute la chambre de combustion.<br \/>Le syst\u00e8me de double oxyg\u00e9nation en deux phases du thermo-chemin\u00e9e CARINCI EVOLUTION 4.0 permet de br\u00fbler le bois efficacement, en obtenant un rendement maximal.<\/p>\n","protected":false},"featured_media":57111,"template":"","meta":{"_acf_changed":false},"product_brand":[4802],"product_cat":[4609],"product_tag":[],"class_list":{"0":"post-59429","1":"product","2":"type-product","3":"status-publish","4":"has-post-thumbnail","6":"product_brand-carinci-fr","7":"product_cat-cheminees-hydro-au-bois","8":"product_shipping_class-termocamini-a-legna-fr","9":"pa_potenza-15-kw-fr","10":"pa_potenza-20-kw-fr","11":"pa_potenza-25-kw-fr","12":"pa_potenza-30-kw-fr","13":"sales-flash-overlay","14":"woocommerce-text-align-center","15":"woocommerce-image-align-center","16":"do-quantity-buttons","18":"first","19":"instock","20":"taxable","21":"shipping-taxable","22":"product-type-variable"},"acf":[],"_links":{"self":[{"href":"https:\/\/www.fokussrl.com\/fr\/wp-json\/wp\/v2\/product\/59429","targetHints":{"allow":["GET"]}}],"collection":[{"href":"https:\/\/www.fokussrl.com\/fr\/wp-json\/wp\/v2\/product"}],"about":[{"href":"https:\/\/www.fokussrl.com\/fr\/wp-json\/wp\/v2\/types\/product"}],"wp:featuredmedia":[{"embeddable":true,"href":"https:\/\/www.fokussrl.com\/fr\/wp-json\/wp\/v2\/media\/57111"}],"wp:attachment":[{"href":"https:\/\/www.fokussrl.com\/fr\/wp-json\/wp\/v2\/media?parent=59429"}],"wp:term":[{"taxonomy":"product_brand","embeddable":true,"href":"https:\/\/www.fokussrl.com\/fr\/wp-json\/wp\/v2\/product_brand?post=59429"},{"taxonomy":"product_cat","embeddable":true,"href":"https:\/\/www.fokussrl.com\/fr\/wp-json\/wp\/v2\/product_cat?post=59429"},{"taxonomy":"product_tag","embeddable":true,"href":"https:\/\/www.fokussrl.com\/fr\/wp-json\/wp\/v2\/product_tag?post=59429"}],"curies":[{"name":"wp","href":"https:\/\/api.w.org\/{rel}","templated":true}]}}