{"id":59439,"date":"2025-02-01T17:11:08","date_gmt":"2025-02-01T16:11:08","guid":{"rendered":"http:\/\/fokussrl.com\/prodotto\/cheminee-thermique-bois-termojolly-evo\/"},"modified":"2025-07-20T22:35:17","modified_gmt":"2025-07-20T20:35:17","slug":"cheminee-thermique-bois-termojolly-evo","status":"publish","type":"product","link":"https:\/\/www.fokussrl.com\/fr\/produit\/cheminee-thermique-bois-termojolly-evo\/","title":{"rendered":"Chemin\u00e9e thermique bois TERMOJOLLY EVO &#8211; Jolly Mec"},"content":{"rendered":"","protected":false},"excerpt":{"rendered":"<p>Efficacit\u00e9 maximale avec un encombrement minimal. TERMOJOLLY EVO est un produit de nouvelle g\u00e9n\u00e9ration qui utilise la technologie EVO pour respecter les limites d&rsquo;efficacit\u00e9 et d&rsquo;\u00e9missions, assurant la protection de l&rsquo;environnement. TERMOJOLLY EVO est id\u00e9al pour chauffer toute la maison de mani\u00e8re autonome ou en parall\u00e8le via un syst\u00e8me hydraulique (radiateurs, chauffage au sol, etc.). TERMOJOLLY EVO est livr\u00e9 complet avec un kit hydraulique et une isolation ; sa porte pratique et \u00e9l\u00e9gante, en plus de permettre une gestion facile et s\u00e9curis\u00e9e du feu, retient davantage de chaleur dans la chambre de combustion gr\u00e2ce \u00e0 son double vitrage, am\u00e9liorant ainsi le confort rayonnant. Les caract\u00e9ristiques exclusives de TERMOJOLLY EVO le rendent particuli\u00e8rement adapt\u00e9 aux nouvelles maisons \u00e0 haute efficacit\u00e9 \u00e9nerg\u00e9tique.<\/p>\n","protected":false},"featured_media":57141,"template":"","meta":{"_acf_changed":false},"product_brand":[4816],"product_cat":[4609],"product_tag":[],"class_list":{"0":"post-59439","1":"product","2":"type-product","3":"status-publish","4":"has-post-thumbnail","6":"product_brand-jolly-mec-fr","7":"product_cat-cheminees-hydro-au-bois","8":"product_shipping_class-termocamini-a-legna-fr","9":"pa_potenza-15-kw-fr","10":"pa_potenza-8-kw-fr","11":"sales-flash-overlay","12":"woocommerce-text-align-center","13":"woocommerce-image-align-center","14":"do-quantity-buttons","16":"first","17":"instock","18":"taxable","19":"shipping-taxable","20":"product-type-variable"},"acf":[],"_links":{"self":[{"href":"https:\/\/www.fokussrl.com\/fr\/wp-json\/wp\/v2\/product\/59439","targetHints":{"allow":["GET"]}}],"collection":[{"href":"https:\/\/www.fokussrl.com\/fr\/wp-json\/wp\/v2\/product"}],"about":[{"href":"https:\/\/www.fokussrl.com\/fr\/wp-json\/wp\/v2\/types\/product"}],"wp:featuredmedia":[{"embeddable":true,"href":"https:\/\/www.fokussrl.com\/fr\/wp-json\/wp\/v2\/media\/57141"}],"wp:attachment":[{"href":"https:\/\/www.fokussrl.com\/fr\/wp-json\/wp\/v2\/media?parent=59439"}],"wp:term":[{"taxonomy":"product_brand","embeddable":true,"href":"https:\/\/www.fokussrl.com\/fr\/wp-json\/wp\/v2\/product_brand?post=59439"},{"taxonomy":"product_cat","embeddable":true,"href":"https:\/\/www.fokussrl.com\/fr\/wp-json\/wp\/v2\/product_cat?post=59439"},{"taxonomy":"product_tag","embeddable":true,"href":"https:\/\/www.fokussrl.com\/fr\/wp-json\/wp\/v2\/product_tag?post=59439"}],"curies":[{"name":"wp","href":"https:\/\/api.w.org\/{rel}","templated":true}]}}