{"id":59442,"date":"2025-02-01T17:11:08","date_gmt":"2025-02-01T16:11:08","guid":{"rendered":"http:\/\/fokussrl.com\/prodotto\/cheminee-thermique-bois-twin-16-3-four\/"},"modified":"2025-02-01T17:17:50","modified_gmt":"2025-02-01T16:17:50","slug":"cheminee-thermique-bois-twin-16-3-four","status":"publish","type":"product","link":"https:\/\/www.fokussrl.com\/fr\/produit\/cheminee-thermique-bois-twin-16-3-four\/","title":{"rendered":"Chemin\u00e9e thermique \u00e0 bois TWIN 16.3 avec four &#8211; Ugo Cadel"},"content":{"rendered":"","protected":false},"excerpt":{"rendered":"<p>L&rsquo;insert de chemin\u00e9e haute performance avec four pour chauffer votre maison via le syst\u00e8me de chauffage. Il s&rsquo;adapte facilement \u00e0 tout type de rev\u00eatement.<\/p>\n<p>\u00c9MISSIONS Chauffer votre maison avec le po\u00eale \u00e0 bois SOFIA PLUS est d\u00e9sormais une solution \u00e0 faible impact environnemental. Les \u00e9missions du moderne SOFIA PLUS sont extr\u00eamement faibles, avec seulement 0,0442 % de CO, ce qui en fait le premier po\u00eale de cuisson avec four certifi\u00e9 5 \u00e9toiles et la note la plus \u00e9lev\u00e9e. Cette performance de leader de l&rsquo;industrie garantit le remboursement d&rsquo;\u00e9tat le plus \u00e9lev\u00e9 dans le cadre du Compte Thermique 2.0.<\/p>\n<p>CHAMBRE DE COMBUSTION KERAMFIRE\u00ae est une chambre de combustion con\u00e7ue sur mesure et rev\u00eatue d&rsquo;un mat\u00e9riau r\u00e9fractaire \u00e0 haute capacit\u00e9 de stockage thermique, capable de r\u00e9sister \u00e0 des temp\u00e9ratures \u00e9lev\u00e9es allant jusqu&rsquo;\u00e0 1250\u00b0 et aux chocs thermiques. Con\u00e7u pour atteindre des performances maximales en combustion et en stockage de chaleur, il continue \u00e0 diffuser de la chaleur pendant de nombreuses heures apr\u00e8s l&rsquo;extinction du feu.<\/p>\n<p>PERFORMANCE Elle est tout simplement remarquable, avec : Puissance thermique nominale totale 16,3 kW Puissance thermique d\u00e9livr\u00e9e \u00e0 l&rsquo;eau 11,4 kW Puissance thermique d\u00e9livr\u00e9e \u00e0 l&rsquo;environnement 4,9 kW Efficacit\u00e9 85,2% Cela en fait le po\u00eale thermique le plus puissant du march\u00e9.<\/p>\n<p>QUALIT\u00c9 100% ITALIENNE La tradition, associ\u00e9e au choix de mat\u00e9riaux d&rsquo;excellence, constitue l&rsquo;\u00e2me du Made in Italy. Depuis plus de 50 ans, nous cr\u00e9ons des produits qui dominent le march\u00e9 gr\u00e2ce \u00e0 l&rsquo;excellence artisanale.<\/p>\n<p>TRADITION ET VOLUME<\/p>\n<p>Dimensions du four LxHxP (mm) 338x347x435 en acier inoxydable<\/p>\n<p>Grille r\u00e9glable en 4 positions po\u00eale thermique \u00e0 bois<\/p>\n<p>Plateau en pierre pour cuisiner po\u00eale thermique \u00e0 bois<\/p>\n<p>Cuisson parfaite pour de nombreux plats<\/p>\n<p>CERTIFICATION CHAMBRE \u00c9TANCHE<\/p>\n<p>La chambre \u00e9tanche est caract\u00e9ris\u00e9e par une chambre de combustion herm\u00e9tiquement ferm\u00e9e sans contact avec l&rsquo;environnement environnant, garantissant qu&rsquo;aucun gaz nocif ne p\u00e9n\u00e8tre dans l&rsquo;espace de vie. Le conduit situ\u00e9 \u00e0 l&rsquo;arri\u00e8re du po\u00eale thermique aspire l&rsquo;air de l&rsquo;ext\u00e9rieur, le pr\u00e9chauffe \u00e0 travers des cavit\u00e9s et l&rsquo;introduit dans le circuit de combustion, garantissant une combustion excellente et r\u00e9duisant les gaz imbr\u00fbl\u00e9s et le CO.<\/p>\n<p>CONNEXIONS HYDRAULIQUES<\/p>\n<p>Le po\u00eale thermique SOFIA PLUS est con\u00e7u pour une installation \u00e0 r\u00e9servoir ferm\u00e9 (\u00e9galement connectable \u00e0 un r\u00e9servoir ouvert) et peut \u00eatre \u00e9quip\u00e9 de kits hydrauliques optionnels qui simplifient sa connexion au syst\u00e8me de plomberie et de chauffage.<\/p>\n<p>Trois variantes de kit sont disponibles : Version avec groupe de recirculation thermostatique Version avec kit hydraulique sans production d&rsquo;eau chaude sanitaire Version avec kit hydraulique avec production d&rsquo;eau chaude sanitaire.<\/p>\n","protected":false},"featured_media":57152,"template":"","meta":{"_acf_changed":false},"product_brand":[4840],"product_cat":[4609],"product_tag":[],"class_list":{"0":"post-59442","1":"product","2":"type-product","3":"status-publish","4":"has-post-thumbnail","6":"product_brand-ugo-cadel-fr","7":"product_cat-cheminees-hydro-au-bois","8":"product_shipping_class-termocamini-a-legna-fr","9":"pa_versione-avec-kit-de-recirculation-thermostatique-sans-ecs","10":"pa_versione-sans-kit-hydraulique","11":"sales-flash-overlay","12":"woocommerce-text-align-center","13":"woocommerce-image-align-center","14":"do-quantity-buttons","16":"first","17":"instock","18":"taxable","19":"shipping-taxable","20":"purchasable","21":"product-type-variable"},"acf":[],"_links":{"self":[{"href":"https:\/\/www.fokussrl.com\/fr\/wp-json\/wp\/v2\/product\/59442","targetHints":{"allow":["GET"]}}],"collection":[{"href":"https:\/\/www.fokussrl.com\/fr\/wp-json\/wp\/v2\/product"}],"about":[{"href":"https:\/\/www.fokussrl.com\/fr\/wp-json\/wp\/v2\/types\/product"}],"wp:featuredmedia":[{"embeddable":true,"href":"https:\/\/www.fokussrl.com\/fr\/wp-json\/wp\/v2\/media\/57152"}],"wp:attachment":[{"href":"https:\/\/www.fokussrl.com\/fr\/wp-json\/wp\/v2\/media?parent=59442"}],"wp:term":[{"taxonomy":"product_brand","embeddable":true,"href":"https:\/\/www.fokussrl.com\/fr\/wp-json\/wp\/v2\/product_brand?post=59442"},{"taxonomy":"product_cat","embeddable":true,"href":"https:\/\/www.fokussrl.com\/fr\/wp-json\/wp\/v2\/product_cat?post=59442"},{"taxonomy":"product_tag","embeddable":true,"href":"https:\/\/www.fokussrl.com\/fr\/wp-json\/wp\/v2\/product_tag?post=59442"}],"curies":[{"name":"wp","href":"https:\/\/api.w.org\/{rel}","templated":true}]}}