{"id":59445,"date":"2025-02-01T17:11:08","date_gmt":"2025-02-01T16:11:08","guid":{"rendered":"http:\/\/fokussrl.com\/prodotto\/cheminee-thermique-combinee-bois-granules-evolution-4-0-system-top\/"},"modified":"2025-02-01T17:17:51","modified_gmt":"2025-02-01T16:17:51","slug":"cheminee-thermique-combinee-bois-granules-evolution-4-0-system-top","status":"publish","type":"product","link":"https:\/\/www.fokussrl.com\/fr\/produit\/cheminee-thermique-combinee-bois-granules-evolution-4-0-system-top\/","title":{"rendered":"Chemin\u00e9e thermique combin\u00e9e bois-granul\u00e9s EVOLUTION 4.0 SYSTEM TOP &#8211; Carinci"},"content":{"rendered":"","protected":false},"excerpt":{"rendered":"<p>Le termocamino Carinci Combinato, mod\u00e8le phare de la gamme Carinci, repr\u00e9sente la fusion parfaite des mod\u00e8les System et Automatic, assurant une satisfaction totale \u00e0 nos clients toujours attentifs \u00e0 chaque nouvelle \u00e9volution.<\/p>\n<p>Le foyer est facile \u00e0 installer dans n&rsquo;importe quel environnement.<\/p>\n<p>Le syst\u00e8me innovant Carinci System, avec un double circuit et un vase ouvert, peut \u00eatre directement connect\u00e9 au syst\u00e8me gr\u00e2ce \u00e0 la pr\u00e9sence de tous les composants hydrauliques n\u00e9cessaires \u00e0 bord.<\/p>\n<p>Le syst\u00e8me hydraulique comprend deux circuits : le premier, avec un vase ouvert, garantit une s\u00e9curit\u00e9 maximale, et le second, un circuit ferm\u00e9, garantit la pression correcte et la bonne circulation du fluide caloporteur vers les radiateurs.<\/p>\n<p>Pour simplifier l&rsquo;installation, les deux circuits sont d\u00e9j\u00e0 interconnect\u00e9s via un \u00e9changeur de chaleur \u00e0 plaques : le premier circuit, avec un vase ouvert, est \u00e9quip\u00e9 d&rsquo;un vase d&rsquo;expansion en acier inoxydable, d&rsquo;une pompe, d&rsquo;une vanne de vidange et de vannes d&rsquo;arr\u00eat, tandis que le second circuit est \u00e9quip\u00e9 d&rsquo;une pompe, d&rsquo;une vanne anti-retour, de vannes d&rsquo;arr\u00eat et d&rsquo;un \u00e9vent.<\/p>\n","protected":false},"featured_media":57171,"template":"","meta":{"_acf_changed":false},"product_brand":[4802],"product_cat":[4611],"product_tag":[],"class_list":{"0":"post-59445","1":"product","2":"type-product","3":"status-publish","4":"has-post-thumbnail","6":"product_brand-carinci-fr","7":"product_cat-cheminees-hydro-au-bois-et-a-granules","8":"product_shipping_class-termocamini-policombustibile","9":"pa_potenza-15-kw-fr","10":"pa_potenza-20-kw-fr","11":"pa_potenza-25-kw-fr","12":"pa_potenza-30-kw-fr","13":"sales-flash-overlay","14":"woocommerce-text-align-center","15":"woocommerce-image-align-center","16":"do-quantity-buttons","18":"first","19":"instock","20":"taxable","21":"shipping-taxable","22":"purchasable","23":"product-type-variable"},"acf":[],"_links":{"self":[{"href":"https:\/\/www.fokussrl.com\/fr\/wp-json\/wp\/v2\/product\/59445","targetHints":{"allow":["GET"]}}],"collection":[{"href":"https:\/\/www.fokussrl.com\/fr\/wp-json\/wp\/v2\/product"}],"about":[{"href":"https:\/\/www.fokussrl.com\/fr\/wp-json\/wp\/v2\/types\/product"}],"wp:featuredmedia":[{"embeddable":true,"href":"https:\/\/www.fokussrl.com\/fr\/wp-json\/wp\/v2\/media\/57171"}],"wp:attachment":[{"href":"https:\/\/www.fokussrl.com\/fr\/wp-json\/wp\/v2\/media?parent=59445"}],"wp:term":[{"taxonomy":"product_brand","embeddable":true,"href":"https:\/\/www.fokussrl.com\/fr\/wp-json\/wp\/v2\/product_brand?post=59445"},{"taxonomy":"product_cat","embeddable":true,"href":"https:\/\/www.fokussrl.com\/fr\/wp-json\/wp\/v2\/product_cat?post=59445"},{"taxonomy":"product_tag","embeddable":true,"href":"https:\/\/www.fokussrl.com\/fr\/wp-json\/wp\/v2\/product_tag?post=59445"}],"curies":[{"name":"wp","href":"https:\/\/api.w.org\/{rel}","templated":true}]}}