{"id":59450,"date":"2025-02-01T17:11:08","date_gmt":"2025-02-01T16:11:08","guid":{"rendered":"http:\/\/fokussrl.com\/prodotto\/cheminee-thermique-granules-mk-16-9\/"},"modified":"2025-02-01T17:17:54","modified_gmt":"2025-02-01T16:17:54","slug":"cheminee-thermique-granules-mk-16-9","status":"publish","type":"product","link":"https:\/\/www.fokussrl.com\/fr\/produit\/cheminee-thermique-granules-mk-16-9\/","title":{"rendered":"Chemin\u00e9e thermique \u00e0 granul\u00e9s MK 16:9 &#8211; Magikal"},"content":{"rendered":"","protected":false},"excerpt":{"rendered":"<p>Le foyer MK 16:9 est con\u00e7u pour chauffer jusqu&rsquo;\u00e0 250 m\u00b2 de surface habitable et est con\u00e7u pour fonctionner en synergie avec d&rsquo;autres sources de chauffage telles que des panneaux solaires et des chaudi\u00e8res \u00e0 gaz. L&rsquo;entretien est simplifi\u00e9 gr\u00e2ce aux racloirs facilement accessibles \u00e0 l&rsquo;avant.<\/p>\n<p>Une caract\u00e9ristique remarquable est la vue panoramique sur le feu \u00e0 travers la grande vitre horizontale, offrant une exp\u00e9rience agr\u00e9able et relaxante pendant les froides journ\u00e9es d&rsquo;hiver.<\/p>\n<p>La gestion des fonctions du foyer est effectu\u00e9e via un affichage pratique, permettant de r\u00e9gler toutes les activit\u00e9s \u00e0 distance.<\/p>\n<p>Le chargement des pellets est accessible des deux c\u00f4t\u00e9s, et la grande capacit\u00e9 du r\u00e9servoir assure une autonomie de fonctionnement prolong\u00e9e. Ces caract\u00e9ristiques en font une solution pratique et efficace pour le chauffage domestique, adapt\u00e9e aux espaces de vie plus grands.<\/p>\n","protected":false},"featured_media":57184,"template":"","meta":{"_acf_changed":false},"product_brand":[4830],"product_cat":[4610],"product_tag":[],"class_list":{"0":"post-59450","1":"product","2":"type-product","3":"status-publish","4":"has-post-thumbnail","6":"product_brand-magikal-fr","7":"product_cat-cheminees-hydro-a-granules","8":"product_shipping_class-termocamini-a-pellet-2-2","9":"pa_versione-avec-eau-chaude-sanitaire","10":"pa_versione-sans-eau-chaude-sanitaire","11":"sales-flash-overlay","12":"woocommerce-text-align-center","13":"woocommerce-image-align-center","14":"do-quantity-buttons","16":"first","17":"instock","18":"taxable","19":"shipping-taxable","20":"product-type-variable"},"acf":[],"_links":{"self":[{"href":"https:\/\/www.fokussrl.com\/fr\/wp-json\/wp\/v2\/product\/59450","targetHints":{"allow":["GET"]}}],"collection":[{"href":"https:\/\/www.fokussrl.com\/fr\/wp-json\/wp\/v2\/product"}],"about":[{"href":"https:\/\/www.fokussrl.com\/fr\/wp-json\/wp\/v2\/types\/product"}],"wp:featuredmedia":[{"embeddable":true,"href":"https:\/\/www.fokussrl.com\/fr\/wp-json\/wp\/v2\/media\/57184"}],"wp:attachment":[{"href":"https:\/\/www.fokussrl.com\/fr\/wp-json\/wp\/v2\/media?parent=59450"}],"wp:term":[{"taxonomy":"product_brand","embeddable":true,"href":"https:\/\/www.fokussrl.com\/fr\/wp-json\/wp\/v2\/product_brand?post=59450"},{"taxonomy":"product_cat","embeddable":true,"href":"https:\/\/www.fokussrl.com\/fr\/wp-json\/wp\/v2\/product_cat?post=59450"},{"taxonomy":"product_tag","embeddable":true,"href":"https:\/\/www.fokussrl.com\/fr\/wp-json\/wp\/v2\/product_tag?post=59450"}],"curies":[{"name":"wp","href":"https:\/\/api.w.org\/{rel}","templated":true}]}}