{"id":59458,"date":"2025-02-01T17:11:14","date_gmt":"2025-02-01T16:11:14","guid":{"rendered":"http:\/\/fokussrl.com\/prodotto\/cheminee-thermique-bois-granules-foghet-evo-idro\/"},"modified":"2025-07-20T22:35:37","modified_gmt":"2025-07-20T20:35:37","slug":"cheminee-thermique-bois-granules-foghet-evo-idro","status":"publish","type":"product","link":"https:\/\/www.fokussrl.com\/fr\/produit\/cheminee-thermique-bois-granules-foghet-evo-idro\/","title":{"rendered":"Chemin\u00e9e thermique bois\/granul\u00e9s FOGHET EVO IDRO &#8211; Jolly Mec"},"content":{"rendered":"","protected":false},"excerpt":{"rendered":"<p>Les foyers combin\u00e9s bois et pellets FOGHET EVO IDRO sont des produits de derni\u00e8re g\u00e9n\u00e9ration utilisant la technologie EVO pour r\u00e9pondre aux normes d&rsquo;\u00e9missions environnementales.<\/p>\n<p>FOGHET EVO IDRO est con\u00e7u pour chauffer de mani\u00e8re autonome ou en compl\u00e9ment l&rsquo;ensemble de la maison via un syst\u00e8me \u00e0 eau (radiateurs, chauffage au sol, etc.). FOGHET EVO IDRO est adapt\u00e9 \u00e0 tous les environnements et id\u00e9al pour les nouvelles habitations \u00e0 faible consommation \u00e9nerg\u00e9tique.<\/p>\n<p>Le syst\u00e8me \u00e9tanche permet au foyer d&rsquo;utiliser l&rsquo;air ext\u00e9rieur sans jamais pr\u00e9lever d&rsquo;air dans l&rsquo;environnement int\u00e9rieur. Il est livr\u00e9 complet avec un kit hydraulique pr\u00e9-assembl\u00e9 et test\u00e9 ainsi qu&rsquo;une isolation.<\/p>\n<p>PASSAGE AUTOMATIQUE DU BOIS AU PELLET Il est possible de passer automatiquement du bois au pellet, en continuant de chauffer selon les param\u00e8tres d\u00e9finis, sans n\u00e9cessiter la pr\u00e9sence de l&rsquo;utilisateur \u00e0 domicile.<\/p>\n<p>ALLUMAGE AUTOMATIQUE DU BOIS Gr\u00e2ce \u00e0 une fonction sp\u00e9cifique, il est possible d&rsquo;allumer le bois avec le br\u00fbleur \u00e0 pellet.<\/p>\n<p>BR\u00dbLEUR INNOVANT \u00c0 CHARGEMENT PAR LE BAS Garantit une combustion parfaite et une s\u00e9curit\u00e9 totale contre les effets potentiels de r\u00e9tro-combustion.<\/p>\n<p>SYST\u00c8ME AIRSCREW Augmente l&rsquo;efficacit\u00e9 de l&rsquo;\u00e9change thermique et \u00e9quilibre l&rsquo;extraction des fum\u00e9es. Le syst\u00e8me brevet\u00e9 d&rsquo;h\u00e9lice \u00e0 double spirale (Airscrew System) permet de r\u00e9cup\u00e9rer davantage de chaleur \u00e0 la sortie du foyer.<\/p>\n<p>CHAMBRE DE COMBUSTION EN FIREFLECTOR ET R\u00c9FRACTAIRE R\u00e9alis\u00e9e en Fireflector haute densit\u00e9 (HD) et mat\u00e9riaux r\u00e9fractaires, elle permet d&rsquo;atteindre des temp\u00e9ratures \u00e9lev\u00e9es pour optimiser le processus de combustion et r\u00e9duire les \u00e9missions.<\/p>\n<p>TIROIR \u00c0 CENDRES Tiroir \u00e0 cendres amovible et grille en fonte.<\/p>\n<p>VALVE DE S\u00c9CURIT\u00c9 Une valve de s\u00e9curit\u00e9 pour lib\u00e9rer la pression excessive des gaz.<\/p>\n<p>CAPTEURS D&rsquo;OUVERTURE DE PORTE Assurent une s\u00e9curit\u00e9 de fonctionnement accrue du foyer.<\/p>\n<p>POUR MAISONS PASSIVES L&rsquo;air de combustion est pr\u00e9lev\u00e9 de l&rsquo;ext\u00e9rieur via une connexion directe avec la prise d&rsquo;air. Id\u00e9al pour les maisons passives.<\/p>\n<p>WIFI (OPTIONNEL)<\/p>\n","protected":false},"featured_media":57212,"template":"","meta":{"_acf_changed":false},"product_brand":[4816],"product_cat":[4611],"product_tag":[],"class_list":{"0":"post-59458","1":"product","2":"type-product","3":"status-publish","4":"has-post-thumbnail","6":"product_brand-jolly-mec-fr","7":"product_cat-cheminees-hydro-au-bois-et-a-granules","8":"pa_potenza-15-18-kw-fr","9":"pa_potenza-8-18-kw-fr","10":"sales-flash-overlay","11":"woocommerce-text-align-center","12":"woocommerce-image-align-center","13":"do-quantity-buttons","15":"first","16":"instock","17":"taxable","18":"shipping-taxable","19":"product-type-variable"},"acf":[],"_links":{"self":[{"href":"https:\/\/www.fokussrl.com\/fr\/wp-json\/wp\/v2\/product\/59458","targetHints":{"allow":["GET"]}}],"collection":[{"href":"https:\/\/www.fokussrl.com\/fr\/wp-json\/wp\/v2\/product"}],"about":[{"href":"https:\/\/www.fokussrl.com\/fr\/wp-json\/wp\/v2\/types\/product"}],"wp:featuredmedia":[{"embeddable":true,"href":"https:\/\/www.fokussrl.com\/fr\/wp-json\/wp\/v2\/media\/57212"}],"wp:attachment":[{"href":"https:\/\/www.fokussrl.com\/fr\/wp-json\/wp\/v2\/media?parent=59458"}],"wp:term":[{"taxonomy":"product_brand","embeddable":true,"href":"https:\/\/www.fokussrl.com\/fr\/wp-json\/wp\/v2\/product_brand?post=59458"},{"taxonomy":"product_cat","embeddable":true,"href":"https:\/\/www.fokussrl.com\/fr\/wp-json\/wp\/v2\/product_cat?post=59458"},{"taxonomy":"product_tag","embeddable":true,"href":"https:\/\/www.fokussrl.com\/fr\/wp-json\/wp\/v2\/product_tag?post=59458"}],"curies":[{"name":"wp","href":"https:\/\/api.w.org\/{rel}","templated":true}]}}