{"id":59461,"date":"2025-02-01T17:11:14","date_gmt":"2025-02-01T16:11:14","guid":{"rendered":"http:\/\/fokussrl.com\/prodotto\/cuisiniere-thermo-bois-altea-country\/"},"modified":"2025-02-01T17:17:57","modified_gmt":"2025-02-01T16:17:57","slug":"cuisiniere-thermo-bois-altea-country","status":"publish","type":"product","link":"https:\/\/www.fokussrl.com\/fr\/produit\/cuisiniere-thermo-bois-altea-country\/","title":{"rendered":"Cuisini\u00e8re thermo \u00e0 bois ALTEA COUNTRY &#8211; Klover"},"content":{"rendered":"","protected":false},"excerpt":{"rendered":"<p>Souhaitez-vous chauffer toute votre maison avec un minimum de bois?<\/p>\n<p>La r\u00e9ponse est la cuisini\u00e8re thermique \u00e0 bois ALTEA.<\/p>\n<p>Avec une puissance totale de 14,7 kW, vous pouvez chauffer facilement des maisons de plus de 150 m\u00e8tres carr\u00e9s et produire toute l&rsquo;eau chaude sanitaire n\u00e9cessaire pour votre famille.<\/p>\n<p>Souhaitez-vous pr\u00e9parer de d\u00e9licieux plats sur la plaque et dans le four?<\/p>\n<p>La r\u00e9ponse est la cuisini\u00e8re thermique \u00e0 bois ALTEA.<\/p>\n<p>Gr\u00e2ce \u00e0 la plaque radiante en fonte \u00e0 deux foyers, vous pouvez pr\u00e9parer plusieurs plats simultan\u00e9ment.<\/p>\n<p>Le four en acier inoxydable, \u00e9quip\u00e9 d&rsquo;un \u00e9clairage int\u00e9rieur et de guides amovibles, vous permettra de r\u00e9aliser de d\u00e9licieuses lasagnes, r\u00f4tis et desserts.<\/p>\n<p>Souhaitez-vous un produit dot\u00e9 du syst\u00e8me exclusif SICURO top?<\/p>\n<p>La r\u00e9ponse est la cuisini\u00e8re thermique \u00e0 bois ALTEA.<\/p>\n<p>La s\u00e9curit\u00e9 est primordiale, et notre syst\u00e8me SICURO top, qui nous caract\u00e9rise depuis des ann\u00e9es, vous garantit une tranquillit\u00e9 absolue.<\/p>\n<p>Tous les composants hydrauliques sont inclus de s\u00e9rie, simplifiant l&rsquo;installation.<\/p>\n<p>Souhaitez-vous un rendement \u00e9lev\u00e9 et de faibles \u00e9missions atmosph\u00e9riques?<\/p>\n<p>La r\u00e9ponse est la cuisini\u00e8re thermique \u00e0 bois ALTEA.<\/p>\n<p>Avec un rendement certifi\u00e9 de 89,4 % et des \u00e9missions de poussi\u00e8re de 17,5 mg\/m3, vous aurez le produit \u00e0 bois le plus performant et le plus \u00e9cologique de sa cat\u00e9gorie.<\/p>\n<p>Souhaitez-vous un design contemporain et raffin\u00e9?<\/p>\n<p>La r\u00e9ponse est la cuisini\u00e8re thermique \u00e0 bois ALTEA.<\/p>\n<p>Les finitions de haute qualit\u00e9, les portes du feu et du four avec double verre c\u00e9ramique et des poign\u00e9es \u00e9l\u00e9gantes, ainsi que la gamme de couleurs des pr\u00e9cieuses majoliques \u00e9maill\u00e9es \u00e0 la main, sont quelques-unes des caract\u00e9ristiques qui font de ce produit le choix id\u00e9al pour votre maison.<\/p>\n","protected":false},"featured_media":70786,"template":"","meta":{"_acf_changed":false},"product_brand":[4820],"product_cat":[4613],"product_tag":[],"class_list":{"0":"post-59461","1":"product","2":"type-product","3":"status-publish","4":"has-post-thumbnail","6":"product_brand-klover-fr","7":"product_cat-cuisinieres-hydro-au-bois","8":"product_shipping_class-termocucine-a-legna-2","9":"pa_versione-avec-production-deau-sanitaire","10":"pa_versione-chauffage-seul","11":"sales-flash-overlay","12":"woocommerce-text-align-center","13":"woocommerce-image-align-center","14":"do-quantity-buttons","16":"first","17":"instock","18":"taxable","19":"shipping-taxable","20":"purchasable","21":"product-type-variable"},"acf":[],"_links":{"self":[{"href":"https:\/\/www.fokussrl.com\/fr\/wp-json\/wp\/v2\/product\/59461","targetHints":{"allow":["GET"]}}],"collection":[{"href":"https:\/\/www.fokussrl.com\/fr\/wp-json\/wp\/v2\/product"}],"about":[{"href":"https:\/\/www.fokussrl.com\/fr\/wp-json\/wp\/v2\/types\/product"}],"wp:featuredmedia":[{"embeddable":true,"href":"https:\/\/www.fokussrl.com\/fr\/wp-json\/wp\/v2\/media\/70786"}],"wp:attachment":[{"href":"https:\/\/www.fokussrl.com\/fr\/wp-json\/wp\/v2\/media?parent=59461"}],"wp:term":[{"taxonomy":"product_brand","embeddable":true,"href":"https:\/\/www.fokussrl.com\/fr\/wp-json\/wp\/v2\/product_brand?post=59461"},{"taxonomy":"product_cat","embeddable":true,"href":"https:\/\/www.fokussrl.com\/fr\/wp-json\/wp\/v2\/product_cat?post=59461"},{"taxonomy":"product_tag","embeddable":true,"href":"https:\/\/www.fokussrl.com\/fr\/wp-json\/wp\/v2\/product_tag?post=59461"}],"curies":[{"name":"wp","href":"https:\/\/api.w.org\/{rel}","templated":true}]}}