{"id":59481,"date":"2025-02-01T17:11:20","date_gmt":"2025-02-01T16:11:20","guid":{"rendered":"http:\/\/fokussrl.com\/prodotto\/cuisiniere-thermo-bois-storica-k-kp-top-29-kw\/"},"modified":"2026-01-13T08:37:58","modified_gmt":"2026-01-13T07:37:58","slug":"cuisiniere-thermo-bois-storica-k-kp-top-29-kw","status":"publish","type":"product","link":"https:\/\/www.fokussrl.com\/fr\/produit\/cuisiniere-thermo-bois-storica-k-kp-top-29-kw\/","title":{"rendered":"Cuisini\u00e8re thermo \u00e0 bois STORICA K &#8211; KP TOP 29 kW &#8211; Klover"},"content":{"rendered":"<p>Puissance calorifique nominale (bois)\u00a0: 16,3\u00a0kW<\/p>\n<p>Puissance calorifique nominale (eau)\u00a0: 8,4\u00a0kW<\/p>\n<p>Puissance calorifique nominale (ambiante)\u00a0: 5,9\u00a0kW<\/p>\n<p>Rendement\u00a0: 87,7\u00a0%<\/p>\n<p>Diam\u00e8tre de la sortie de fum\u00e9e\u00a0: 150\u00a0mm<\/p>\n<p>Surface de chauffe\u00a0: 160\u00a0m\u00b2<\/p>\n<p>Dimensions de la chambre de combustion (L\u00a0\u00d7\u00a0H\u00a0\u00d7\u00a0P)\u00a0: 260\u00a0\u00d7\u00a0400\u00a0\u00d7\u00a0440\u00a0mm<\/p>\n<p>Dimensions du four (L\u00a0\u00d7\u00a0H\u00a0\u00d7\u00a0P)\u00a0: 300\u00a0\u00d7\u00a0280\u00a0\u00d7\u00a0390\u00a0mm<\/p>\n<p>Poids\u00a0: 290\u00a0kg<\/p>\n","protected":false},"excerpt":{"rendered":"<p>La cuisini\u00e8re thermique KLOVER est une v\u00e9ritable chaudi\u00e8re \u00e0 bois con\u00e7ue pour chauffer toute votre maison tout en servant de cuisini\u00e8re \u00e9conomique.<\/p>\n<p>Avec une petite quantit\u00e9 de bois, vous pouvez chauffer rapidement tous les radiateurs de votre maison, diffusant une chaleur uniforme dans chaque pi\u00e8ce et fournissant de l&rsquo;eau chaude pour une famille enti\u00e8re.<\/p>\n<p>La plaque en fonte \u00e9maill\u00e9e radiante et le four de cuisson vous permettent de cuisiner et de r\u00e9chauffer des plats.<\/p>\n<p>Nos cuisini\u00e8res thermiques garantissent :<br \/>\n&#8211; Faible consommation de bois gr\u00e2ce \u00e0 une combustion et une exploitation des fum\u00e9es optimales;<br \/>\n&#8211; Rendement global sup\u00e9rieur \u00e0 80% gr\u00e2ce \u00e0 l&rsquo;utilisation de la chaleur g\u00e9n\u00e9r\u00e9e par la flamme et des fum\u00e9es d&rsquo;\u00e9chappement.<\/p>\n<p>&#8211; Syst\u00e8me SICURO TOP int\u00e9gr\u00e9 exclusif.<\/p>\n<p>&#8211; Plaque en fonte \u00e9maill\u00e9e anti-tache.<\/p>\n<p>&#8211; Circulateur \u00e9lectronique standard.<\/p>\n<p>&#8211; Centrale \u00e9lectronique standard pour la gestion du circulateur \/ sanitaire \/ chaudi\u00e8re associ\u00e9e.<\/p>\n<p>&#8211; Chambre de combustion avec levier de levage de grille.<\/p>\n<p>&#8211; Grand tiroir de rangement avec guides coulissants.<\/p>\n<p>&#8211; Portes en verre c\u00e9ramique haute temp\u00e9rature.<\/p>\n<p>&#8211; Poign\u00e9es ergonomiques en acier micro-fondu.<\/p>\n<p>&#8211; Allumeur pour d\u00e9marrage \u00e0 froid.<\/p>\n<p>&#8211; Grand tiroir de r\u00e9cup\u00e9ration de cendres.<\/p>\n<p>&#8211; Barre frontale.<\/p>\n","protected":false},"featured_media":57283,"template":"","meta":{"_acf_changed":false},"product_brand":[4820],"product_cat":[4613],"product_tag":[],"class_list":{"0":"post-59481","1":"product","2":"type-product","3":"status-publish","4":"has-post-thumbnail","6":"product_brand-klover-fr","7":"product_cat-cuisinieres-hydro-au-bois","8":"product_shipping_class-termocucine-a-legna-2","9":"pa_colore-argent-metallise","10":"pa_colore-bordeaux-fr","11":"pa_colore-forum-beige-fr","12":"pa_colore-ivoire","13":"pa_colore-noir-mat-plat","14":"pa_colore-saxum-fr","15":"pa_versione-avec-production-deau-sanitaire","16":"pa_versione-chauffage-seul","17":"sales-flash-overlay","18":"woocommerce-text-align-center","19":"woocommerce-image-align-center","20":"do-quantity-buttons","22":"first","23":"instock","24":"taxable","25":"shipping-taxable","26":"purchasable","27":"product-type-variable"},"acf":[],"_links":{"self":[{"href":"https:\/\/www.fokussrl.com\/fr\/wp-json\/wp\/v2\/product\/59481","targetHints":{"allow":["GET"]}}],"collection":[{"href":"https:\/\/www.fokussrl.com\/fr\/wp-json\/wp\/v2\/product"}],"about":[{"href":"https:\/\/www.fokussrl.com\/fr\/wp-json\/wp\/v2\/types\/product"}],"wp:featuredmedia":[{"embeddable":true,"href":"https:\/\/www.fokussrl.com\/fr\/wp-json\/wp\/v2\/media\/57283"}],"wp:attachment":[{"href":"https:\/\/www.fokussrl.com\/fr\/wp-json\/wp\/v2\/media?parent=59481"}],"wp:term":[{"taxonomy":"product_brand","embeddable":true,"href":"https:\/\/www.fokussrl.com\/fr\/wp-json\/wp\/v2\/product_brand?post=59481"},{"taxonomy":"product_cat","embeddable":true,"href":"https:\/\/www.fokussrl.com\/fr\/wp-json\/wp\/v2\/product_cat?post=59481"},{"taxonomy":"product_tag","embeddable":true,"href":"https:\/\/www.fokussrl.com\/fr\/wp-json\/wp\/v2\/product_tag?post=59481"}],"curies":[{"name":"wp","href":"https:\/\/api.w.org\/{rel}","templated":true}]}}