{"id":59494,"date":"2025-02-01T17:11:25","date_gmt":"2025-02-01T16:11:25","guid":{"rendered":"http:\/\/fokussrl.com\/prodotto\/cuisiniere-thermo-bois-storica-tsp-top-26-kw\/"},"modified":"2025-02-01T17:18:08","modified_gmt":"2025-02-01T16:18:08","slug":"cuisiniere-thermo-bois-storica-tsp-top-26-kw","status":"publish","type":"product","link":"https:\/\/www.fokussrl.com\/fr\/produit\/cuisiniere-thermo-bois-storica-tsp-top-26-kw\/","title":{"rendered":"Cuisini\u00e8re thermo \u00e0 bois STORICA TSP TOP 26 kW &#8211; Klover"},"content":{"rendered":"","protected":false},"excerpt":{"rendered":"<p>Cuisini\u00e8re thermique ligne SICURO TOP<\/p>\n<p>S\u00e9curit\u00e9 totale dans toutes les conditions d&rsquo;utilisation, car la pression \u00e0 l&rsquo;int\u00e9rieur du corps de la chaudi\u00e8re est nulle, \u00e9liminant ainsi tout risque d&rsquo;\u00e9bullition m\u00eame en l&rsquo;absence d&rsquo;\u00e9lectricit\u00e9.<\/p>\n<p>Absence totale de condensation pendant le fonctionnement normal, gr\u00e2ce \u00e0 des variations de temp\u00e9rature minimales \u00e0 l&rsquo;int\u00e9rieur du corps de la cuisine.<\/p>\n<p>Facilit\u00e9 d&rsquo;installation car le syst\u00e8me ne n\u00e9cessite pas de vase d&rsquo;expansion ouvert;<\/p>\n<p>\u00c9changeurs amovibles pour permettre leur remplacement en cas de d\u00e9faillance.<\/p>\n<p>Compatibilit\u00e9 totale avec toute chaudi\u00e8re, y compris les mod\u00e8les muraux.<\/p>\n<p>Corps de chaudi\u00e8re en acier \u00e9pais, garantissant qualit\u00e9 et durabilit\u00e9.<\/p>\n<p>Plaque sup\u00e9rieure en fonte \u00e9maill\u00e9e radiante.<\/p>\n<p>Verres c\u00e9ramiques r\u00e9sistants \u00e0 des temp\u00e9ratures de 850\u00b0C.<\/p>\n<p>Rev\u00eatement ext\u00e9rieur en fa\u00efence.<\/p>\n<p>Centrale \u00e9lectronique, circulateur de syst\u00e8me, clapet anti-retour et soupape de purge d&rsquo;air automatique inclus.<\/p \n\n","protected":false},"featured_media":57308,"template":"","meta":{"_acf_changed":false},"product_brand":[4820],"product_cat":[4613],"product_tag":[],"class_list":{"0":"post-59494","1":"product","2":"type-product","3":"status-publish","4":"has-post-thumbnail","6":"product_brand-klover-fr","7":"product_cat-cuisinieres-hydro-au-bois","8":"product_shipping_class-termocucine-a-legna-2","9":"pa_colore-argent-metallise","10":"pa_colore-bleu-ciel","11":"pa_colore-bordeaux-fr","12":"pa_colore-forum-beige-fr","13":"pa_colore-ocre-maya","14":"pa_colore-saxum-fr","15":"pa_versione-avec-production-deau-sanitaire","16":"pa_versione-chauffage-seul","17":"sales-flash-overlay","18":"woocommerce-text-align-center","19":"woocommerce-image-align-center","20":"do-quantity-buttons","22":"first","23":"instock","24":"taxable","25":"shipping-taxable","26":"purchasable","27":"product-type-variable"},"acf":[],"_links":{"self":[{"href":"https:\/\/www.fokussrl.com\/fr\/wp-json\/wp\/v2\/product\/59494","targetHints":{"allow":["GET"]}}],"collection":[{"href":"https:\/\/www.fokussrl.com\/fr\/wp-json\/wp\/v2\/product"}],"about":[{"href":"https:\/\/www.fokussrl.com\/fr\/wp-json\/wp\/v2\/types\/product"}],"wp:featuredmedia":[{"embeddable":true,"href":"https:\/\/www.fokussrl.com\/fr\/wp-json\/wp\/v2\/media\/57308"}],"wp:attachment":[{"href":"https:\/\/www.fokussrl.com\/fr\/wp-json\/wp\/v2\/media?parent=59494"}],"wp:term":[{"taxonomy":"product_brand","embeddable":true,"href":"https:\/\/www.fokussrl.com\/fr\/wp-json\/wp\/v2\/product_brand?post=59494"},{"taxonomy":"product_cat","embeddable":true,"href":"https:\/\/www.fokussrl.com\/fr\/wp-json\/wp\/v2\/product_cat?post=59494"},{"taxonomy":"product_tag","embeddable":true,"href":"https:\/\/www.fokussrl.com\/fr\/wp-json\/wp\/v2\/product_tag?post=59494"}],"curies":[{"name":"wp","href":"https:\/\/api.w.org\/{rel}","templated":true}]}}