{"id":59507,"date":"2025-02-01T17:11:25","date_gmt":"2025-02-01T16:11:25","guid":{"rendered":"http:\/\/fokussrl.com\/prodotto\/cuisiniere-thermo-bois-tepla\/"},"modified":"2025-02-01T17:18:12","modified_gmt":"2025-02-01T16:18:12","slug":"cuisiniere-thermo-bois-tepla","status":"publish","type":"product","link":"https:\/\/www.fokussrl.com\/fr\/produit\/cuisiniere-thermo-bois-tepla\/","title":{"rendered":"Cuisini\u00e8re thermo \u00e0 bois TEPLA &#8211; Magikal"},"content":{"rendered":"","protected":false},"excerpt":{"rendered":"<p>Tepla est un produit innovant dans le domaine des thermo-cuisini\u00e8res, avec un corps enti\u00e8rement en acier inoxydable et une garantie exceptionnelle de 10 ans. C&rsquo;est un atout tr\u00e8s attractif pour les consommateurs \u00e0 la recherche de qualit\u00e9 et de durabilit\u00e9 dans leur syst\u00e8me de chauffage. De plus, la promesse d&rsquo;une efficacit\u00e9 innovante sugg\u00e8re que Tepla offre des performances sup\u00e9rieures par rapport aux chaudi\u00e8res traditionnelles.<\/p>\n<p>L&rsquo;id\u00e9e d&rsquo;un produit multit\u00e2che combinant chauffage et capacit\u00e9 de cuisiner des repas d\u00e9licieux est vraiment s\u00e9duisante et attire ceux qui recherchent des solutions int\u00e9gr\u00e9es pour leur maison ou leur espace de vie.<\/p>\n<p>En r\u00e9sum\u00e9, Tepla offre une combinaison unique de technologie avanc\u00e9e, de design innovant et de fonctionnalit\u00e9s polyvalentes, r\u00e9pondant aux besoins d&rsquo;un large \u00e9ventail de consommateurs.<\/p>\n","protected":false},"featured_media":57329,"template":"","meta":{"_acf_changed":false},"product_brand":[4830],"product_cat":[4613],"product_tag":[],"class_list":{"0":"post-59507","1":"product","2":"type-product","3":"status-publish","4":"has-post-thumbnail","6":"product_brand-magikal-fr","7":"product_cat-cuisinieres-hydro-au-bois","8":"product_shipping_class-termocucine-a-legna-2","9":"pa_colore-beige-fr","10":"pa_colore-blanc-antique","11":"pa_colore-bordeaux-fr","12":"pa_colore-noir","13":"pa_colore-tabac","14":"pa_versione-avec-eau-chaude-sanitaire","15":"pa_versione-sans-eau-chaude-sanitaire","16":"sales-flash-overlay","17":"woocommerce-text-align-center","18":"woocommerce-image-align-center","19":"do-quantity-buttons","21":"first","22":"instock","23":"taxable","24":"shipping-taxable","25":"product-type-variable"},"acf":[],"_links":{"self":[{"href":"https:\/\/www.fokussrl.com\/fr\/wp-json\/wp\/v2\/product\/59507","targetHints":{"allow":["GET"]}}],"collection":[{"href":"https:\/\/www.fokussrl.com\/fr\/wp-json\/wp\/v2\/product"}],"about":[{"href":"https:\/\/www.fokussrl.com\/fr\/wp-json\/wp\/v2\/types\/product"}],"wp:featuredmedia":[{"embeddable":true,"href":"https:\/\/www.fokussrl.com\/fr\/wp-json\/wp\/v2\/media\/57329"}],"wp:attachment":[{"href":"https:\/\/www.fokussrl.com\/fr\/wp-json\/wp\/v2\/media?parent=59507"}],"wp:term":[{"taxonomy":"product_brand","embeddable":true,"href":"https:\/\/www.fokussrl.com\/fr\/wp-json\/wp\/v2\/product_brand?post=59507"},{"taxonomy":"product_cat","embeddable":true,"href":"https:\/\/www.fokussrl.com\/fr\/wp-json\/wp\/v2\/product_cat?post=59507"},{"taxonomy":"product_tag","embeddable":true,"href":"https:\/\/www.fokussrl.com\/fr\/wp-json\/wp\/v2\/product_tag?post=59507"}],"curies":[{"name":"wp","href":"https:\/\/api.w.org\/{rel}","templated":true}]}}