{"id":59535,"date":"2025-02-01T17:11:34","date_gmt":"2025-02-01T16:11:34","guid":{"rendered":"http:\/\/fokussrl.com\/prodotto\/cuisiniere-thermo-bois-ylenya\/"},"modified":"2025-02-01T17:18:20","modified_gmt":"2025-02-01T16:18:20","slug":"cuisiniere-thermo-bois-ylenya","status":"publish","type":"product","link":"https:\/\/www.fokussrl.com\/fr\/produit\/cuisiniere-thermo-bois-ylenya\/","title":{"rendered":"Cuisini\u00e8re thermo \u00e0 bois YLENYA &#8211; Magikal"},"content":{"rendered":"","protected":false},"excerpt":{"rendered":"<p>Ylenya repr\u00e9sente une combinaison unique de tradition et d&rsquo;innovation dans le domaine des thermo-cuisini\u00e8res. Sa cr\u00e9ation par Magikal a rencontr\u00e9 un grand succ\u00e8s tant aupr\u00e8s du public que des professionnels du secteur.<\/p>\n<p>La v\u00e9ritable innovation d&rsquo;Ylenya r\u00e9side dans son syst\u00e8me EST, un circuit auto-r\u00e9gul\u00e9 en acier inoxydable con\u00e7u et enti\u00e8rement fabriqu\u00e9 par Magikal. Ce syst\u00e8me \u00e9limine la n\u00e9cessit\u00e9 d&rsquo;installer un vase d&rsquo;expansion ouvert, permettant ainsi une connexion \u00e0 tout type de chaudi\u00e8re. Cette approche innovante simplifie non seulement le processus d&rsquo;installation, mais rend \u00e9galement Ylenya extr\u00eamement flexible et adapt\u00e9e \u00e0 une large gamme de configurations.<\/p>\n<p>Mais l&rsquo;innovation ne s&rsquo;arr\u00eate pas au syst\u00e8me EST. Le rev\u00eatement de la thermo-cuisini\u00e8re est enti\u00e8rement r\u00e9alis\u00e9 en fa\u00efence artisanale, avec une grande attention \u00e0 la qualit\u00e9 esth\u00e9tique. La fa\u00efence donne \u00e0 Ylenya une apparence distinctive et raffin\u00e9e, qui s&rsquo;int\u00e8gre parfaitement dans tout type d&rsquo;environnement domestique.<\/p>\n<p>En plus de son esth\u00e9tique attrayante, la thermo-cuisini\u00e8re Ylenya offre \u00e9galement des performances exceptionnelles. Dot\u00e9e d&rsquo;une grande surface de cuisson et d&rsquo;un four \u00e9maill\u00e9, elle peut g\u00e9rer la pr\u00e9paration d&rsquo;une large gamme de plats, r\u00e9pondant aux besoins de tous les types de cuisiniers, des d\u00e9butants aux chefs exp\u00e9riment\u00e9s.<\/p>\n<p>En conclusion, Ylenya se distingue comme un produit qui allie avec succ\u00e8s tradition et innovation, offrant non seulement un design captivant et une qualit\u00e9 de fabrication irr\u00e9prochable, mais aussi des performances de haut niveau r\u00e9pondant aux exigences des consommateurs les plus exigeants.<\/p>\n","protected":false},"featured_media":57417,"template":"","meta":{"_acf_changed":false},"product_brand":[4830],"product_cat":[4613],"product_tag":[],"class_list":{"0":"post-59535","1":"product","2":"type-product","3":"status-publish","4":"has-post-thumbnail","6":"product_brand-magikal-fr","7":"product_cat-cuisinieres-hydro-au-bois","8":"product_shipping_class-termocucine-a-legna-2","9":"pa_colore-beige-fr","10":"pa_colore-blanc-antique","11":"pa_colore-bordeaux-fr","12":"pa_colore-cuir","13":"pa_colore-rouge-cardinal","14":"pa_colore-tabac","15":"pa_colore-terre-des-lessini","16":"pa_colore-vert-des-berici","17":"pa_versione-avec-eau-chaude-sanitaire","18":"pa_versione-sans-eau-chaude-sanitaire","19":"sales-flash-overlay","20":"woocommerce-text-align-center","21":"woocommerce-image-align-center","22":"do-quantity-buttons","24":"first","25":"instock","26":"taxable","27":"shipping-taxable","28":"product-type-variable"},"acf":[],"_links":{"self":[{"href":"https:\/\/www.fokussrl.com\/fr\/wp-json\/wp\/v2\/product\/59535","targetHints":{"allow":["GET"]}}],"collection":[{"href":"https:\/\/www.fokussrl.com\/fr\/wp-json\/wp\/v2\/product"}],"about":[{"href":"https:\/\/www.fokussrl.com\/fr\/wp-json\/wp\/v2\/types\/product"}],"wp:featuredmedia":[{"embeddable":true,"href":"https:\/\/www.fokussrl.com\/fr\/wp-json\/wp\/v2\/media\/57417"}],"wp:attachment":[{"href":"https:\/\/www.fokussrl.com\/fr\/wp-json\/wp\/v2\/media?parent=59535"}],"wp:term":[{"taxonomy":"product_brand","embeddable":true,"href":"https:\/\/www.fokussrl.com\/fr\/wp-json\/wp\/v2\/product_brand?post=59535"},{"taxonomy":"product_cat","embeddable":true,"href":"https:\/\/www.fokussrl.com\/fr\/wp-json\/wp\/v2\/product_cat?post=59535"},{"taxonomy":"product_tag","embeddable":true,"href":"https:\/\/www.fokussrl.com\/fr\/wp-json\/wp\/v2\/product_tag?post=59535"}],"curies":[{"name":"wp","href":"https:\/\/api.w.org\/{rel}","templated":true}]}}