{"id":59555,"date":"2025-02-01T17:11:38","date_gmt":"2025-02-01T16:11:38","guid":{"rendered":"http:\/\/fokussrl.com\/prodotto\/cuisiniere-thermo-granules-smart-120-bt-25-2-kw\/"},"modified":"2025-02-01T17:18:22","modified_gmt":"2025-02-01T16:18:22","slug":"cuisiniere-thermo-granules-smart-120-bt-25-2-kw","status":"publish","type":"product","link":"https:\/\/www.fokussrl.com\/fr\/produit\/cuisiniere-thermo-granules-smart-120-bt-25-2-kw\/","title":{"rendered":"Cuisini\u00e8re thermo \u00e0 granul\u00e9s SMART 120 BT 25,2 kW &#8211; Klover"},"content":{"rendered":"","protected":false},"excerpt":{"rendered":"<p>La SMART 120 BT poss\u00e8de les m\u00eames caract\u00e9ristiques techniques que la SMART 120 contemporaine mais avec un look anglais traditionnel. Ses lignes \u00e9pur\u00e9es et \u00e9l\u00e9gantes la rendent adapt\u00e9e \u00e0 tous les environnements. Les couleurs disponibles sont cr\u00e8me, rouge et noir. Des couvercles thermor\u00e9sistants sont disponibles en option.<\/p>\n<p>Unique en son genre, <strong><em>Smart 120<\/em><\/strong> est la nouvelle thermo-cuisini\u00e8re \u00e0 granul\u00e9s de Klover. Le foyer, l&rsquo;\u00e9changeur sanitaire et le circuit des fum\u00e9es permettent d&rsquo;obtenir des rendements extr\u00eamement \u00e9lev\u00e9s pour le syst\u00e8me de chauffage, l&rsquo;eau chaude, la plaque de cuisson et le four. La finition en acier inoxydable satin\u00e9 la rend parfaitement adapt\u00e9e aux environnements classiques et modernes, valorisant votre maison.<br \/>\u00c9quip\u00e9e de tous les composants n\u00e9cessaires pour une int\u00e9gration facile au syst\u00e8me existant:<br \/>\u2022 Pompe de circulation<br \/>\u2022 Vase d&rsquo;expansion de 10 litres<br \/>\u2022 Soupape de s\u00e9curit\u00e9 r\u00e9gl\u00e9e \u00e0 2,5 bars<br \/>\u2022 Robinet de remplissage du syst\u00e8me<br \/>\u2022 Manom\u00e8tre de pression<br \/>\u2022 Unit\u00e9 de contr\u00f4le avec possibilit\u00e9 de commande via un thermostat d&rsquo;ambiance<br \/>\u2022 Option de commande avec une t\u00e9l\u00e9commande externe<\/p>\n","protected":false},"featured_media":57481,"template":"","meta":{"_acf_changed":false},"product_brand":[4820],"product_cat":[4614],"product_tag":[],"class_list":{"0":"post-59555","1":"product","2":"type-product","3":"status-publish","4":"has-post-thumbnail","6":"product_brand-klover-fr","7":"product_cat-cuisinieres-hydro-a-granules","8":"product_shipping_class-termocucine-a-pellet-2","9":"pa_colore-creme","10":"pa_colore-noir-mat-plat","11":"pa_colore-rouge-madrid","12":"pa_versione-avec-production-deau-sanitaire","13":"pa_versione-chauffage-seul","14":"sales-flash-overlay","15":"woocommerce-text-align-center","16":"woocommerce-image-align-center","17":"do-quantity-buttons","19":"first","20":"instock","21":"taxable","22":"shipping-taxable","23":"purchasable","24":"product-type-variable"},"acf":[],"_links":{"self":[{"href":"https:\/\/www.fokussrl.com\/fr\/wp-json\/wp\/v2\/product\/59555","targetHints":{"allow":["GET"]}}],"collection":[{"href":"https:\/\/www.fokussrl.com\/fr\/wp-json\/wp\/v2\/product"}],"about":[{"href":"https:\/\/www.fokussrl.com\/fr\/wp-json\/wp\/v2\/types\/product"}],"wp:featuredmedia":[{"embeddable":true,"href":"https:\/\/www.fokussrl.com\/fr\/wp-json\/wp\/v2\/media\/57481"}],"wp:attachment":[{"href":"https:\/\/www.fokussrl.com\/fr\/wp-json\/wp\/v2\/media?parent=59555"}],"wp:term":[{"taxonomy":"product_brand","embeddable":true,"href":"https:\/\/www.fokussrl.com\/fr\/wp-json\/wp\/v2\/product_brand?post=59555"},{"taxonomy":"product_cat","embeddable":true,"href":"https:\/\/www.fokussrl.com\/fr\/wp-json\/wp\/v2\/product_cat?post=59555"},{"taxonomy":"product_tag","embeddable":true,"href":"https:\/\/www.fokussrl.com\/fr\/wp-json\/wp\/v2\/product_tag?post=59555"}],"curies":[{"name":"wp","href":"https:\/\/api.w.org\/{rel}","templated":true}]}}