{"id":59598,"date":"2025-02-01T17:11:47","date_gmt":"2025-02-01T16:11:47","guid":{"rendered":"http:\/\/fokussrl.com\/prodotto\/poele-thermo-bois-belvedere-20\/"},"modified":"2025-02-01T17:18:33","modified_gmt":"2025-02-01T16:18:33","slug":"poele-thermo-bois-belvedere-20","status":"publish","type":"product","link":"https:\/\/www.fokussrl.com\/fr\/produit\/poele-thermo-bois-belvedere-20\/","title":{"rendered":"Po\u00eale thermo \u00e0 bois BELVEDERE 20 &#8211; Klover"},"content":{"rendered":"","protected":false},"excerpt":{"rendered":"<p>BELVEDERE 20 est une extraordinaire thermo-po\u00eale au design raffin\u00e9 et \u00e9l\u00e9gant, dot\u00e9e de caract\u00e9ristiques techniques uniques. La porte de la chambre de combustion est en verre c\u00e9ramique double avec une chambre d&rsquo;air interne pour \u00e9viter les br\u00fblures en cas de contact avec le verre. Elle est \u00e9quip\u00e9e de tous les composants hydrauliques n\u00e9cessaires \u00e0 l&rsquo;installation sur tout type de syst\u00e8me, du syst\u00e8me de s\u00e9curit\u00e9 SICURO top, d&rsquo;une vanne thermostatique pour l&rsquo;admission d&rsquo;air de combustion et d&rsquo;une grille de feu sp\u00e9ciale. Des maioliques de qualit\u00e9 d\u00e9cor\u00e9es \u00e0 la main enrichissent et compl\u00e8tent son design.<\/p>\n","protected":false},"featured_media":57556,"template":"","meta":{"_acf_changed":false},"product_brand":[4820],"product_cat":[4616],"product_tag":[],"class_list":{"0":"post-59598","1":"product","2":"type-product","3":"status-publish","4":"has-post-thumbnail","6":"product_brand-klover-fr","7":"product_cat-poeles-hydro-au-bois","8":"product_shipping_class-termostufe-a-legna-2-2","9":"pa_colore-bordeaux-fr","10":"pa_colore-ivoire","11":"pa_colore-noir-mat-plat","12":"pa_colore-terre-de-sienne","13":"pa_versione-avec-production-deau-sanitaire","14":"pa_versione-sans-kit-hydraulique","15":"sales-flash-overlay","16":"woocommerce-text-align-center","17":"woocommerce-image-align-center","18":"do-quantity-buttons","20":"first","21":"instock","22":"taxable","23":"shipping-taxable","24":"purchasable","25":"product-type-variable"},"acf":[],"_links":{"self":[{"href":"https:\/\/www.fokussrl.com\/fr\/wp-json\/wp\/v2\/product\/59598","targetHints":{"allow":["GET"]}}],"collection":[{"href":"https:\/\/www.fokussrl.com\/fr\/wp-json\/wp\/v2\/product"}],"about":[{"href":"https:\/\/www.fokussrl.com\/fr\/wp-json\/wp\/v2\/types\/product"}],"wp:featuredmedia":[{"embeddable":true,"href":"https:\/\/www.fokussrl.com\/fr\/wp-json\/wp\/v2\/media\/57556"}],"wp:attachment":[{"href":"https:\/\/www.fokussrl.com\/fr\/wp-json\/wp\/v2\/media?parent=59598"}],"wp:term":[{"taxonomy":"product_brand","embeddable":true,"href":"https:\/\/www.fokussrl.com\/fr\/wp-json\/wp\/v2\/product_brand?post=59598"},{"taxonomy":"product_cat","embeddable":true,"href":"https:\/\/www.fokussrl.com\/fr\/wp-json\/wp\/v2\/product_cat?post=59598"},{"taxonomy":"product_tag","embeddable":true,"href":"https:\/\/www.fokussrl.com\/fr\/wp-json\/wp\/v2\/product_tag?post=59598"}],"curies":[{"name":"wp","href":"https:\/\/api.w.org\/{rel}","templated":true}]}}