{"id":59607,"date":"2025-02-01T17:11:47","date_gmt":"2025-02-01T16:11:47","guid":{"rendered":"http:\/\/fokussrl.com\/prodotto\/poele-thermo-bois-belvedere-30\/"},"modified":"2025-02-01T17:18:36","modified_gmt":"2025-02-01T16:18:36","slug":"poele-thermo-bois-belvedere-30","status":"publish","type":"product","link":"https:\/\/www.fokussrl.com\/fr\/produit\/poele-thermo-bois-belvedere-30\/","title":{"rendered":"Po\u00eale thermo \u00e0 bois BELVEDERE 30 &#8211; Klover"},"content":{"rendered":"","protected":false},"excerpt":{"rendered":"<p>S\u00c9CURIT\u00c9 TOTALE. La Nuova Belvedere fonctionne \u00e0 pression z\u00e9ro, ce qui garantit qu&rsquo;en cas de coupure de courant, il n&rsquo;y a aucun risque d&rsquo;\u00e9bullition potentielle, contrairement aux autres produits actuellement sur le march\u00e9.<\/p>\n<p>RENDEMENT GLOBAL EXCEPTIONNEL. La Nuova Belvedere utilise pleinement la chaleur des gaz de combustion, en plus de celle produite par le feu, atteignant ainsi une efficacit\u00e9 extraordinaire. La post-combustion, d\u00e9clench\u00e9e par des prises d&rsquo;air sp\u00e9cifiques situ\u00e9es sur les c\u00f4t\u00e9s du brasier, garantit de faibles \u00e9missions dans l&rsquo;atmosph\u00e8re.<\/p>\n<p>HAUT RENDEMENT POUR LE SYST\u00c8ME. L&rsquo;utilisation compl\u00e8te des flammes et des gaz de combustion, rendue possible par un chemin de fum\u00e9e sp\u00e9cial et la taille consid\u00e9rable des \u00e9l\u00e9ments d&rsquo;\u00e9change thermique, assure un transfert de chaleur maximal \u00e0 l&rsquo;eau du syst\u00e8me de chauffage.<\/p>\n<p>PRODUCTION D&rsquo;EAU CHAUDE SANITAIRE IMPORTANTE. L&rsquo;\u00e9changeur de chaleur destin\u00e9 \u00e0 la production d&rsquo;eau chaude sanitaire est de grande taille et est install\u00e9 \u00e0 l&rsquo;endroit o\u00f9 l&rsquo;eau atteint sa temp\u00e9rature la plus \u00e9lev\u00e9e, garantissant suffisamment d&rsquo;eau chaude pour une famille enti\u00e8re.<\/p>\n<p>CONSOMMATION DE BOIS R\u00c9DUITE. En maximisant la chaleur g\u00e9n\u00e9r\u00e9e par la combustion, nous avons r\u00e9duit au minimum la consommation de bois, offrant ainsi des \u00e9conomies \u00e9conomiques significatives par rapport aux autres combustibles actuellement utilis\u00e9s.<\/p>\n<p>ABSENCE TOTALE DE CONDENSATION. Lors du fonctionnement normal, contrairement \u00e0 tout autre produit, il n&rsquo;y a absolument aucune condensation dans le corps de la chaudi\u00e8re, car les variations de temp\u00e9rature sont minimes. Ceci est une caract\u00e9ristique distinctive du syst\u00e8me SICURO top.<\/p>\n<p>INSTALLATION FACILE. La Nuova Belvedere ne n\u00e9cessite pas de vase d&rsquo;expansion ouvert dans le syst\u00e8me ni de composants hydrauliques. Aucun espace technique ou compartiment n&rsquo;a besoin d&rsquo;\u00eatre cr\u00e9\u00e9, car le po\u00eale thermique est livr\u00e9 avec tous les composants hydrauliques n\u00e9cessaires d\u00e9j\u00e0 install\u00e9s en standard. L&rsquo;installation par le plombier est donc extr\u00eamement simple.<\/p>\n<p>\u00c9CHANGEURS DE CHALEUR AMOVIBLES. Le &lsquo;c\u0153ur&rsquo; de la thermocuisini\u00e8re, les deux \u00e9changeurs en acier inoxydable install\u00e9s dans la cuve sup\u00e9rieure en acier inoxydable, sont amovibles pour permettre leur remplacement en cas de dysfonctionnement.<\/p>\n<p>PROTECTION GALVANIQUE. Gr\u00e2ce \u00e0 son anode sp\u00e9ciale en magn\u00e9sium, sp\u00e9cifiquement con\u00e7ue pour la thermocuisini\u00e8re, le corps de la chaudi\u00e8re et les \u00e9changeurs en acier inoxydable sont prot\u00e9g\u00e9s contre les courants vagabonds et la corrosion galvanique \u00e9ventuelle.<\/p>\n<p>COMPATIBILIT\u00c9 TOTALE. La Nuova Belvedere, gr\u00e2ce \u00e0 son syst\u00e8me SICURO top, est compatible avec toute chaudi\u00e8re, y compris les mod\u00e8les muraux \u00e0 gaz.<\/p>\n<p>FACILE \u00c0 INSTALLER. Tous les composants hydrauliques n\u00e9cessaires \u00e0 une installation correcte dans votre syst\u00e8me sont d\u00e9j\u00e0 mont\u00e9s sur la thermocuisini\u00e8re. Le compartiment de raccordement de la Nuova Belvedere est accessible depuis l&rsquo;int\u00e9rieur de la chambre de combustion; il suffit de retirer la plaque \u00e0 feu, le tiroir \u00e0 cendres et la plaque de fermeture inf\u00e9rieure. Cela permet de placer facilement la thermocuisini\u00e8re pr\u00e8s du mur, l&rsquo;int\u00e9grant harmonieusement dans votre maison. L&rsquo;ouverture du panneau de raccordement permet de v\u00e9rifier la pompe, la soupape de s\u00e9curit\u00e9 et la pression du syst\u00e8me via le manom\u00e8tre. Vous pouvez \u00e9galement remplir le syst\u00e8me ou vidanger toute l&rsquo;eau du corps de la chaudi\u00e8re \u00e0 l&rsquo;aide de la vanne de vidange d\u00e9di\u00e9e, du registre de fum\u00e9e primaire automatique et du registre de fum\u00e9e secondaire manuel.<\/p>\n<p>TOUT INCLUS. L&rsquo;\u00e9quipement standard comprend : Syst\u00e8me Sicuro Top, unit\u00e9 de contr\u00f4le \u00e9lectronique, circulateur du syst\u00e8me, vase d&rsquo;expansion ferm\u00e9, soupape de s\u00e9curit\u00e9, groupe de chargement du syst\u00e8me, groupe de chargement de la chaudi\u00e8re, manom\u00e8tre, soupape de purge d&rsquo;air, clapet anti-retour, vanne de vidange de chaudi\u00e8re, registre de fum\u00e9e primaire automatique, registre de fum\u00e9e secondaire manuel.<\/p>\n<p>VERRE C\u00c9RAMIQUE. Le verre de la porte du foyer est en verre c\u00e9ramique r\u00e9sistant \u00e0 des temp\u00e9ratures allant jusqu&rsquo;\u00e0 850 \u00b0C.<\/p>\n<p>REV\u00caTEMENT EN MAJOLIQUE. Raffin\u00e9 et \u00e9l\u00e9gant, con\u00e7u avec une attention minutieuse aux d\u00e9tails, recouvert de majolique de qualit\u00e9, fabriqu\u00e9e et d\u00e9cor\u00e9e \u00e0 la main par des ma\u00eetres artisans.<\/p>\n<p>CORPS DE CHAUDI\u00c8RE EN ACIER. Le corps de la chaudi\u00e8re est en acier \u00e9pais, garantissant qualit\u00e9 et durabilit\u00e9 dans le temps. L&rsquo;unit\u00e9 de contr\u00f4le \u00e9lectronique comprend : Thermom\u00e8tre num\u00e9rique pour la temp\u00e9rature de l&rsquo;eau. Thermostat de la pompe pour contr\u00f4ler le d\u00e9marrage du circulateur du syst\u00e8me. Thermostat de la vanne pour contr\u00f4ler la vanne motoris\u00e9e \u00e0 trois voies install\u00e9e sur le syst\u00e8me d&rsquo;eau chaude sanitaire. Thermostat auxiliaire pour \u00e9teindre une chaudi\u00e8re associ\u00e9e lorsque l&rsquo;appareil est en fonctionnement. Thermostat de service pour contr\u00f4ler une pompe auxiliaire ou une vanne \u00e9lectromagn\u00e9tique. Alarme sonore pour signaler une condition de surchauffe. LED du capteur de niveau pour indiquer un niveau d&rsquo;eau insuffisant dans le corps de la chaudi\u00e8re.<\/p>\n<p>SICURO TOP. Une fonction \u201csanitaire\u201d temporis\u00e9e d\u00e9sactive temporairement le circulateur du syst\u00e8me pour diriger toute la puissance \u00e0 la production d&rsquo;eau chaude sanitaire.<\/p>\n","protected":false},"featured_media":57585,"template":"","meta":{"_acf_changed":false},"product_brand":[4820],"product_cat":[4616],"product_tag":[],"class_list":{"0":"post-59607","1":"product","2":"type-product","3":"status-publish","4":"has-post-thumbnail","6":"product_brand-klover-fr","7":"product_cat-poeles-hydro-au-bois","8":"product_shipping_class-termostufe-a-legna-2-2","9":"pa_colore-bordeaux-fr","10":"pa_colore-ivoire","11":"pa_colore-noir-mat-plat","12":"pa_colore-terre-de-sienne","13":"pa_versione-avec-production-deau-sanitaire","14":"pa_versione-sans-kit-hydraulique","15":"sales-flash-overlay","16":"woocommerce-text-align-center","17":"woocommerce-image-align-center","18":"do-quantity-buttons","20":"first","21":"instock","22":"taxable","23":"shipping-taxable","24":"purchasable","25":"product-type-variable"},"acf":[],"_links":{"self":[{"href":"https:\/\/www.fokussrl.com\/fr\/wp-json\/wp\/v2\/product\/59607","targetHints":{"allow":["GET"]}}],"collection":[{"href":"https:\/\/www.fokussrl.com\/fr\/wp-json\/wp\/v2\/product"}],"about":[{"href":"https:\/\/www.fokussrl.com\/fr\/wp-json\/wp\/v2\/types\/product"}],"wp:featuredmedia":[{"embeddable":true,"href":"https:\/\/www.fokussrl.com\/fr\/wp-json\/wp\/v2\/media\/57585"}],"wp:attachment":[{"href":"https:\/\/www.fokussrl.com\/fr\/wp-json\/wp\/v2\/media?parent=59607"}],"wp:term":[{"taxonomy":"product_brand","embeddable":true,"href":"https:\/\/www.fokussrl.com\/fr\/wp-json\/wp\/v2\/product_brand?post=59607"},{"taxonomy":"product_cat","embeddable":true,"href":"https:\/\/www.fokussrl.com\/fr\/wp-json\/wp\/v2\/product_cat?post=59607"},{"taxonomy":"product_tag","embeddable":true,"href":"https:\/\/www.fokussrl.com\/fr\/wp-json\/wp\/v2\/product_tag?post=59607"}],"curies":[{"name":"wp","href":"https:\/\/api.w.org\/{rel}","templated":true}]}}