{"id":59633,"date":"2025-02-01T17:11:57","date_gmt":"2025-02-01T16:11:57","guid":{"rendered":"http:\/\/fokussrl.com\/prodotto\/poele-thermo-bois-sofia-plus-avec-four\/"},"modified":"2025-02-01T17:18:44","modified_gmt":"2025-02-01T16:18:44","slug":"poele-thermo-bois-sofia-plus-avec-four","status":"publish","type":"product","link":"https:\/\/www.fokussrl.com\/fr\/produit\/poele-thermo-bois-sofia-plus-avec-four\/","title":{"rendered":"Po\u00eale thermo \u00e0 bois SOFIA PLUS avec four &#8211; Ugo Cadel"},"content":{"rendered":"","protected":false},"excerpt":{"rendered":"<p>Cette po\u00eale thermique moderne, \u00e9quip\u00e9e d&rsquo;un four pour red\u00e9couvrir les saveurs naturelles, est leader de sa cat\u00e9gorie gr\u00e2ce \u00e0 ses \u00e9missions de CO extr\u00eamement faibles et \u00e0 sa faible consommation.<\/p>\n<p>\u00c9MISSIONS Chauffer votre maison avec la po\u00eale thermique \u00e0 bois Sofia Plus est d\u00e9sormais une solution respectueuse de l&rsquo;environnement. Les \u00e9missions de la moderne SOFIA PLUS sont incroyablement faibles, \u00e0 seulement 0,0442 % de CO. Elle est reconnue comme la premi\u00e8re po\u00eale de cuisson certifi\u00e9e 5 \u00e9toiles avec la note la plus \u00e9lev\u00e9e. Cette performance exceptionnelle garantit la contribution maximale de l&rsquo;\u00c9tat pour l&rsquo;incitation Conto Termico 2.0.<\/p>\n<p>CHAMBRE DE COMBUSTION KERAMFIRE\u00ae est une chambre de combustion sp\u00e9cialement con\u00e7ue et rev\u00eatue d&rsquo;un mat\u00e9riau r\u00e9fractaire \u00e0 haute capacit\u00e9 de stockage thermique, capable de r\u00e9sister \u00e0 des temp\u00e9ratures \u00e9lev\u00e9es jusqu&rsquo;\u00e0 1250\u00b0C et aux chocs thermiques. Elle est con\u00e7ue pour atteindre une performance optimale, tant en combustion qu&rsquo;en stockage de chaleur, fournissant de la chaleur m\u00eame des heures apr\u00e8s l&rsquo;extinction du feu.<\/p>\n<p>RENDEMENT Les r\u00e9sultats sont tout simplement impressionnants, avec : Puissance thermique nominale totale : 16,3 kW Puissance thermique transmise \u00e0 l&rsquo;eau : 11,4 kW Puissance thermique transmise \u00e0 l&rsquo;air : 4,9 kW Rendement : 85,2 % Elle est \u00e9tablie comme la po\u00eale thermique la plus puissante du march\u00e9.<\/p>\n<p>QUALIT\u00c9 TOUTE ITALIENNE La tradition, associ\u00e9e au choix de mat\u00e9riaux d&rsquo;excellence, constitue l&rsquo;\u00e2me du Made in Italy. Depuis plus de 50 ans, nous fabriquons avec l&rsquo;excellence de l&rsquo;artisanat, nous distinguant par des produits leaders.<\/p>\n<p>TRADITION ET VOLUME<\/p>\n<p>Dimensions du four LxHxP (mm) 338x347x435 en acier inoxydable<\/p>\n<p>Grille r\u00e9glable en 4 positions pour po\u00eale thermique \u00e0 bois<\/p>\n<p>Plaque en pierre pour la cuisson des aliments dans une po\u00eale thermique \u00e0 bois<\/p>\n<p>Id\u00e9al pour cuisiner une grande vari\u00e9t\u00e9 de plats<\/p>\n<p>CHAMBRE \u00c9TANCHE CERTIFI\u00c9E<\/p>\n<p>La chambre \u00e9tanche se caract\u00e9rise par une chambre de combustion herm\u00e9tiquement ferm\u00e9e, sans aucun contact avec l&rsquo;environnement environnant, garantissant qu&rsquo;aucun gaz dangereux ou nocif n&rsquo;entre dans l&rsquo;espace de vie. La prise d&rsquo;air arri\u00e8re de la po\u00eale thermique pr\u00e9l\u00e8ve l&rsquo;air de l&rsquo;ext\u00e9rieur, le pr\u00e9chauffe via des cavit\u00e9s et l&rsquo;introduit dans le circuit de combustion. Cela garantit une combustion optimale, br\u00fblant les gaz non combustibles et r\u00e9duisant les \u00e9missions de CO.<\/p>\n<p>RACCORDEMENTS HYDRAULIQUES<\/p>\n<p>La po\u00eale thermique SOFIA PLUS est con\u00e7ue pour une installation en vase clos (\u00e9galement connectable \u00e0 un vase ouvert) et peut \u00eatre int\u00e9gr\u00e9e avec des kits hydrauliques sp\u00e9cifiques sur demande pour faciliter son raccordement au syst\u00e8me de chauffage.<\/p>\n<p>Trois variantes de kit sont disponibles : Version avec groupe de recirculation thermostatique Version avec kit hydraulique sans production d&rsquo;eau chaude sanitaire Version avec kit hydraulique avec production d&rsquo;eau chaude sanitaire<\/p>\n<p>\u00c9MISSIONS \u00c0 partir d&rsquo;aujourd&rsquo;hui, chauffer votre maison avec un po\u00eale thermique \u00e0 bois est une solution respectueuse de l&rsquo;environnement. Les \u00e9missions du moderne SOFIA PLUS sont extr\u00eamement faibles, seulement 0,0442 % de CO. Il se classe comme le premier po\u00eale thermique avec four de cuisson certifi\u00e9 5 \u00e9toiles et avec le score maximum. Cette performance, v\u00e9ritable leader de sa cat\u00e9gorie, garantit que la contribution de l&rsquo;\u00c9tat pour le Conto Termico 2.0 est la plus \u00e9lev\u00e9e possible.<\/p>\n<p>CHAMBRE DE COMBUSTION KERAMFIRE\u00ae Il s&rsquo;agit d&rsquo;une chambre de combustion con\u00e7ue et con\u00e7ue avec pr\u00e9cision, doubl\u00e9e d&rsquo;un mat\u00e9riau r\u00e9fractaire \u00e0 haute capacit\u00e9 de stockage thermique, capable de r\u00e9sister \u00e0 des temp\u00e9ratures \u00e9lev\u00e9es de 1250\u00b0C et aux chocs thermiques. Con\u00e7u pour atteindre les meilleures performances, tant en combustion qu&rsquo;en stockage de chaleur, restituant la chaleur m\u00eame de nombreuses heures apr\u00e8s l&rsquo;extinction du feu.<\/p>\n<p>PERFORMANCES Elles sont tout simplement \u00e9tonnantes, avec : Puissance thermique nominale totale : 16,3 kW Puissance thermique transmise \u00e0 l&rsquo;eau : 11,4 kW Puissance thermique transmise \u00e0 l&rsquo;environnement : 4,9 kW Rendement : 85,2 % Il se distingue comme le po\u00eale thermique le plus puissant du march\u00e9.<\/p>\n","protected":false},"featured_media":57659,"template":"","meta":{"_acf_changed":false},"product_brand":[4840],"product_cat":[4616],"product_tag":[],"class_list":{"0":"post-59633","1":"product","2":"type-product","3":"status-publish","4":"has-post-thumbnail","6":"product_brand-ugo-cadel-fr","7":"product_cat-poeles-hydro-au-bois","8":"product_shipping_class-termostufe-a-legna-2-2","9":"pa_colore-beige-fr","10":"pa_colore-blanc","11":"pa_colore-bordeaux-fr","12":"pa_colore-gris","13":"pa_colore-gris-beige","14":"pa_colore-gris-bordeaux","15":"pa_colore-gris-serpentine","16":"pa_colore-ollaire","17":"pa_versione-avec-kit-de-recirculation-thermostatique-sans-ecs","18":"pa_versione-sans-kit-hydraulique","19":"sales-flash-overlay","20":"woocommerce-text-align-center","21":"woocommerce-image-align-center","22":"do-quantity-buttons","24":"first","25":"instock","26":"taxable","27":"shipping-taxable","28":"purchasable","29":"product-type-variable"},"acf":[],"_links":{"self":[{"href":"https:\/\/www.fokussrl.com\/fr\/wp-json\/wp\/v2\/product\/59633","targetHints":{"allow":["GET"]}}],"collection":[{"href":"https:\/\/www.fokussrl.com\/fr\/wp-json\/wp\/v2\/product"}],"about":[{"href":"https:\/\/www.fokussrl.com\/fr\/wp-json\/wp\/v2\/types\/product"}],"wp:featuredmedia":[{"embeddable":true,"href":"https:\/\/www.fokussrl.com\/fr\/wp-json\/wp\/v2\/media\/57659"}],"wp:attachment":[{"href":"https:\/\/www.fokussrl.com\/fr\/wp-json\/wp\/v2\/media?parent=59633"}],"wp:term":[{"taxonomy":"product_brand","embeddable":true,"href":"https:\/\/www.fokussrl.com\/fr\/wp-json\/wp\/v2\/product_brand?post=59633"},{"taxonomy":"product_cat","embeddable":true,"href":"https:\/\/www.fokussrl.com\/fr\/wp-json\/wp\/v2\/product_cat?post=59633"},{"taxonomy":"product_tag","embeddable":true,"href":"https:\/\/www.fokussrl.com\/fr\/wp-json\/wp\/v2\/product_tag?post=59633"}],"curies":[{"name":"wp","href":"https:\/\/api.w.org\/{rel}","templated":true}]}}