{"id":59650,"date":"2025-02-01T17:11:57","date_gmt":"2025-02-01T16:11:57","guid":{"rendered":"http:\/\/fokussrl.com\/prodotto\/poele-thermo-granules-angulaire-atena-sortie-sup\/"},"modified":"2025-02-01T17:18:48","modified_gmt":"2025-02-01T16:18:48","slug":"poele-thermo-granules-angulaire-atena-sortie-sup","status":"publish","type":"product","link":"https:\/\/www.fokussrl.com\/fr\/produit\/poele-thermo-granules-angulaire-atena-sortie-sup\/","title":{"rendered":"Po\u00eale thermo \u00e0 granul\u00e9s angulaire ATENA avec sortie sup. &#8211; Phebo Stufe"},"content":{"rendered":"","protected":false},"excerpt":{"rendered":"<p>Le po\u00eale thermique Atena transmet la chaleur du feu au syst\u00e8me de chauffage de toute la maison. Design \u00e9l\u00e9gant, rev\u00eatement en c\u00e9ramique, r\u00e9chauffe uniform\u00e9ment votre maison avec une touche de classe.<\/p>\n<p>Programmation hebdomadaire et quotidienne<br \/>Rev\u00eatement en c\u00e9ramique<br \/>Sortie de fum\u00e9e sup\u00e9rieure<br \/>Brasero en fonte<br \/>Tiroir \u00e0 cendres<\/p>\n<p>Couleurs c\u00e9ramique disponibles : blanc, ivoire, rouge, noir, blanc d\u00e9cor\u00e9 et ivoire d\u00e9cor\u00e9.<br \/>Optionnel : t\u00e9l\u00e9commande, module Wi-Fi.<\/p>\n","protected":false},"featured_media":57716,"template":"","meta":{"_acf_changed":false},"product_brand":[4835],"product_cat":[4617],"product_tag":[],"class_list":{"0":"post-59650","1":"product","2":"type-product","3":"status-publish","4":"has-post-thumbnail","6":"product_brand-phebo-stufe-fr","7":"product_cat-poeles-hydro-a-granules","8":"product_shipping_class-termostufe-a-pellet-2","9":"pa_colore-blanc","10":"pa_colore-blanc-decor","11":"pa_colore-bordeaux-fr","12":"pa_colore-ivoire","13":"pa_colore-ivoire-decor","14":"pa_colore-noir","15":"pa_potenza-14-kw-fr","16":"pa_potenza-18-kw-fr","17":"sales-flash-overlay","18":"woocommerce-text-align-center","19":"woocommerce-image-align-center","20":"do-quantity-buttons","22":"first","23":"instock","24":"taxable","25":"shipping-taxable","26":"product-type-variable"},"acf":[],"_links":{"self":[{"href":"https:\/\/www.fokussrl.com\/fr\/wp-json\/wp\/v2\/product\/59650","targetHints":{"allow":["GET"]}}],"collection":[{"href":"https:\/\/www.fokussrl.com\/fr\/wp-json\/wp\/v2\/product"}],"about":[{"href":"https:\/\/www.fokussrl.com\/fr\/wp-json\/wp\/v2\/types\/product"}],"wp:featuredmedia":[{"embeddable":true,"href":"https:\/\/www.fokussrl.com\/fr\/wp-json\/wp\/v2\/media\/57716"}],"wp:attachment":[{"href":"https:\/\/www.fokussrl.com\/fr\/wp-json\/wp\/v2\/media?parent=59650"}],"wp:term":[{"taxonomy":"product_brand","embeddable":true,"href":"https:\/\/www.fokussrl.com\/fr\/wp-json\/wp\/v2\/product_brand?post=59650"},{"taxonomy":"product_cat","embeddable":true,"href":"https:\/\/www.fokussrl.com\/fr\/wp-json\/wp\/v2\/product_cat?post=59650"},{"taxonomy":"product_tag","embeddable":true,"href":"https:\/\/www.fokussrl.com\/fr\/wp-json\/wp\/v2\/product_tag?post=59650"}],"curies":[{"name":"wp","href":"https:\/\/api.w.org\/{rel}","templated":true}]}}