{"id":59663,"date":"2025-02-01T17:12:01","date_gmt":"2025-02-01T16:12:01","guid":{"rendered":"http:\/\/fokussrl.com\/prodotto\/poele-thermo-granules-ventilee-nux-idro\/"},"modified":"2025-02-01T17:18:57","modified_gmt":"2025-02-01T16:18:57","slug":"poele-thermo-granules-ventilee-nux-idro","status":"publish","type":"product","link":"https:\/\/www.fokussrl.com\/fr\/produit\/poele-thermo-granules-ventilee-nux-idro\/","title":{"rendered":"Po\u00eale thermo \u00e0 granul\u00e9s ventil\u00e9e NUX IDRO &#8211; Kalor"},"content":{"rendered":"","protected":false},"excerpt":{"rendered":"<p>Ce produit combine une efficacit\u00e9 extr\u00eamement \u00e9lev\u00e9e \u00e0 un design attrayant.<\/p>\n<p>Il est dot\u00e9 d\u2019un verre \u201cMagic\u201d qui met en valeur la flamme tout en rendant le produit adapt\u00e9 \u00e0 tout type de d\u00e9coration int\u00e9rieure.<\/p>\n<p>Tous les po\u00eales thermiques, sauf le Mod. 17, peuvent \u00eatre \u00e9quip\u00e9s, sur demande, d\u2019un kit pour la production d\u2019eau chaude sanitaire.<\/p>\n<p>Verre magique<\/p>\n<p>Double porte<\/p>\n<p>Ventilation frontale<\/p>\n<p>Brasero en fonte<\/p>\n<p>Auto-nettoyant avec brasero en acier<\/p>\n","protected":false},"featured_media":57753,"template":"","meta":{"_acf_changed":false},"product_brand":[4818],"product_cat":[4617],"product_tag":[],"class_list":{"0":"post-59663","1":"product","2":"type-product","3":"status-publish","4":"has-post-thumbnail","6":"product_brand-kalor-fr","7":"product_cat-poeles-hydro-a-granules","8":"product_shipping_class-termostufe-a-pellet-2","9":"pa_colore-anthracite-fr","10":"pa_colore-blanc","11":"pa_colore-bordeaux-fr","12":"pa_potenza-17-kw-fr","13":"pa_potenza-20-kw-fr","14":"pa_potenza-24-kw-fr","15":"pa_potenza-28-kw-fr","16":"pa_potenza-32-kw-fr","17":"pa_versione-avec-brasero-autonettoyant","18":"pa_versione-sans-brasero-autonettoyant","19":"sales-flash-overlay","20":"woocommerce-text-align-center","21":"woocommerce-image-align-center","22":"do-quantity-buttons","24":"first","25":"instock","26":"taxable","27":"shipping-taxable","28":"product-type-variable"},"acf":[],"_links":{"self":[{"href":"https:\/\/www.fokussrl.com\/fr\/wp-json\/wp\/v2\/product\/59663","targetHints":{"allow":["GET"]}}],"collection":[{"href":"https:\/\/www.fokussrl.com\/fr\/wp-json\/wp\/v2\/product"}],"about":[{"href":"https:\/\/www.fokussrl.com\/fr\/wp-json\/wp\/v2\/types\/product"}],"wp:featuredmedia":[{"embeddable":true,"href":"https:\/\/www.fokussrl.com\/fr\/wp-json\/wp\/v2\/media\/57753"}],"wp:attachment":[{"href":"https:\/\/www.fokussrl.com\/fr\/wp-json\/wp\/v2\/media?parent=59663"}],"wp:term":[{"taxonomy":"product_brand","embeddable":true,"href":"https:\/\/www.fokussrl.com\/fr\/wp-json\/wp\/v2\/product_brand?post=59663"},{"taxonomy":"product_cat","embeddable":true,"href":"https:\/\/www.fokussrl.com\/fr\/wp-json\/wp\/v2\/product_cat?post=59663"},{"taxonomy":"product_tag","embeddable":true,"href":"https:\/\/www.fokussrl.com\/fr\/wp-json\/wp\/v2\/product_tag?post=59663"}],"curies":[{"name":"wp","href":"https:\/\/api.w.org\/{rel}","templated":true}]}}