{"id":59694,"date":"2025-02-01T17:12:12","date_gmt":"2025-02-01T16:12:12","guid":{"rendered":"http:\/\/fokussrl.com\/prodotto\/poele-thermo-ventilee-granules-garda\/"},"modified":"2025-02-01T17:19:02","modified_gmt":"2025-02-01T16:19:02","slug":"poele-thermo-ventilee-granules-garda","status":"publish","type":"product","link":"https:\/\/www.fokussrl.com\/fr\/produit\/poele-thermo-ventilee-granules-garda\/","title":{"rendered":"Po\u00eale thermo ventil\u00e9e \u00e0 granul\u00e9s GARDA &#8211; Magikal"},"content":{"rendered":"","protected":false},"excerpt":{"rendered":"<p>Chaque po\u00eale \u00e0 granul\u00e9s Magikal a \u00e9t\u00e9 con\u00e7u avec soin pour garantir un fonctionnement impeccable, offrant des d\u00e9tails pens\u00e9s pour r\u00e9pondre \u00e0 vos besoins. Avec Garda, plongez dans un monde de confort et de praticit\u00e9 gr\u00e2ce \u00e0 ses finitions soign\u00e9es et \u00e0 la pr\u00e9sence de composants essentiels assurant des performances optimales.<\/p>\n<p>Avec des caract\u00e9ristiques telles que le double vitrage pour une s\u00e9curit\u00e9 accrue, une poign\u00e9e dissimul\u00e9e pour un design \u00e9l\u00e9gant et discret, et m\u00eame un kit Wi-Fi pour un contr\u00f4le intelligent \u00e0 distance, Garda offre tout ce dont vous avez besoin pour profiter d\u2019un confort maximal chez vous.<\/p>\n<p>L\u2019entretien est extr\u00eamement simple gr\u00e2ce \u00e0 un parcours de fum\u00e9es sp\u00e9cialement con\u00e7u et \u00e0 des racloirs facilement accessibles. De plus, le brasero auto-nettoyant garantit une combustion optimale et \u00e9cologique, r\u00e9duisant au minimum les \u00e9missions nocives.<\/p>\n<p>Gr\u00e2ce \u00e0 sa programmabilit\u00e9 avanc\u00e9e, permettant jusqu&rsquo;\u00e0 trois cycles marche\/arr\u00eat quotidiens, Garda vous offre un contr\u00f4le total de la temp\u00e9rature et un confort personnalis\u00e9 adapt\u00e9 \u00e0 votre style de vie.<\/p>\n<p>Avec une ventilation frontale et sup\u00e9rieure, l\u2019air chaud est distribu\u00e9 uniform\u00e9ment dans toute la maison, assurant une chaleur confortable dans chaque coin.<\/p>\n<p>L\u2019unit\u00e9 de contr\u00f4le \u00e9lectronique LCD offre un contr\u00f4le complet et intuitif du syst\u00e8me de chauffage, permettant de r\u00e9gler la temp\u00e9rature et de programmer facilement des cycles marche\/arr\u00eat automatiques.<\/p>\n<p>Remarque : Version compl\u00e8te avec ventilateur frontal, kit Wi-Fi et t\u00e9l\u00e9commande.<\/p>\n<p>Les versions 21 kW et 28 kW sont disponibles sur demande avec production d\u2019eau chaude sanitaire.<\/p>\n","protected":false},"featured_media":68924,"template":"","meta":{"_acf_changed":false},"product_brand":[4830],"product_cat":[4617],"product_tag":[],"class_list":{"0":"post-59694","1":"product","2":"type-product","3":"status-publish","4":"has-post-thumbnail","6":"product_brand-magikal-fr","7":"product_cat-poeles-hydro-a-granules","8":"product_shipping_class-termostufe-a-pellet-2","9":"pa_colore-blanc","10":"pa_colore-cuivre","11":"pa_colore-noir","12":"pa_colore-rouge","13":"pa_potenza-14-kw-fr","14":"pa_potenza-18-kw-fr","15":"pa_potenza-21-kw-fr","16":"pa_potenza-28-kw-fr","17":"sales-flash-overlay","18":"woocommerce-text-align-center","19":"woocommerce-image-align-center","20":"do-quantity-buttons","22":"first","23":"instock","24":"taxable","25":"shipping-taxable","26":"purchasable","27":"product-type-variable"},"acf":[],"_links":{"self":[{"href":"https:\/\/www.fokussrl.com\/fr\/wp-json\/wp\/v2\/product\/59694","targetHints":{"allow":["GET"]}}],"collection":[{"href":"https:\/\/www.fokussrl.com\/fr\/wp-json\/wp\/v2\/product"}],"about":[{"href":"https:\/\/www.fokussrl.com\/fr\/wp-json\/wp\/v2\/types\/product"}],"wp:featuredmedia":[{"embeddable":true,"href":"https:\/\/www.fokussrl.com\/fr\/wp-json\/wp\/v2\/media\/68924"}],"wp:attachment":[{"href":"https:\/\/www.fokussrl.com\/fr\/wp-json\/wp\/v2\/media?parent=59694"}],"wp:term":[{"taxonomy":"product_brand","embeddable":true,"href":"https:\/\/www.fokussrl.com\/fr\/wp-json\/wp\/v2\/product_brand?post=59694"},{"taxonomy":"product_cat","embeddable":true,"href":"https:\/\/www.fokussrl.com\/fr\/wp-json\/wp\/v2\/product_cat?post=59694"},{"taxonomy":"product_tag","embeddable":true,"href":"https:\/\/www.fokussrl.com\/fr\/wp-json\/wp\/v2\/product_tag?post=59694"}],"curies":[{"name":"wp","href":"https:\/\/api.w.org\/{rel}","templated":true}]}}