{"id":59711,"date":"2025-02-01T17:12:18","date_gmt":"2025-02-01T16:12:18","guid":{"rendered":"http:\/\/fokussrl.com\/prodotto\/poele-thermo-multi-combustibles-idro-power-slim-cristal\/"},"modified":"2025-02-01T17:19:10","modified_gmt":"2025-02-01T16:19:10","slug":"poele-thermo-multi-combustibles-idro-power-slim-cristal","status":"publish","type":"product","link":"https:\/\/www.fokussrl.com\/fr\/produit\/poele-thermo-multi-combustibles-idro-power-slim-cristal\/","title":{"rendered":"Po\u00eale thermo multi-combustibles IDRO POWER SLIM CRISTAL &#8211; Carinci"},"content":{"rendered":"","protected":false},"excerpt":{"rendered":"<p>La Carinci Idro Power est un po\u00eale hydro compact et performant con\u00e7u pour le chauffage et la production d\u2019eau chaude sanitaire (ECS) en option, compatible avec tout type de syst\u00e8me de chauffage : radiateurs traditionnels ou ballons tampon.<\/p>\n<p>Le po\u00eale hydro est fabriqu\u00e9 \u00e0 partir de mati\u00e8res premi\u00e8res de tr\u00e8s haute qualit\u00e9.<\/p>\n<p>Ses caract\u00e9ristiques distinctives sont : robustesse, fiabilit\u00e9, hautes performances, rendement \u00e9lev\u00e9 et \u00e9missions polluantes extr\u00eamement faibles.<\/p>\n<p>Le rev\u00eatement Slim Cristal Classic est r\u00e9alis\u00e9 avec des mati\u00e8res premi\u00e8res de tr\u00e8s haute qualit\u00e9. Le design particulier de la s\u00e9rie Cristal, avec ses lignes et courbes stylis\u00e9es, permet son int\u00e9gration dans tout type d\u2019int\u00e9rieur, qu\u2019il soit moderne ou classique.<\/p>\n<p>Le dessus est peint avec un effet noir froiss\u00e9, tandis que les panneaux lat\u00e9raux, avec une finition lisse, sont peints avec un effet brillant.<\/p>\n<p>La faible profondeur de l\u2019Idro Slim Classic optimise l\u2019espace, facilitant son installation m\u00eame dans les endroits les plus \u00e9troits.<\/p>\n<p>La peinture est appliqu\u00e9e avec des poudres \u00e0 haute r\u00e9sistance. Mod\u00e8le disponible en plusieurs couleurs.<\/p>\n<p>La technologie innovante du br\u00fbleur Carinci <strong>\u201cAlimentation par le bas\u201d<\/strong> offre des avantages significatifs par rapport aux syst\u00e8mes traditionnels, qui alimentent les granul\u00e9s directement sur la flamme par gravit\u00e9.<\/p>\n<p><strong>Avantages<\/strong><\/p>\n<p>Br\u00fbleur multi-combustibles<\/p>\n<p>Allumage rapide<\/p>\n<p>Pr\u00e9chauffage du combustible<\/p>\n<p>Pr\u00e9chauffage de l\u2019air comburant<\/p>\n<p>Peut br\u00fbler des granul\u00e9s de qualit\u00e9 inf\u00e9rieure<\/p>\n<p>Peut \u00e9galement br\u00fbler d\u2019autres biomasses<\/p>\n<p>Hautes performances<\/p>\n<p>Faible consommation<\/p>\n<p>Faibles \u00e9missions polluantes<\/p>\n<p>Nettoyage et entretien moins fr\u00e9quents<\/p>\n","protected":false},"featured_media":57837,"template":"","meta":{"_acf_changed":false},"product_brand":[4802],"product_cat":[4619],"product_tag":[],"class_list":{"0":"post-59711","1":"product","2":"type-product","3":"status-publish","4":"has-post-thumbnail","6":"product_brand-carinci-fr","7":"product_cat-poeles-hydro-multicombustibles","8":"product_shipping_class-termostufe-policombustibile-fr","9":"pa_colore-beige-fr","10":"pa_colore-blanc","11":"pa_colore-bordeaux-fr","12":"pa_colore-bronze-fr","13":"pa_colore-cuivre","14":"pa_colore-gris","15":"pa_colore-noir","16":"pa_potenza-20-kw-fr","17":"pa_potenza-25-kw-fr","18":"pa_potenza-30-kw-fr","19":"pa_potenza-35-kw-fr","20":"sales-flash-overlay","21":"woocommerce-text-align-center","22":"woocommerce-image-align-center","23":"do-quantity-buttons","25":"first","26":"instock","27":"taxable","28":"shipping-taxable","29":"purchasable","30":"product-type-variable"},"acf":[],"_links":{"self":[{"href":"https:\/\/www.fokussrl.com\/fr\/wp-json\/wp\/v2\/product\/59711","targetHints":{"allow":["GET"]}}],"collection":[{"href":"https:\/\/www.fokussrl.com\/fr\/wp-json\/wp\/v2\/product"}],"about":[{"href":"https:\/\/www.fokussrl.com\/fr\/wp-json\/wp\/v2\/types\/product"}],"wp:featuredmedia":[{"embeddable":true,"href":"https:\/\/www.fokussrl.com\/fr\/wp-json\/wp\/v2\/media\/57837"}],"wp:attachment":[{"href":"https:\/\/www.fokussrl.com\/fr\/wp-json\/wp\/v2\/media?parent=59711"}],"wp:term":[{"taxonomy":"product_brand","embeddable":true,"href":"https:\/\/www.fokussrl.com\/fr\/wp-json\/wp\/v2\/product_brand?post=59711"},{"taxonomy":"product_cat","embeddable":true,"href":"https:\/\/www.fokussrl.com\/fr\/wp-json\/wp\/v2\/product_cat?post=59711"},{"taxonomy":"product_tag","embeddable":true,"href":"https:\/\/www.fokussrl.com\/fr\/wp-json\/wp\/v2\/product_tag?post=59711"}],"curies":[{"name":"wp","href":"https:\/\/api.w.org\/{rel}","templated":true}]}}