{"id":59740,"date":"2025-02-01T17:19:40","date_gmt":"2025-02-01T16:19:40","guid":{"rendered":"http:\/\/fokussrl.com\/prodotto\/poele-thermo-combine-bois-granules-bi-fire-mid\/"},"modified":"2025-02-01T17:22:10","modified_gmt":"2025-02-01T16:22:10","slug":"poele-thermo-combine-bois-granules-bi-fire-mid","status":"publish","type":"product","link":"https:\/\/www.fokussrl.com\/fr\/produit\/poele-thermo-combine-bois-granules-bi-fire-mid\/","title":{"rendered":"Po\u00eale thermo combin\u00e9 bois-granul\u00e9s BI-FIRE MID &#8211; Klover"},"content":{"rendered":"","protected":false},"excerpt":{"rendered":"<p>RENDEMENT \u00c9LEV\u00c9 POUR LE SYST\u00c8ME. L&rsquo;exploitation totale de la flamme et des gaz de combustion gr\u00e2ce au circuit de fum\u00e9e sp\u00e9cifique garantit un transfert complet de la chaleur \u00e0 l&rsquo;eau du syst\u00e8me de chauffage.<\/p>\n<p>COMPATIBILIT\u00c9 TOTALE. La termopo\u00eale Bi-Fire Mid est compatible avec toutes les chaudi\u00e8res, y compris les chaudi\u00e8res murales \u00e0 gaz.<\/p>\n<p>FACILE \u00c0 INSTALLER. Tous les composants hydrauliques n\u00e9cessaires \u00e0 une installation correcte sont pr\u00e9-install\u00e9s sur la po\u00eale, aucun compartiment technique n&rsquo;est donc n\u00e9cessaire. La termopo\u00eale est compatible avec toutes les chaudi\u00e8res, y compris les mod\u00e8les muraux. En cas de coupure de courant, le feu s&rsquo;\u00e9teint automatiquement. En soulevant le dessus en fa\u00efence, plac\u00e9 sur la surface sup\u00e9rieure, vous pouvez v\u00e9rifier la pression du syst\u00e8me \u00e0 l&rsquo;aide du manom\u00e8tre et purger l&rsquo;air du corps de la chaudi\u00e8re \u00e0 l&rsquo;aide de la soupape de purge d\u00e9di\u00e9e. Le circuit lat\u00e9ral des fum\u00e9es peut \u00eatre enti\u00e8rement nettoy\u00e9 en actionnant les deux boutons lat\u00e9raux.<\/p>\n<p>FACILE \u00c0 NETTOYER. Le nettoyage du circuit de fum\u00e9e est simple et rapide. En actionnant manuellement les deux boutons lat\u00e9raux, vous pouvez nettoyer le passage lat\u00e9ral des fum\u00e9es. Toute la cendre tombe \u00e0 la base et est facilement accessible en ouvrant les deux trappes de nettoyage situ\u00e9es sous le circuit de fum\u00e9e.<\/p>\n<p>TOUT INCLUS. L&rsquo;\u00e9quipement standard comprend : syst\u00e8me \u201cSICURO top\u201d, unit\u00e9 de contr\u00f4le \u00e9lectronique, circulateur de syst\u00e8me, pompe de recirculation, vase d&rsquo;expansion ferm\u00e9, soupape de s\u00e9curit\u00e9, manom\u00e8tre de pression d&rsquo;eau, soupape de purge d&rsquo;air, clapet anti-retour, robinet de vidange de chaudi\u00e8re, thermostat de s\u00e9curit\u00e9, pressostat des gaz de fum\u00e9e, chambre de combustion \u00e9tanche, \u00ab\u00a0Syst\u00e8me de double combustion\u00a0\u00bb, \u00ab\u00a0Syst\u00e8me de verre propre\u00a0\u00bb, contr\u00f4le automatique des fum\u00e9es c\u00f4t\u00e9 bois, soupape thermostatique pour l&rsquo;air de combustion c\u00f4t\u00e9 bois, pieds r\u00e9glables.<\/p>\n<p>DEUX EN UN. Deux chambres de combustion totalement s\u00e9par\u00e9es, une pour les pellets et une pour le bois, garantissent une utilisation maximale de la flamme et des gaz d&rsquo;\u00e9chappement. C&rsquo;est pourquoi Bi-Fire Mid atteint des rendements \u00e9lev\u00e9s avec des \u00e9missions tr\u00e8s faibles. Un seul conduit de fum\u00e9e permet une installation dans n&rsquo;importe quel environnement sans travaux de ma\u00e7onnerie compliqu\u00e9s.<\/p>\n<p>LE PELLET RENCONTRE LE BOIS. Bi-Fire Mid peut fonctionner uniquement avec des pellets, uniquement avec du bois, avec du bois tout en allumant automatiquement les pellets d\u00e8s que la temp\u00e9rature de l&rsquo;eau de la chaudi\u00e8re baisse, ou avec des pellets et du bois simultan\u00e9ment. Le programmateur hebdomadaire permet l&rsquo;allumage automatique des pellets jusqu&rsquo;\u00e0 4 fois par jour pour toute la semaine. Le grand r\u00e9servoir de pellets (48 kg) garantit une excellente autonomie avec de longs intervalles entre les recharges.<\/p>\n<p>FACILIT\u00c9 DE CHARGEMENT DU BOIS. Charger du bois dans la Bi-Fire Mid est facile et rapide, car la porte de la chambre de combustion est positionn\u00e9e de mani\u00e8re pratique et suffisamment haute pour rendre l&rsquo;op\u00e9ration accessible \u00e0 tous. La Bi-Fire Mid est \u00e9galement \u00e9quip\u00e9e d&rsquo;un registre de fum\u00e9e sp\u00e9cial sur le c\u00f4t\u00e9 bois qui s&rsquo;ouvre automatiquement \u00e0 chaque chargement de bois, \u00e9vitant ainsi toute sortie g\u00eanante de fum\u00e9e pendant cette op\u00e9ration.<\/p>\n<p>COMBUSTION OPTIMALE. La combustion des pellets est \u201ccontr\u00f4l\u00e9e\u201d par l&rsquo;unit\u00e9 de contr\u00f4le \u00e9lectronique, assurant ainsi l&rsquo;apport correct d&rsquo;air comburant. Pour obtenir le m\u00eame r\u00e9sultat avec le bois, la Bi-Fire Mid dispose d&rsquo;une valve thermostatique sp\u00e9ciale qui ferme progressivement l&rsquo;entr\u00e9e d&rsquo;air comburant lorsque le niveau de temp\u00e9rature r\u00e9gl\u00e9 avec la poign\u00e9e d\u00e9di\u00e9e est atteint.<\/p>\n<p>POMPE DE RECIRCULATION. Pour maximiser l&rsquo;\u00e9change thermique entre la chaleur g\u00e9n\u00e9r\u00e9e, l&rsquo;eau du syst\u00e8me et l&rsquo;eau sanitaire, la Bi-Fire Mid est \u00e9quip\u00e9e d&rsquo;une pompe de recirculation. Cela optimise le transfert de chaleur entre les fum\u00e9es et l&rsquo;eau, tout en \u00e9vitant le risque de formation de condensation.<\/p>\n","protected":false},"featured_media":57874,"template":"","meta":{"_acf_changed":false},"product_brand":[4820],"product_cat":[4618],"product_tag":[],"class_list":{"0":"post-59740","1":"product","2":"type-product","3":"status-publish","4":"has-post-thumbnail","6":"product_brand-klover-fr","7":"product_cat-poeles-hydro-au-bois-et-a-granules","8":"product_shipping_class-termostufe-legna-pellet-2","9":"pa_colore-bordeaux-fr","10":"pa_colore-ivoire","11":"pa_colore-majolique-bordeaux","12":"pa_colore-majolique-ivoire","13":"pa_colore-majolique-noir-mat","14":"pa_colore-majolique-terre-de-sienne","15":"pa_colore-noir-mat-plat","16":"pa_colore-terre-de-sienne","17":"pa_versione-avec-production-deau-sanitaire","18":"pa_versione-sans-kit-hydraulique","19":"sales-flash-overlay","20":"woocommerce-text-align-center","21":"woocommerce-image-align-center","22":"do-quantity-buttons","24":"first","25":"instock","26":"taxable","27":"shipping-taxable","28":"purchasable","29":"product-type-variable"},"acf":[],"_links":{"self":[{"href":"https:\/\/www.fokussrl.com\/fr\/wp-json\/wp\/v2\/product\/59740","targetHints":{"allow":["GET"]}}],"collection":[{"href":"https:\/\/www.fokussrl.com\/fr\/wp-json\/wp\/v2\/product"}],"about":[{"href":"https:\/\/www.fokussrl.com\/fr\/wp-json\/wp\/v2\/types\/product"}],"wp:featuredmedia":[{"embeddable":true,"href":"https:\/\/www.fokussrl.com\/fr\/wp-json\/wp\/v2\/media\/57874"}],"wp:attachment":[{"href":"https:\/\/www.fokussrl.com\/fr\/wp-json\/wp\/v2\/media?parent=59740"}],"wp:term":[{"taxonomy":"product_brand","embeddable":true,"href":"https:\/\/www.fokussrl.com\/fr\/wp-json\/wp\/v2\/product_brand?post=59740"},{"taxonomy":"product_cat","embeddable":true,"href":"https:\/\/www.fokussrl.com\/fr\/wp-json\/wp\/v2\/product_cat?post=59740"},{"taxonomy":"product_tag","embeddable":true,"href":"https:\/\/www.fokussrl.com\/fr\/wp-json\/wp\/v2\/product_tag?post=59740"}],"curies":[{"name":"wp","href":"https:\/\/api.w.org\/{rel}","templated":true}]}}