{"id":59757,"date":"2025-02-01T17:19:40","date_gmt":"2025-02-01T16:19:40","guid":{"rendered":"http:\/\/fokussrl.com\/prodotto\/poele-thermo-bois-granules-dual\/"},"modified":"2025-02-01T17:22:14","modified_gmt":"2025-02-01T16:22:14","slug":"poele-thermo-bois-granules-dual","status":"publish","type":"product","link":"https:\/\/www.fokussrl.com\/fr\/produit\/poele-thermo-bois-granules-dual\/","title":{"rendered":"Po\u00eale thermo bois\/granul\u00e9s DUAL &#8211; Klover"},"content":{"rendered":"","protected":false},"excerpt":{"rendered":"<p>DUAL est un po\u00eale \u00e0 bois\/pellet au design unique et raffin\u00e9, le plus innovant de toute la gamme. Les portes de feu \u00e9quip\u00e9es de double vitrage c\u00e9ramique, les poign\u00e9es fixes \u00ab froides \u00bb, les lignes douces et arrondies et les c\u00e9ramiques fabriqu\u00e9es et d\u00e9cor\u00e9es \u00e0 la main ne sont que quelques-unes des particularit\u00e9s de ce produit. L&rsquo;\u00e9quipement hydraulique complet et de s\u00e9rie, le syst\u00e8me de s\u00e9curit\u00e9 \u00ab SICURO top \u00bb, les rendements de combustion extr\u00eamement \u00e9lev\u00e9s et les faibles \u00e9missions font de DUAL un produit unique au monde.<\/p>\n<p>HAUTE PERFORMANCE POUR LE SYST\u00c8ME. L&rsquo;utilisation totale de la flamme et des fum\u00e9es assur\u00e9e par le circuit de fum\u00e9es particulier garantit un transfert complet de la chaleur \u00e0 l&rsquo;eau du syst\u00e8me de chauffage.<\/p>\n<p>COMPATIBILIT\u00c9 TOTALE. Le po\u00eale est compatible avec toute chaudi\u00e8re, y compris les mod\u00e8les muraux \u00e0 gaz.<\/p>\n<p>FACILE \u00c0 INSTALLER. Les composants hydrauliques n\u00e9cessaires \u00e0 une installation correcte sur le syst\u00e8me sont tous pr\u00e9install\u00e9s sur le po\u00eale, \u00e9liminant ainsi la n\u00e9cessit\u00e9 de cr\u00e9er un compartiment technique. Le po\u00eale est compatible avec toute chaudi\u00e8re, y compris les mod\u00e8les muraux. En cas de coupure de courant, le feu s&rsquo;\u00e9teint automatiquement. En d\u00e9pla\u00e7ant le dessus en c\u00e9ramique reposant sur la surface sup\u00e9rieure, vous pouvez v\u00e9rifier la pression du syst\u00e8me \u00e0 l&rsquo;aide du manom\u00e8tre et purger l&rsquo;air du corps de la chaudi\u00e8re gr\u00e2ce \u00e0 la vanne de purge d\u00e9di\u00e9e ; en actionnant les deux boutons lat\u00e9raux, vous nettoyez compl\u00e8tement le circuit lat\u00e9ral des fum\u00e9es.<\/p>\n<p>FACILE \u00c0 NETTOYER. Le nettoyage du circuit de fum\u00e9e est simple et rapide. En actionnant manuellement les deux boutons lat\u00e9raux, vous pouvez nettoyer le passage lat\u00e9ral des fum\u00e9es en sortie. Toute la cendre tombe \u00e0 la base et est facilement accessible en ouvrant les deux bouches de nettoyage situ\u00e9es sous le circuit de fum\u00e9e.<\/p>\n<p>TOUT COMPRIS. L&rsquo;\u00e9quipement de s\u00e9rie comprend : syst\u00e8me \u00ab SICURO top \u00bb, unit\u00e9 de contr\u00f4le \u00e9lectronique, circulateur de syst\u00e8me, pompe de recirculation, vase d&rsquo;expansion ferm\u00e9, soupape de s\u00e9curit\u00e9, manom\u00e8tre de pression d&rsquo;eau du syst\u00e8me, soupape d&rsquo;\u00e9vent d&rsquo;air, clapet anti-retour, robinet de vidange de chaudi\u00e8re, thermostat de s\u00e9curit\u00e9, pressostat de fum\u00e9e, chambre de combustion \u00e9tanche, \u00ab\u00a0Syst\u00e8me de Double Combustion\u00a0\u00bb, \u00ab\u00a0Syst\u00e8me de Verre Propre\u00a0\u00bb, r\u00e9gulateur automatique de fum\u00e9e c\u00f4t\u00e9 bois, soupape thermostatique pour l&rsquo;air de combustion c\u00f4t\u00e9 bois, pieds r\u00e9glables.<\/p>\n<p>DEUX-EN-UN. Deux chambres de combustion compl\u00e8tement s\u00e9par\u00e9es, une pour les pellets et une pour le bois, garantissent une exploitation maximale de la flamme et des fum\u00e9es en sortie. C&rsquo;est pourquoi il atteint des rendements \u00e9lev\u00e9s avec des \u00e9missions tr\u00e8s faibles dans l&rsquo;atmosph\u00e8re. Une seule chemin\u00e9e permet l&rsquo;installation du po\u00eale dans n&rsquo;importe quel environnement sans travaux de ma\u00e7onnerie compliqu\u00e9s.<\/p>\n<p>LE PELLET RENCONTRE LE BOIS. Elle peut fonctionner uniquement au pellet, uniquement au bois, au bois avec la possibilit\u00e9 d\u2019allumer automatiquement le pellet d\u00e8s que la temp\u00e9rature de l\u2019eau de la chaudi\u00e8re diminue, ou simultan\u00e9ment au pellet et au bois. Le programmateur hebdomadaire permet l\u2019allumage automatique du pellet jusqu\u2019\u00e0 4 fois par jour pour toute la semaine. Le grand r\u00e9servoir de pellets (48 Kg) garantit une excellente autonomie de fonctionnement avec de longs intervalles entre les recharges.<\/p>\n<p>FACILE \u00c0 CHARGER LE BOIS. Charger le bois dans la Dual est simple et rapide, car la porte de la chambre de combustion est positionn\u00e9e de mani\u00e8re pratique et suffisamment haute pour rendre cette op\u00e9ration facile pour tous. La Bi-Fire Mid est \u00e9galement \u00e9quip\u00e9e d\u2019un r\u00e9gulateur de fum\u00e9e sp\u00e9cial sur le c\u00f4t\u00e9 bois qui s\u2019ouvre automatiquement chaque fois que du bois est charg\u00e9, \u00e9vitant ainsi les sorties de fum\u00e9e g\u00eanantes pendant l\u2019op\u00e9ration.<\/p>\n<p>COMBUSTION OPTIMALE. La combustion des pellets est \u00ab contr\u00f4l\u00e9e \u00bb par l\u2019unit\u00e9 de contr\u00f4le \u00e9lectronique, garantissant un apport correct d\u2019air comburant. Pour obtenir le m\u00eame r\u00e9sultat avec le bois, la Dual est \u00e9quip\u00e9e d\u2019une vanne thermostatique sp\u00e9ciale qui ferme progressivement l\u2019entr\u00e9e d\u2019air comburant une fois que le niveau de temp\u00e9rature r\u00e9gl\u00e9 via la poign\u00e9e d\u00e9di\u00e9e est atteint.<\/p>\n<p>POMPE DE RECIRCULATION. Pour maximiser l\u2019\u00e9change thermique entre la chaleur produite, l\u2019eau du syst\u00e8me de chauffage et l\u2019eau sanitaire, la Dual est \u00e9quip\u00e9e d\u2019une pompe de recirculation. Cela optimise le transfert de chaleur entre les fum\u00e9es et l\u2019eau, \u00e9vitant ainsi le risque de formation de condensation.<\/p>\n","protected":false},"featured_media":57923,"template":"","meta":{"_acf_changed":false},"product_brand":[4820],"product_cat":[4618],"product_tag":[],"class_list":{"0":"post-59757","1":"product","2":"type-product","3":"status-publish","4":"has-post-thumbnail","6":"product_brand-klover-fr","7":"product_cat-poeles-hydro-au-bois-et-a-granules","8":"product_shipping_class-termostufe-legna-pellet-2","9":"pa_colore-majolique-bordeaux","10":"pa_colore-majolique-ivoire","11":"pa_colore-majolique-noir-mat","12":"pa_colore-majolique-terre-de-sienne","13":"pa_versione-avec-production-deau-sanitaire","14":"pa_versione-sans-kit-hydraulique","15":"sales-flash-overlay","16":"woocommerce-text-align-center","17":"woocommerce-image-align-center","18":"do-quantity-buttons","20":"first","21":"instock","22":"taxable","23":"shipping-taxable","24":"purchasable","25":"product-type-variable"},"acf":[],"_links":{"self":[{"href":"https:\/\/www.fokussrl.com\/fr\/wp-json\/wp\/v2\/product\/59757","targetHints":{"allow":["GET"]}}],"collection":[{"href":"https:\/\/www.fokussrl.com\/fr\/wp-json\/wp\/v2\/product"}],"about":[{"href":"https:\/\/www.fokussrl.com\/fr\/wp-json\/wp\/v2\/types\/product"}],"wp:featuredmedia":[{"embeddable":true,"href":"https:\/\/www.fokussrl.com\/fr\/wp-json\/wp\/v2\/media\/57923"}],"wp:attachment":[{"href":"https:\/\/www.fokussrl.com\/fr\/wp-json\/wp\/v2\/media?parent=59757"}],"wp:term":[{"taxonomy":"product_brand","embeddable":true,"href":"https:\/\/www.fokussrl.com\/fr\/wp-json\/wp\/v2\/product_brand?post=59757"},{"taxonomy":"product_cat","embeddable":true,"href":"https:\/\/www.fokussrl.com\/fr\/wp-json\/wp\/v2\/product_cat?post=59757"},{"taxonomy":"product_tag","embeddable":true,"href":"https:\/\/www.fokussrl.com\/fr\/wp-json\/wp\/v2\/product_tag?post=59757"}],"curies":[{"name":"wp","href":"https:\/\/api.w.org\/{rel}","templated":true}]}}