{"id":61233,"date":"2025-02-04T01:15:36","date_gmt":"2025-02-04T00:15:36","guid":{"rendered":"http:\/\/fokussrl.com\/prodotto\/barbecue-gaz-avec-chariot-46-cm\/"},"modified":"2025-02-04T01:33:05","modified_gmt":"2025-02-04T00:33:05","slug":"barbecue-gaz-avec-chariot-46-cm","status":"publish","type":"product","link":"https:\/\/www.fokussrl.com\/fr\/produit\/barbecue-gaz-avec-chariot-46-cm\/","title":{"rendered":"Barbecue \u00e0 gaz avec chariot 46 cm &#8211; Kimmer"},"content":{"rendered":"","protected":false},"excerpt":{"rendered":"<p>Tous nos appareils sont con\u00e7us et fabriqu\u00e9s pour une utilisation en ext\u00e9rieur. Ils fonctionnent au GPL ou au gaz naturel.<\/p>\n<p>Le corps, les br\u00fbleurs et les grilles sont en acier inoxydable 304 10\/10.<\/p>\n<p>Le chariot et les \u00e9tag\u00e8res sont en acier inoxydable 430 8\/10.<\/p>\n<p>La plaque a une \u00e9paisseur de 10 mm et est en acier naturel, qui est un excellent conducteur de chaleur ; en effet, elle maintient une temp\u00e9rature homog\u00e8ne sur toute la surface. Disponible en version avec plaque ou avec grilles (Canaux et Tiges).<\/p>\n","protected":false},"featured_media":64965,"template":"","meta":{"_acf_changed":false},"product_brand":[4819],"product_cat":[4569],"product_tag":[],"class_list":{"0":"post-61233","1":"product","2":"type-product","3":"status-publish","4":"has-post-thumbnail","6":"product_brand-kimmer-fr","7":"product_cat-barbecues-a-gaz","8":"product_shipping_class-barbecue-a-gas-2-2","9":"pa_versione-avec-grilles","10":"pa_versione-avec-plaque","11":"sales-flash-overlay","12":"woocommerce-text-align-center","13":"woocommerce-image-align-center","14":"do-quantity-buttons","16":"first","17":"instock","18":"taxable","19":"shipping-taxable","20":"product-type-variable"},"acf":[],"_links":{"self":[{"href":"https:\/\/www.fokussrl.com\/fr\/wp-json\/wp\/v2\/product\/61233","targetHints":{"allow":["GET"]}}],"collection":[{"href":"https:\/\/www.fokussrl.com\/fr\/wp-json\/wp\/v2\/product"}],"about":[{"href":"https:\/\/www.fokussrl.com\/fr\/wp-json\/wp\/v2\/types\/product"}],"wp:featuredmedia":[{"embeddable":true,"href":"https:\/\/www.fokussrl.com\/fr\/wp-json\/wp\/v2\/media\/64965"}],"wp:attachment":[{"href":"https:\/\/www.fokussrl.com\/fr\/wp-json\/wp\/v2\/media?parent=61233"}],"wp:term":[{"taxonomy":"product_brand","embeddable":true,"href":"https:\/\/www.fokussrl.com\/fr\/wp-json\/wp\/v2\/product_brand?post=61233"},{"taxonomy":"product_cat","embeddable":true,"href":"https:\/\/www.fokussrl.com\/fr\/wp-json\/wp\/v2\/product_cat?post=61233"},{"taxonomy":"product_tag","embeddable":true,"href":"https:\/\/www.fokussrl.com\/fr\/wp-json\/wp\/v2\/product_tag?post=61233"}],"curies":[{"name":"wp","href":"https:\/\/api.w.org\/{rel}","templated":true}]}}