{"id":61249,"date":"2025-02-04T01:15:36","date_gmt":"2025-02-04T00:15:36","guid":{"rendered":"http:\/\/fokussrl.com\/prodotto\/barbecue-granules-poldo-easy\/"},"modified":"2025-02-04T01:33:08","modified_gmt":"2025-02-04T00:33:08","slug":"barbecue-granules-poldo-easy","status":"publish","type":"product","link":"https:\/\/www.fokussrl.com\/fr\/produit\/barbecue-granules-poldo-easy\/","title":{"rendered":"Barbecue \u00e0 granul\u00e9s POLDO EASY &#8211; Laminox"},"content":{"rendered":"","protected":false},"excerpt":{"rendered":"<p>Barbecue \u00e0 pellets sans \u00e9lectricit\u00e9 con\u00e7u pour un usage domestique, id\u00e9al pour des barbecues en famille ou entre amis. Ce mod\u00e8le est \u00e9galement adapt\u00e9 \u00e0 une utilisation prolong\u00e9e, gr\u00e2ce \u00e0 un syst\u00e8me de s\u00e9curit\u00e9 permettant de recharger le combustible pendant l&rsquo;utilisation. \u00c9quip\u00e9 d&rsquo;un tiroir \u00e0 cendres amovible et d&rsquo;une base avec roues pour faciliter le transport. Comprend des \u00e9tag\u00e8res lat\u00e9rales pour les aliments, une brosse 3 en 1, un tuyau d&rsquo;\u00e9vacuation et un chapeau de chemin\u00e9e en inox. Temp\u00e9rature r\u00e9glable en continu.<\/p>\n","protected":false},"featured_media":59877,"template":"","meta":{"_acf_changed":false},"product_brand":[4826],"product_cat":[4571],"product_tag":[],"class_list":{"0":"post-61249","1":"product","2":"type-product","3":"status-publish","4":"has-post-thumbnail","6":"product_brand-laminox-idro-fr","7":"product_cat-barbecues-a-granules","8":"product_shipping_class-barbecue-a-pellet-2","9":"pa_colore-noir","10":"pa_colore-rouge","11":"sales-flash-overlay","12":"woocommerce-text-align-center","13":"woocommerce-image-align-center","14":"do-quantity-buttons","16":"first","17":"instock","18":"taxable","19":"shipping-taxable","20":"purchasable","21":"product-type-variable"},"acf":[],"_links":{"self":[{"href":"https:\/\/www.fokussrl.com\/fr\/wp-json\/wp\/v2\/product\/61249","targetHints":{"allow":["GET"]}}],"collection":[{"href":"https:\/\/www.fokussrl.com\/fr\/wp-json\/wp\/v2\/product"}],"about":[{"href":"https:\/\/www.fokussrl.com\/fr\/wp-json\/wp\/v2\/types\/product"}],"wp:featuredmedia":[{"embeddable":true,"href":"https:\/\/www.fokussrl.com\/fr\/wp-json\/wp\/v2\/media\/59877"}],"wp:attachment":[{"href":"https:\/\/www.fokussrl.com\/fr\/wp-json\/wp\/v2\/media?parent=61249"}],"wp:term":[{"taxonomy":"product_brand","embeddable":true,"href":"https:\/\/www.fokussrl.com\/fr\/wp-json\/wp\/v2\/product_brand?post=61249"},{"taxonomy":"product_cat","embeddable":true,"href":"https:\/\/www.fokussrl.com\/fr\/wp-json\/wp\/v2\/product_cat?post=61249"},{"taxonomy":"product_tag","embeddable":true,"href":"https:\/\/www.fokussrl.com\/fr\/wp-json\/wp\/v2\/product_tag?post=61249"}],"curies":[{"name":"wp","href":"https:\/\/api.w.org\/{rel}","templated":true}]}}