{"id":61255,"date":"2025-02-04T01:21:03","date_gmt":"2025-02-04T00:21:03","guid":{"rendered":"http:\/\/fokussrl.com\/prodotto\/cheminee-granules-murale-michelangelo-12-kw\/"},"modified":"2025-02-04T01:33:10","modified_gmt":"2025-02-04T00:33:10","slug":"cheminee-granules-murale-michelangelo-12-kw","status":"publish","type":"product","link":"https:\/\/www.fokussrl.com\/fr\/produit\/cheminee-granules-murale-michelangelo-12-kw\/","title":{"rendered":"Chemin\u00e9e \u00e0 granul\u00e9s murale MICHELANGELO 12 kW &#8211; Eva Calor"},"content":{"rendered":"","protected":false},"excerpt":{"rendered":"<p>MICHELANGELO. Une v\u00e9ritable chemin\u00e9e qui d\u00e9core la pi\u00e8ce sans besoin de travaux de construction. Facile \u00e0 installer et, gr\u00e2ce \u00e0 la hotte t\u00e9lescopique, elle s&rsquo;adapte \u00e0 votre plafond.<\/p>\n<p>Le design arrondi est parfait pour les environnements classiques et modernes.<\/p>\n<p>Disponible avec verre standard transparent ou verre totalement noir.<\/p>\n<p>Eva Calor a con\u00e7u un syst\u00e8me innovant de chargement de pellets avec t\u00e9l\u00e9commande incluse.<\/p>\n","protected":false},"featured_media":65018,"template":"","meta":{"_acf_changed":false},"product_brand":[4807],"product_cat":[4580],"product_tag":[],"class_list":{"0":"post-61255","1":"product","2":"type-product","3":"status-publish","4":"has-post-thumbnail","6":"product_brand-eva-calor-fr","7":"product_cat-cheminees-a-granules","8":"product_shipping_class-caminetti-a-pellet-2-2","9":"pa_colore-blanc","10":"pa_colore-noir","11":"sales-flash-overlay","12":"woocommerce-text-align-center","13":"woocommerce-image-align-center","14":"do-quantity-buttons","16":"first","17":"instock","18":"taxable","19":"shipping-taxable","20":"purchasable","21":"product-type-variable"},"acf":[],"_links":{"self":[{"href":"https:\/\/www.fokussrl.com\/fr\/wp-json\/wp\/v2\/product\/61255","targetHints":{"allow":["GET"]}}],"collection":[{"href":"https:\/\/www.fokussrl.com\/fr\/wp-json\/wp\/v2\/product"}],"about":[{"href":"https:\/\/www.fokussrl.com\/fr\/wp-json\/wp\/v2\/types\/product"}],"wp:featuredmedia":[{"embeddable":true,"href":"https:\/\/www.fokussrl.com\/fr\/wp-json\/wp\/v2\/media\/65018"}],"wp:attachment":[{"href":"https:\/\/www.fokussrl.com\/fr\/wp-json\/wp\/v2\/media?parent=61255"}],"wp:term":[{"taxonomy":"product_brand","embeddable":true,"href":"https:\/\/www.fokussrl.com\/fr\/wp-json\/wp\/v2\/product_brand?post=61255"},{"taxonomy":"product_cat","embeddable":true,"href":"https:\/\/www.fokussrl.com\/fr\/wp-json\/wp\/v2\/product_cat?post=61255"},{"taxonomy":"product_tag","embeddable":true,"href":"https:\/\/www.fokussrl.com\/fr\/wp-json\/wp\/v2\/product_tag?post=61255"}],"curies":[{"name":"wp","href":"https:\/\/api.w.org\/{rel}","templated":true}]}}