{"id":61258,"date":"2025-02-04T01:15:42","date_gmt":"2025-02-04T00:15:42","guid":{"rendered":"http:\/\/fokussrl.com\/prodotto\/cheminee-d-angle-granules-giotto-12-kw\/"},"modified":"2025-02-04T01:34:22","modified_gmt":"2025-02-04T00:34:22","slug":"cheminee-d-angle-granules-giotto-12-kw","status":"publish","type":"product","link":"https:\/\/www.fokussrl.com\/fr\/produit\/cheminee-d-angle-granules-giotto-12-kw\/","title":{"rendered":"Chemin\u00e9e d&rsquo;angle \u00e0 granul\u00e9s GIOTTO 12 kW &#8211; Eva Calor"},"content":{"rendered":"","protected":false},"excerpt":{"rendered":"<p>Giotto est un insert \u00e0 pellets d&rsquo;angle de 12 kW. Sa principale caract\u00e9ristique est la possibilit\u00e9 de l&rsquo;installer dans un angle, \u00e9conomisant ainsi l&rsquo;espace normalement occup\u00e9 par les autres chemin\u00e9es. Giotto comprend le corps de la machine, la hotte et la base.<\/p>\n<p>Eva Calor a con\u00e7u un syst\u00e8me innovant de chargement des pellets. Le r\u00e9servoir est positionn\u00e9 sous la chambre de combustion, \u00e0 seulement 50 cm du sol, facilitant ainsi le remplissage pour l&rsquo;utilisateur.<\/p>\n","protected":false},"featured_media":65030,"template":"","meta":{"_acf_changed":false},"product_brand":[4807],"product_cat":[4580],"product_tag":[],"class_list":{"0":"post-61258","1":"product","2":"type-product","3":"status-publish","4":"has-post-thumbnail","6":"product_brand-eva-calor-fr","7":"product_cat-cheminees-a-granules","8":"product_shipping_class-caminetti-a-pellet-2-2","9":"pa_colore-ollaire","10":"sales-flash-overlay","11":"woocommerce-text-align-center","12":"woocommerce-image-align-center","13":"do-quantity-buttons","15":"first","16":"instock","17":"taxable","18":"shipping-taxable","19":"purchasable","20":"product-type-simple"},"acf":[],"_links":{"self":[{"href":"https:\/\/www.fokussrl.com\/fr\/wp-json\/wp\/v2\/product\/61258","targetHints":{"allow":["GET"]}}],"collection":[{"href":"https:\/\/www.fokussrl.com\/fr\/wp-json\/wp\/v2\/product"}],"about":[{"href":"https:\/\/www.fokussrl.com\/fr\/wp-json\/wp\/v2\/types\/product"}],"wp:featuredmedia":[{"embeddable":true,"href":"https:\/\/www.fokussrl.com\/fr\/wp-json\/wp\/v2\/media\/65030"}],"wp:attachment":[{"href":"https:\/\/www.fokussrl.com\/fr\/wp-json\/wp\/v2\/media?parent=61258"}],"wp:term":[{"taxonomy":"product_brand","embeddable":true,"href":"https:\/\/www.fokussrl.com\/fr\/wp-json\/wp\/v2\/product_brand?post=61258"},{"taxonomy":"product_cat","embeddable":true,"href":"https:\/\/www.fokussrl.com\/fr\/wp-json\/wp\/v2\/product_cat?post=61258"},{"taxonomy":"product_tag","embeddable":true,"href":"https:\/\/www.fokussrl.com\/fr\/wp-json\/wp\/v2\/product_tag?post=61258"}],"curies":[{"name":"wp","href":"https:\/\/api.w.org\/{rel}","templated":true}]}}