{"id":61273,"date":"2025-02-04T01:15:42","date_gmt":"2025-02-04T00:15:42","guid":{"rendered":"http:\/\/fokussrl.com\/prodotto\/cheminee-murale-bois-ch-64-avec-verre-18-kw\/"},"modified":"2025-02-04T01:33:14","modified_gmt":"2025-02-04T00:33:14","slug":"cheminee-murale-bois-ch-64-avec-verre-18-kw","status":"publish","type":"product","link":"https:\/\/www.fokussrl.com\/fr\/produit\/cheminee-murale-bois-ch-64-avec-verre-18-kw\/","title":{"rendered":"Chemin\u00e9e murale \u00e0 bois CH 64 avec verre 18 kW &#8211; Focgrup"},"content":{"rendered":"","protected":false},"excerpt":{"rendered":"<p>Une chemin\u00e9e d\u00e9corative et de chauffage adapt\u00e9e \u00e0 une application murale avec un verre prismatique distinctif. Disponible en anthracite int\u00e9gral ou avec des finitions de porte chrom\u00e9es.<\/p>\n","protected":false},"featured_media":59993,"template":"","meta":{"_acf_changed":false},"product_brand":[4810],"product_cat":[4582,4585],"product_tag":[],"class_list":{"0":"post-61273","1":"product","2":"type-product","3":"status-publish","4":"has-post-thumbnail","6":"product_brand-focgrup-fr","7":"product_cat-cheminees-design","8":"product_cat-cheminees-modernes-au-bois-murales","9":"product_shipping_class-caminetti-di-design-2-2","10":"pa_colore-anthracite-fr","11":"pa_colore-anthracite-finition-chrome","12":"sales-flash-overlay","13":"woocommerce-text-align-center","14":"woocommerce-image-align-center","15":"do-quantity-buttons","17":"first","18":"instock","19":"taxable","20":"shipping-taxable","21":"purchasable","22":"product-type-variable"},"acf":[],"_links":{"self":[{"href":"https:\/\/www.fokussrl.com\/fr\/wp-json\/wp\/v2\/product\/61273","targetHints":{"allow":["GET"]}}],"collection":[{"href":"https:\/\/www.fokussrl.com\/fr\/wp-json\/wp\/v2\/product"}],"about":[{"href":"https:\/\/www.fokussrl.com\/fr\/wp-json\/wp\/v2\/types\/product"}],"wp:featuredmedia":[{"embeddable":true,"href":"https:\/\/www.fokussrl.com\/fr\/wp-json\/wp\/v2\/media\/59993"}],"wp:attachment":[{"href":"https:\/\/www.fokussrl.com\/fr\/wp-json\/wp\/v2\/media?parent=61273"}],"wp:term":[{"taxonomy":"product_brand","embeddable":true,"href":"https:\/\/www.fokussrl.com\/fr\/wp-json\/wp\/v2\/product_brand?post=61273"},{"taxonomy":"product_cat","embeddable":true,"href":"https:\/\/www.fokussrl.com\/fr\/wp-json\/wp\/v2\/product_cat?post=61273"},{"taxonomy":"product_tag","embeddable":true,"href":"https:\/\/www.fokussrl.com\/fr\/wp-json\/wp\/v2\/product_tag?post=61273"}],"curies":[{"name":"wp","href":"https:\/\/api.w.org\/{rel}","templated":true}]}}