{"id":61285,"date":"2025-02-04T01:15:48","date_gmt":"2025-02-04T00:15:48","guid":{"rendered":"http:\/\/fokussrl.com\/prodotto\/cheminee-murale-bois-ch96-vitre-11kw-focgrup\/"},"modified":"2025-02-04T01:33:16","modified_gmt":"2025-02-04T00:33:16","slug":"cheminee-murale-bois-ch96-vitre-11kw-focgrup","status":"publish","type":"product","link":"https:\/\/www.fokussrl.com\/fr\/produit\/cheminee-murale-bois-ch96-vitre-11kw-focgrup\/","title":{"rendered":"Chemin\u00e9e murale \u00e0 bois CH 96 avec vitre 11 kW &#8211; Focgrup"},"content":{"rendered":"","protected":false},"excerpt":{"rendered":"<p>Une chemin\u00e9e murale suspendue en acier peint disponible en 3 couleurs, id\u00e9ale pour un int\u00e9rieur moderne et minimaliste. Sa forme en colonne prismatique la rend unique et d&rsquo;un impact esth\u00e9tique remarquable.<\/p>\n","protected":false},"featured_media":60049,"template":"","meta":{"_acf_changed":false},"product_brand":[4810],"product_cat":[4582,4585],"product_tag":[],"class_list":{"0":"post-61285","1":"product","2":"type-product","3":"status-publish","4":"has-post-thumbnail","6":"product_brand-focgrup-fr","7":"product_cat-cheminees-design","8":"product_cat-cheminees-modernes-au-bois-murales","9":"product_shipping_class-caminetti-di-design-2-2","10":"pa_colore-anthracite-fr","11":"pa_colore-inox-fr","12":"pa_colore-rouille","13":"sales-flash-overlay","14":"woocommerce-text-align-center","15":"woocommerce-image-align-center","16":"do-quantity-buttons","18":"first","19":"instock","20":"taxable","21":"shipping-taxable","22":"purchasable","23":"product-type-variable"},"acf":[],"_links":{"self":[{"href":"https:\/\/www.fokussrl.com\/fr\/wp-json\/wp\/v2\/product\/61285","targetHints":{"allow":["GET"]}}],"collection":[{"href":"https:\/\/www.fokussrl.com\/fr\/wp-json\/wp\/v2\/product"}],"about":[{"href":"https:\/\/www.fokussrl.com\/fr\/wp-json\/wp\/v2\/types\/product"}],"wp:featuredmedia":[{"embeddable":true,"href":"https:\/\/www.fokussrl.com\/fr\/wp-json\/wp\/v2\/media\/60049"}],"wp:attachment":[{"href":"https:\/\/www.fokussrl.com\/fr\/wp-json\/wp\/v2\/media?parent=61285"}],"wp:term":[{"taxonomy":"product_brand","embeddable":true,"href":"https:\/\/www.fokussrl.com\/fr\/wp-json\/wp\/v2\/product_brand?post=61285"},{"taxonomy":"product_cat","embeddable":true,"href":"https:\/\/www.fokussrl.com\/fr\/wp-json\/wp\/v2\/product_cat?post=61285"},{"taxonomy":"product_tag","embeddable":true,"href":"https:\/\/www.fokussrl.com\/fr\/wp-json\/wp\/v2\/product_tag?post=61285"}],"curies":[{"name":"wp","href":"https:\/\/api.w.org\/{rel}","templated":true}]}}