{"id":61304,"date":"2025-02-04T01:15:53","date_gmt":"2025-02-04T00:15:53","guid":{"rendered":"http:\/\/fokussrl.com\/prodotto\/cheminee-d-angle-bois-ch-51-avec-verre-12-kw\/"},"modified":"2025-02-04T01:33:20","modified_gmt":"2025-02-04T00:33:20","slug":"cheminee-d-angle-bois-ch-51-avec-verre-12-kw","status":"publish","type":"product","link":"https:\/\/www.fokussrl.com\/fr\/produit\/cheminee-d-angle-bois-ch-51-avec-verre-12-kw\/","title":{"rendered":"Chemin\u00e9e d&rsquo;angle \u00e0 bois CH 51 avec verre 12 kW &#8211; Focgrup"},"content":{"rendered":"","protected":false},"excerpt":{"rendered":"<p>Grande chemin\u00e9e d\u00e9corative et de chauffage adapt\u00e9e \u00e0 une installation en angle. Une version plus grande, CH 52, est \u00e9galement disponible.<\/p>\n","protected":false},"featured_media":60136,"template":"","meta":{"_acf_changed":false},"product_brand":[4810],"product_cat":[4582],"product_tag":[],"class_list":{"0":"post-61304","1":"product","2":"type-product","3":"status-publish","4":"has-post-thumbnail","6":"product_brand-focgrup-fr","7":"product_cat-cheminees-design","8":"product_shipping_class-caminetti-di-design-2-2","9":"pa_colore-anthracite-fr","10":"pa_colore-anthracite-finition-chrome","11":"sales-flash-overlay","12":"woocommerce-text-align-center","13":"woocommerce-image-align-center","14":"do-quantity-buttons","16":"first","17":"instock","18":"taxable","19":"shipping-taxable","20":"purchasable","21":"product-type-variable"},"acf":[],"_links":{"self":[{"href":"https:\/\/www.fokussrl.com\/fr\/wp-json\/wp\/v2\/product\/61304","targetHints":{"allow":["GET"]}}],"collection":[{"href":"https:\/\/www.fokussrl.com\/fr\/wp-json\/wp\/v2\/product"}],"about":[{"href":"https:\/\/www.fokussrl.com\/fr\/wp-json\/wp\/v2\/types\/product"}],"wp:featuredmedia":[{"embeddable":true,"href":"https:\/\/www.fokussrl.com\/fr\/wp-json\/wp\/v2\/media\/60136"}],"wp:attachment":[{"href":"https:\/\/www.fokussrl.com\/fr\/wp-json\/wp\/v2\/media?parent=61304"}],"wp:term":[{"taxonomy":"product_brand","embeddable":true,"href":"https:\/\/www.fokussrl.com\/fr\/wp-json\/wp\/v2\/product_brand?post=61304"},{"taxonomy":"product_cat","embeddable":true,"href":"https:\/\/www.fokussrl.com\/fr\/wp-json\/wp\/v2\/product_cat?post=61304"},{"taxonomy":"product_tag","embeddable":true,"href":"https:\/\/www.fokussrl.com\/fr\/wp-json\/wp\/v2\/product_tag?post=61304"}],"curies":[{"name":"wp","href":"https:\/\/api.w.org\/{rel}","templated":true}]}}