{"id":61321,"date":"2025-02-04T01:15:59","date_gmt":"2025-02-04T00:15:59","guid":{"rendered":"http:\/\/fokussrl.com\/prodotto\/cheminee-d-angle-bois-ch-83-avec-verre-14-4-kw\/"},"modified":"2025-02-04T01:33:25","modified_gmt":"2025-02-04T00:33:25","slug":"cheminee-d-angle-bois-ch-83-avec-verre-14-4-kw","status":"publish","type":"product","link":"https:\/\/www.fokussrl.com\/fr\/produit\/cheminee-d-angle-bois-ch-83-avec-verre-14-4-kw\/","title":{"rendered":"Chemin\u00e9e d&rsquo;angle \u00e0 bois CH 83 avec verre 14,4 kW &#8211; Focgrup"},"content":{"rendered":"","protected":false},"excerpt":{"rendered":"<p>Une chemin\u00e9e d\u00e9corative et de chauffage adapt\u00e9e \u00e0 une installation en angle. Comprend un rev\u00eatement int\u00e9rieur en briques et un dessus en briques. Disponible en version droite et gauche.<\/p>\n","protected":false},"featured_media":60184,"template":"","meta":{"_acf_changed":false},"product_brand":[4810],"product_cat":[4582],"product_tag":[],"class_list":{"0":"post-61321","1":"product","2":"type-product","3":"status-publish","4":"has-post-thumbnail","6":"product_brand-focgrup-fr","7":"product_cat-cheminees-design","8":"product_shipping_class-caminetti-di-design-2-2","9":"pa_colore-anthracite-fr","10":"pa_colore-anthracite-finition-chrome","11":"pa_versione-droite-3","12":"pa_versione-gauche-fr","13":"sales-flash-overlay","14":"woocommerce-text-align-center","15":"woocommerce-image-align-center","16":"do-quantity-buttons","18":"first","19":"instock","20":"taxable","21":"shipping-taxable","22":"purchasable","23":"product-type-variable"},"acf":[],"_links":{"self":[{"href":"https:\/\/www.fokussrl.com\/fr\/wp-json\/wp\/v2\/product\/61321","targetHints":{"allow":["GET"]}}],"collection":[{"href":"https:\/\/www.fokussrl.com\/fr\/wp-json\/wp\/v2\/product"}],"about":[{"href":"https:\/\/www.fokussrl.com\/fr\/wp-json\/wp\/v2\/types\/product"}],"wp:featuredmedia":[{"embeddable":true,"href":"https:\/\/www.fokussrl.com\/fr\/wp-json\/wp\/v2\/media\/60184"}],"wp:attachment":[{"href":"https:\/\/www.fokussrl.com\/fr\/wp-json\/wp\/v2\/media?parent=61321"}],"wp:term":[{"taxonomy":"product_brand","embeddable":true,"href":"https:\/\/www.fokussrl.com\/fr\/wp-json\/wp\/v2\/product_brand?post=61321"},{"taxonomy":"product_cat","embeddable":true,"href":"https:\/\/www.fokussrl.com\/fr\/wp-json\/wp\/v2\/product_cat?post=61321"},{"taxonomy":"product_tag","embeddable":true,"href":"https:\/\/www.fokussrl.com\/fr\/wp-json\/wp\/v2\/product_tag?post=61321"}],"curies":[{"name":"wp","href":"https:\/\/api.w.org\/{rel}","templated":true}]}}