{"id":61332,"date":"2025-02-04T01:15:59","date_gmt":"2025-02-04T00:15:59","guid":{"rendered":"http:\/\/fokussrl.com\/prodotto\/cheminee-centrale-bois-ch-95-avec-verre-11-kw\/"},"modified":"2025-02-04T01:33:27","modified_gmt":"2025-02-04T00:33:27","slug":"cheminee-centrale-bois-ch-95-avec-verre-11-kw","status":"publish","type":"product","link":"https:\/\/www.fokussrl.com\/fr\/produit\/cheminee-centrale-bois-ch-95-avec-verre-11-kw\/","title":{"rendered":"Chemin\u00e9e centrale \u00e0 bois CH 95 avec verre 11 kW &#8211; Focgrup"},"content":{"rendered":"","protected":false},"excerpt":{"rendered":"<p>Une chemin\u00e9e centrale suspendue en acier peint disponible en 3 couleurs, id\u00e9ale pour un int\u00e9rieur moderne et minimaliste. Sa forme en colonne prismatique la rend unique et d&rsquo;un impact esth\u00e9tique remarquable.<\/p>\n","protected":false},"featured_media":60236,"template":"","meta":{"_acf_changed":false},"product_brand":[4810],"product_cat":[4582],"product_tag":[],"class_list":{"0":"post-61332","1":"product","2":"type-product","3":"status-publish","4":"has-post-thumbnail","6":"product_brand-focgrup-fr","7":"product_cat-cheminees-design","8":"product_shipping_class-caminetti-di-design-2-2","9":"pa_colore-anthracite-fr","10":"pa_colore-inox-fr","11":"pa_colore-rouille","12":"sales-flash-overlay","13":"woocommerce-text-align-center","14":"woocommerce-image-align-center","15":"do-quantity-buttons","17":"first","18":"instock","19":"taxable","20":"shipping-taxable","21":"purchasable","22":"product-type-variable"},"acf":[],"_links":{"self":[{"href":"https:\/\/www.fokussrl.com\/fr\/wp-json\/wp\/v2\/product\/61332","targetHints":{"allow":["GET"]}}],"collection":[{"href":"https:\/\/www.fokussrl.com\/fr\/wp-json\/wp\/v2\/product"}],"about":[{"href":"https:\/\/www.fokussrl.com\/fr\/wp-json\/wp\/v2\/types\/product"}],"wp:featuredmedia":[{"embeddable":true,"href":"https:\/\/www.fokussrl.com\/fr\/wp-json\/wp\/v2\/media\/60236"}],"wp:attachment":[{"href":"https:\/\/www.fokussrl.com\/fr\/wp-json\/wp\/v2\/media?parent=61332"}],"wp:term":[{"taxonomy":"product_brand","embeddable":true,"href":"https:\/\/www.fokussrl.com\/fr\/wp-json\/wp\/v2\/product_brand?post=61332"},{"taxonomy":"product_cat","embeddable":true,"href":"https:\/\/www.fokussrl.com\/fr\/wp-json\/wp\/v2\/product_cat?post=61332"},{"taxonomy":"product_tag","embeddable":true,"href":"https:\/\/www.fokussrl.com\/fr\/wp-json\/wp\/v2\/product_tag?post=61332"}],"curies":[{"name":"wp","href":"https:\/\/api.w.org\/{rel}","templated":true}]}}