{"id":61336,"date":"2025-02-04T01:16:05","date_gmt":"2025-02-04T00:16:05","guid":{"rendered":"http:\/\/fokussrl.com\/prodotto\/cheminee-bois-deux-faces-diamantine-80\/"},"modified":"2025-02-04T01:33:28","modified_gmt":"2025-02-04T00:33:28","slug":"cheminee-bois-deux-faces-diamantine-80","status":"publish","type":"product","link":"https:\/\/www.fokussrl.com\/fr\/produit\/cheminee-bois-deux-faces-diamantine-80\/","title":{"rendered":"Chemin\u00e9e \u00e0 bois deux faces DIAMANTINE 80 &#8211; Bellido"},"content":{"rendered":"","protected":false},"excerpt":{"rendered":"<p>Une chemin\u00e9e \u00e0 bois avec deux c\u00f4t\u00e9s en verre, droite ou gauche, autoportante avec une porte en verre s\u00e9rigraphi\u00e9. Une solution moderne et minimaliste. Options disponibles : un pi\u00e9destal, un support de stockage de bois, une installation autoportante ou un support de suspension. Livr\u00e9e avec un kit de ventilation frontale.<\/p>\n","protected":false},"featured_media":60252,"template":"","meta":{"_acf_changed":false},"product_brand":[4796],"product_cat":[4582],"product_tag":[],"class_list":{"0":"post-61336","1":"product","2":"type-product","3":"status-publish","4":"has-post-thumbnail","6":"product_brand-bellido-fr","7":"product_cat-cheminees-design","8":"product_shipping_class-caminetti-di-design-2-2","9":"pa_versione-droite-3","10":"pa_versione-gauche-fr","11":"sales-flash-overlay","12":"woocommerce-text-align-center","13":"woocommerce-image-align-center","14":"do-quantity-buttons","16":"first","17":"instock","18":"taxable","19":"shipping-taxable","20":"purchasable","21":"product-type-variable"},"acf":[],"_links":{"self":[{"href":"https:\/\/www.fokussrl.com\/fr\/wp-json\/wp\/v2\/product\/61336","targetHints":{"allow":["GET"]}}],"collection":[{"href":"https:\/\/www.fokussrl.com\/fr\/wp-json\/wp\/v2\/product"}],"about":[{"href":"https:\/\/www.fokussrl.com\/fr\/wp-json\/wp\/v2\/types\/product"}],"wp:featuredmedia":[{"embeddable":true,"href":"https:\/\/www.fokussrl.com\/fr\/wp-json\/wp\/v2\/media\/60252"}],"wp:attachment":[{"href":"https:\/\/www.fokussrl.com\/fr\/wp-json\/wp\/v2\/media?parent=61336"}],"wp:term":[{"taxonomy":"product_brand","embeddable":true,"href":"https:\/\/www.fokussrl.com\/fr\/wp-json\/wp\/v2\/product_brand?post=61336"},{"taxonomy":"product_cat","embeddable":true,"href":"https:\/\/www.fokussrl.com\/fr\/wp-json\/wp\/v2\/product_cat?post=61336"},{"taxonomy":"product_tag","embeddable":true,"href":"https:\/\/www.fokussrl.com\/fr\/wp-json\/wp\/v2\/product_tag?post=61336"}],"curies":[{"name":"wp","href":"https:\/\/api.w.org\/{rel}","templated":true}]}}