{"id":61342,"date":"2025-02-04T01:16:05","date_gmt":"2025-02-04T00:16:05","guid":{"rendered":"http:\/\/fokussrl.com\/prodotto\/cuisiniere-bois-family-4-5\/"},"modified":"2026-01-14T09:13:03","modified_gmt":"2026-01-14T08:13:03","slug":"cuisiniere-bois-family-4-5","status":"publish","type":"product","link":"https:\/\/www.fokussrl.com\/fr\/produit\/cuisiniere-bois-family-4-5\/","title":{"rendered":"Cuisini\u00e8re \u00e0 bois FAMILY VST &#8211; La Nordica &#8211; Extraflame"},"content":{"rendered":"<p data-start=\"0\" data-end=\"541\">Foyer en fonte<br data-start=\"18\" data-end=\"21\" \/>Portes en acier \u00e9maill\u00e9<br data-start=\"48\" data-end=\"51\" data-is-only-node=\"\" \/>Fa\u00e7ade et cadre en fonte \u00e9maill\u00e9e<br data-start=\"88\" data-end=\"91\" \/>Plaque et anneaux en fonte polie<br data-start=\"127\" data-end=\"130\" \/>Tiroir \u00e0 cendres amovible<br data-start=\"159\" data-end=\"162\" \/>Syst\u00e8me de post-combustion pour faibles \u00e9missions<br data-start=\"215\" data-end=\"218\" \/>Porte du foyer \u00e0 double vitrage avec int\u00e9rieur en c\u00e9ramique<br data-start=\"281\" data-end=\"284\" \/>Porte du four \u00e0 double vitrage<br data-start=\"318\" data-end=\"321\" \/>Four en acier \u00e9maill\u00e9 porcelaine de 41 litres<br data-start=\"370\" data-end=\"373\" \/>Grand tiroir porte-b\u00fbches<br data-start=\"402\" data-end=\"405\" \/>Sortie des fum\u00e9es sup\u00e9rieure c\u00f4t\u00e9 droit<br data-start=\"448\" data-end=\"451\" \/>Pieds facilitant le nettoyage<br data-start=\"484\" data-end=\"487\" \/>Plaque de four \u00e9maill\u00e9e (1 pi\u00e8ce) incluse de s\u00e9rie<\/p>\n<p data-start=\"543\" data-end=\"685\">Ce produit est certifi\u00e9 5 \u00e9toiles conform\u00e9ment aux exigences d\u2019\u00e9missions et de rendement de la certification Air Propre (Aria Pulita).<\/p>\n<p data-start=\"687\" data-end=\"981\" data-is-last-node=\"\" data-is-only-node=\"\">Puissance thermique nominale : 7,5 kW<br data-start=\"728\" data-end=\"731\" \/>Volume chauffable : 215 m\u00b3<br data-start=\"761\" data-end=\"764\" data-is-only-node=\"\" \/>Rendement : 81,0 %<br data-start=\"786\" data-end=\"789\" \/>Dimensions (L \u00d7 H \u00d7 P) : 964 \u00d7 853 \u00d7 642 mm<br data-start=\"836\" data-end=\"839\" \/>Poids net : 125 kg<br data-start=\"861\" data-end=\"864\" \/>Consommation horaire : 2,2 kg\/h<br data-start=\"899\" data-end=\"902\" \/>Diam\u00e8tre de la sortie des fum\u00e9es (\u00d8) : 130 mm<br data-start=\"951\" data-end=\"954\" \/>Classe \u00e9nerg\u00e9tique : A+<\/p>\n","protected":false},"excerpt":{"rendered":"<p>La cuisini\u00e8re \u00e0 bois Nordica Family 4,5 combine tradition et innovation. Elle dispose d&rsquo;un grand four de 41 litres et d&rsquo;une puissance thermique de 7,5 kW, capable de chauffer jusqu&rsquo;\u00e0 215 m\u00b3.<\/p>\n","protected":false},"featured_media":68503,"template":"","meta":{"_acf_changed":false},"product_brand":[4824],"product_cat":[4588],"product_tag":[],"class_list":{"0":"post-61342","1":"product","2":"type-product","3":"status-publish","4":"has-post-thumbnail","6":"product_brand-la-nordica-extraflame-fr","7":"product_cat-cuisinieres-au-bois","8":"product_shipping_class-cucine-a-legna-2-2","9":"pa_colore-blanc","10":"pa_colore-caramel-fr","11":"pa_colore-noir","12":"sales-flash-overlay","13":"woocommerce-text-align-center","14":"woocommerce-image-align-center","15":"do-quantity-buttons","17":"first","18":"instock","19":"taxable","20":"shipping-taxable","21":"purchasable","22":"product-type-variable"},"acf":[],"_links":{"self":[{"href":"https:\/\/www.fokussrl.com\/fr\/wp-json\/wp\/v2\/product\/61342","targetHints":{"allow":["GET"]}}],"collection":[{"href":"https:\/\/www.fokussrl.com\/fr\/wp-json\/wp\/v2\/product"}],"about":[{"href":"https:\/\/www.fokussrl.com\/fr\/wp-json\/wp\/v2\/types\/product"}],"wp:featuredmedia":[{"embeddable":true,"href":"https:\/\/www.fokussrl.com\/fr\/wp-json\/wp\/v2\/media\/68503"}],"wp:attachment":[{"href":"https:\/\/www.fokussrl.com\/fr\/wp-json\/wp\/v2\/media?parent=61342"}],"wp:term":[{"taxonomy":"product_brand","embeddable":true,"href":"https:\/\/www.fokussrl.com\/fr\/wp-json\/wp\/v2\/product_brand?post=61342"},{"taxonomy":"product_cat","embeddable":true,"href":"https:\/\/www.fokussrl.com\/fr\/wp-json\/wp\/v2\/product_cat?post=61342"},{"taxonomy":"product_tag","embeddable":true,"href":"https:\/\/www.fokussrl.com\/fr\/wp-json\/wp\/v2\/product_tag?post=61342"}],"curies":[{"name":"wp","href":"https:\/\/api.w.org\/{rel}","templated":true}]}}