{"id":61346,"date":"2025-02-04T01:16:05","date_gmt":"2025-02-04T00:16:05","guid":{"rendered":"http:\/\/fokussrl.com\/prodotto\/cuisiniere-bois-gaia-vl-7-3-kw\/"},"modified":"2025-02-04T01:33:30","modified_gmt":"2025-02-04T00:33:30","slug":"cuisiniere-bois-gaia-vl-7-3-kw","status":"publish","type":"product","link":"https:\/\/www.fokussrl.com\/fr\/produit\/cuisiniere-bois-gaia-vl-7-3-kw\/","title":{"rendered":"Cuisini\u00e8re \u00e0 bois GAIA VL 7,3 kW &#8211; Lincar"},"content":{"rendered":"","protected":false},"excerpt":{"rendered":"<p>Cuisini\u00e8re \u00e0 bois avec flamme visible et four, 5 portes, tiroir de rangement pour le bois, finition en acier \u00e9maill\u00e9, plaque en fonte \u00e9maill\u00e9e, compartiment \u00e0 bois spacieux, poign\u00e9es et rails chrom\u00e9s, verre c\u00e9ramique, foyer enti\u00e8rement doubl\u00e9 de vermiculite\/r\u00e9fractaire, int\u00e9rieur du four en acier inoxydable, sortie des fum\u00e9es multi-positions : sup\u00e9rieure ou arri\u00e8re.<\/p>\n","protected":false},"featured_media":60306,"template":"","meta":{"_acf_changed":false},"product_brand":[4827],"product_cat":[4588],"product_tag":[],"class_list":{"0":"post-61346","1":"product","2":"type-product","3":"status-publish","4":"has-post-thumbnail","6":"product_brand-lincar-fr","7":"product_cat-cuisinieres-au-bois","8":"product_shipping_class-cucine-a-legna-2-2","9":"pa_colore-beige-fr","10":"pa_colore-blanc","11":"pa_colore-pierre-ollaire-raffinee","12":"pa_colore-rouge","13":"sales-flash-overlay","14":"woocommerce-text-align-center","15":"woocommerce-image-align-center","16":"do-quantity-buttons","18":"first","19":"instock","20":"taxable","21":"shipping-taxable","22":"purchasable","23":"product-type-variable"},"acf":[],"_links":{"self":[{"href":"https:\/\/www.fokussrl.com\/fr\/wp-json\/wp\/v2\/product\/61346","targetHints":{"allow":["GET"]}}],"collection":[{"href":"https:\/\/www.fokussrl.com\/fr\/wp-json\/wp\/v2\/product"}],"about":[{"href":"https:\/\/www.fokussrl.com\/fr\/wp-json\/wp\/v2\/types\/product"}],"wp:featuredmedia":[{"embeddable":true,"href":"https:\/\/www.fokussrl.com\/fr\/wp-json\/wp\/v2\/media\/60306"}],"wp:attachment":[{"href":"https:\/\/www.fokussrl.com\/fr\/wp-json\/wp\/v2\/media?parent=61346"}],"wp:term":[{"taxonomy":"product_brand","embeddable":true,"href":"https:\/\/www.fokussrl.com\/fr\/wp-json\/wp\/v2\/product_brand?post=61346"},{"taxonomy":"product_cat","embeddable":true,"href":"https:\/\/www.fokussrl.com\/fr\/wp-json\/wp\/v2\/product_cat?post=61346"},{"taxonomy":"product_tag","embeddable":true,"href":"https:\/\/www.fokussrl.com\/fr\/wp-json\/wp\/v2\/product_tag?post=61346"}],"curies":[{"name":"wp","href":"https:\/\/api.w.org\/{rel}","templated":true}]}}