{"id":61351,"date":"2025-02-04T01:16:05","date_gmt":"2025-02-04T00:16:05","guid":{"rendered":"http:\/\/fokussrl.com\/prodotto\/cuisiniere-bois-lea-80\/"},"modified":"2025-02-04T01:33:32","modified_gmt":"2025-02-04T00:33:32","slug":"cuisiniere-bois-lea-80","status":"publish","type":"product","link":"https:\/\/www.fokussrl.com\/fr\/produit\/cuisiniere-bois-lea-80\/","title":{"rendered":"Cuisini\u00e8re \u00e0 bois LEA 80 &#8211; Ugo Cadel"},"content":{"rendered":"","protected":false},"excerpt":{"rendered":"<p>Simple et fonctionnelle, cette cuisini\u00e8re \u00e0 bois combine le chauffage de la cuisine \u00e0 la cuisson traditionnelle des aliments. \u00c9conomique en prix et en consommation.<\/p>\n","protected":false},"featured_media":60327,"template":"","meta":{"_acf_changed":false},"product_brand":[4840],"product_cat":[4588],"product_tag":[],"class_list":{"0":"post-61351","1":"product","2":"type-product","3":"status-publish","4":"has-post-thumbnail","6":"product_brand-ugo-cadel-fr","7":"product_cat-cuisinieres-au-bois","8":"product_shipping_class-cucine-a-legna-2-2","9":"pa_colore-beige-fr","10":"pa_colore-bordeaux-fr","11":"pa_colore-noir","12":"sales-flash-overlay","13":"woocommerce-text-align-center","14":"woocommerce-image-align-center","15":"do-quantity-buttons","17":"first","18":"instock","19":"taxable","20":"shipping-taxable","21":"purchasable","22":"product-type-variable"},"acf":[],"_links":{"self":[{"href":"https:\/\/www.fokussrl.com\/fr\/wp-json\/wp\/v2\/product\/61351","targetHints":{"allow":["GET"]}}],"collection":[{"href":"https:\/\/www.fokussrl.com\/fr\/wp-json\/wp\/v2\/product"}],"about":[{"href":"https:\/\/www.fokussrl.com\/fr\/wp-json\/wp\/v2\/types\/product"}],"wp:featuredmedia":[{"embeddable":true,"href":"https:\/\/www.fokussrl.com\/fr\/wp-json\/wp\/v2\/media\/60327"}],"wp:attachment":[{"href":"https:\/\/www.fokussrl.com\/fr\/wp-json\/wp\/v2\/media?parent=61351"}],"wp:term":[{"taxonomy":"product_brand","embeddable":true,"href":"https:\/\/www.fokussrl.com\/fr\/wp-json\/wp\/v2\/product_brand?post=61351"},{"taxonomy":"product_cat","embeddable":true,"href":"https:\/\/www.fokussrl.com\/fr\/wp-json\/wp\/v2\/product_cat?post=61351"},{"taxonomy":"product_tag","embeddable":true,"href":"https:\/\/www.fokussrl.com\/fr\/wp-json\/wp\/v2\/product_tag?post=61351"}],"curies":[{"name":"wp","href":"https:\/\/api.w.org\/{rel}","templated":true}]}}