{"id":61355,"date":"2025-02-04T01:16:10","date_gmt":"2025-02-04T00:16:10","guid":{"rendered":"http:\/\/fokussrl.com\/prodotto\/cuisiniere-bois-margherita-evo\/"},"modified":"2025-02-04T01:33:32","modified_gmt":"2025-02-04T00:33:32","slug":"cuisiniere-bois-margherita-evo","status":"publish","type":"product","link":"https:\/\/www.fokussrl.com\/fr\/produit\/cuisiniere-bois-margherita-evo\/","title":{"rendered":"Cuisini\u00e8re \u00e0 bois MARGHERITA EVO &#8211; Thermorossi"},"content":{"rendered":"","protected":false},"excerpt":{"rendered":"<p>Lib\u00e9rez votre cr\u00e9ativit\u00e9 en cuisine gr\u00e2ce \u00e0 l&rsquo;ing\u00e9nieux dispositif brevet\u00e9 \u00abPANEPIZZA\u00bb.<\/p>\n<p>Une grande porte unique renferme deux fours ind\u00e9pendants : g\u00e9rez la chaleur comme vous le souhaitez, le four sup\u00e9rieur pouvant utiliser des temp\u00e9ratures plus \u00e9lev\u00e9es gr\u00e2ce \u00e0 un circuit de fum\u00e9es d\u00e9di\u00e9.<\/p>\n<p>Les deux fours sont \u00e9quip\u00e9s d&rsquo;une base en pierre ollaire et d&rsquo;un thermom\u00e8tre d\u00e9di\u00e9.<\/p>\n<p>Eau, levure et farine, et une petite magie op\u00e8re \u00e0 la maison. Trois ingr\u00e9dients apparemment tr\u00e8s simples donnent naissance \u00e0 quelque chose d&rsquo;incroyablement sp\u00e9cial et parfum\u00e9, r\u00e9unissant toute la famille.<\/p>\n<p>Ce produit est conforme aux normes de la Classe 5 \u00c9toiles.<\/p>\n","protected":false},"featured_media":60351,"template":"","meta":{"_acf_changed":false},"product_brand":[4839],"product_cat":[4588],"product_tag":[],"class_list":{"0":"post-61355","1":"product","2":"type-product","3":"status-publish","4":"has-post-thumbnail","6":"product_brand-thermorossi-fr","7":"product_cat-cuisinieres-au-bois","8":"product_shipping_class-cucine-a-legna-2-2","9":"pa_colore-beige-fr","10":"pa_colore-bordeaux-fr","11":"pa_colore-roche-naturelle","12":"sales-flash-overlay","13":"woocommerce-text-align-center","14":"woocommerce-image-align-center","15":"do-quantity-buttons","17":"first","18":"instock","19":"taxable","20":"shipping-taxable","21":"product-type-variable"},"acf":[],"_links":{"self":[{"href":"https:\/\/www.fokussrl.com\/fr\/wp-json\/wp\/v2\/product\/61355","targetHints":{"allow":["GET"]}}],"collection":[{"href":"https:\/\/www.fokussrl.com\/fr\/wp-json\/wp\/v2\/product"}],"about":[{"href":"https:\/\/www.fokussrl.com\/fr\/wp-json\/wp\/v2\/types\/product"}],"wp:featuredmedia":[{"embeddable":true,"href":"https:\/\/www.fokussrl.com\/fr\/wp-json\/wp\/v2\/media\/60351"}],"wp:attachment":[{"href":"https:\/\/www.fokussrl.com\/fr\/wp-json\/wp\/v2\/media?parent=61355"}],"wp:term":[{"taxonomy":"product_brand","embeddable":true,"href":"https:\/\/www.fokussrl.com\/fr\/wp-json\/wp\/v2\/product_brand?post=61355"},{"taxonomy":"product_cat","embeddable":true,"href":"https:\/\/www.fokussrl.com\/fr\/wp-json\/wp\/v2\/product_cat?post=61355"},{"taxonomy":"product_tag","embeddable":true,"href":"https:\/\/www.fokussrl.com\/fr\/wp-json\/wp\/v2\/product_tag?post=61355"}],"curies":[{"name":"wp","href":"https:\/\/api.w.org\/{rel}","templated":true}]}}