{"id":61359,"date":"2025-02-04T01:16:10","date_gmt":"2025-02-04T00:16:10","guid":{"rendered":"http:\/\/fokussrl.com\/prodotto\/cuisiniere-bois-nada-9-3-kw\/"},"modified":"2025-02-04T01:33:33","modified_gmt":"2025-02-04T00:33:33","slug":"cuisiniere-bois-nada-9-3-kw","status":"publish","type":"product","link":"https:\/\/www.fokussrl.com\/fr\/produit\/cuisiniere-bois-nada-9-3-kw\/","title":{"rendered":"Cuisini\u00e8re \u00e0 bois NADA 9,3 kW &#8211; Lincar"},"content":{"rendered":"","protected":false},"excerpt":{"rendered":"<p>Nouvelle cuisini\u00e8re \u00e0 bois Nada, au design essentiel combin\u00e9 \u00e0 la performance et \u00e0 la qualit\u00e9, grand foyer et four, int\u00e9rieur en fonte et vermiculite, dessus en fonte \u00e9maill\u00e9e, sortie des fum\u00e9es \u00e0 droite, finition en acier \u00e9maill\u00e9.<\/p>\n","protected":false},"featured_media":60371,"template":"","meta":{"_acf_changed":false},"product_brand":[4827],"product_cat":[4588],"product_tag":[],"class_list":{"0":"post-61359","1":"product","2":"type-product","3":"status-publish","4":"has-post-thumbnail","6":"product_brand-lincar-fr","7":"product_cat-cuisinieres-au-bois","8":"product_shipping_class-cucine-a-legna-2-2","9":"pa_colore-anthracite-fr","10":"pa_colore-blanc","11":"pa_colore-cappuccino-fr","12":"sales-flash-overlay","13":"woocommerce-text-align-center","14":"woocommerce-image-align-center","15":"do-quantity-buttons","17":"first","18":"instock","19":"taxable","20":"shipping-taxable","21":"purchasable","22":"product-type-variable"},"acf":[],"_links":{"self":[{"href":"https:\/\/www.fokussrl.com\/fr\/wp-json\/wp\/v2\/product\/61359","targetHints":{"allow":["GET"]}}],"collection":[{"href":"https:\/\/www.fokussrl.com\/fr\/wp-json\/wp\/v2\/product"}],"about":[{"href":"https:\/\/www.fokussrl.com\/fr\/wp-json\/wp\/v2\/types\/product"}],"wp:featuredmedia":[{"embeddable":true,"href":"https:\/\/www.fokussrl.com\/fr\/wp-json\/wp\/v2\/media\/60371"}],"wp:attachment":[{"href":"https:\/\/www.fokussrl.com\/fr\/wp-json\/wp\/v2\/media?parent=61359"}],"wp:term":[{"taxonomy":"product_brand","embeddable":true,"href":"https:\/\/www.fokussrl.com\/fr\/wp-json\/wp\/v2\/product_brand?post=61359"},{"taxonomy":"product_cat","embeddable":true,"href":"https:\/\/www.fokussrl.com\/fr\/wp-json\/wp\/v2\/product_cat?post=61359"},{"taxonomy":"product_tag","embeddable":true,"href":"https:\/\/www.fokussrl.com\/fr\/wp-json\/wp\/v2\/product_tag?post=61359"}],"curies":[{"name":"wp","href":"https:\/\/api.w.org\/{rel}","templated":true}]}}