{"id":61371,"date":"2025-02-04T01:16:10","date_gmt":"2025-02-04T00:16:10","guid":{"rendered":"http:\/\/fokussrl.com\/prodotto\/cuisiniere-granules-enrica-9-kw\/"},"modified":"2025-02-04T01:33:36","modified_gmt":"2025-02-04T00:33:36","slug":"cuisiniere-granules-enrica-9-kw","status":"publish","type":"product","link":"https:\/\/www.fokussrl.com\/fr\/produit\/cuisiniere-granules-enrica-9-kw\/","title":{"rendered":"Cuisini\u00e8re \u00e0 granul\u00e9s ENRICA 9 kW &#8211; Eva Calor"},"content":{"rendered":"","protected":false},"excerpt":{"rendered":"<p>Comme autrefois<\/p>\n<p>Il s&rsquo;agit d&rsquo;une cuisini\u00e8re \u00e0 granul\u00e9s ventil\u00e9e avec un four certifi\u00e9 pour la cuisson. Le tiroir \u00e0 granul\u00e9s frontal pratique permet d&rsquo;utiliser pleinement la surface de cuisson en acier de 90 cm de large. L&rsquo;\u00e9lectronique permet \u00e0 la cuisini\u00e8re de fonctionner en fonction de la temp\u00e9rature souhait\u00e9e dans la pi\u00e8ce ou dans le four (entre 120 et 250\u00b0C).<\/p>\n<p>La ventilation ambiante forc\u00e9e peut \u00eatre d\u00e9sactiv\u00e9e en \u00e9t\u00e9 pour l&rsquo;utilisation du four.<\/p>\n","protected":false},"featured_media":60439,"template":"","meta":{"_acf_changed":false},"product_brand":[4807],"product_cat":[4589],"product_tag":[],"class_list":{"0":"post-61371","1":"product","2":"type-product","3":"status-publish","4":"has-post-thumbnail","6":"product_brand-eva-calor-fr","7":"product_cat-cuisinieres-a-granules","8":"product_shipping_class-cucine-a-pellet-2-2","9":"pa_colore-ivoire","10":"pa_colore-noir-gaufre","11":"pa_colore-rouge","12":"sales-flash-overlay","13":"woocommerce-text-align-center","14":"woocommerce-image-align-center","15":"do-quantity-buttons","17":"first","18":"instock","19":"taxable","20":"shipping-taxable","21":"purchasable","22":"product-type-variable"},"acf":[],"_links":{"self":[{"href":"https:\/\/www.fokussrl.com\/fr\/wp-json\/wp\/v2\/product\/61371","targetHints":{"allow":["GET"]}}],"collection":[{"href":"https:\/\/www.fokussrl.com\/fr\/wp-json\/wp\/v2\/product"}],"about":[{"href":"https:\/\/www.fokussrl.com\/fr\/wp-json\/wp\/v2\/types\/product"}],"wp:featuredmedia":[{"embeddable":true,"href":"https:\/\/www.fokussrl.com\/fr\/wp-json\/wp\/v2\/media\/60439"}],"wp:attachment":[{"href":"https:\/\/www.fokussrl.com\/fr\/wp-json\/wp\/v2\/media?parent=61371"}],"wp:term":[{"taxonomy":"product_brand","embeddable":true,"href":"https:\/\/www.fokussrl.com\/fr\/wp-json\/wp\/v2\/product_brand?post=61371"},{"taxonomy":"product_cat","embeddable":true,"href":"https:\/\/www.fokussrl.com\/fr\/wp-json\/wp\/v2\/product_cat?post=61371"},{"taxonomy":"product_tag","embeddable":true,"href":"https:\/\/www.fokussrl.com\/fr\/wp-json\/wp\/v2\/product_tag?post=61371"}],"curies":[{"name":"wp","href":"https:\/\/api.w.org\/{rel}","templated":true}]}}