{"id":61375,"date":"2025-02-04T01:16:15","date_gmt":"2025-02-04T00:16:15","guid":{"rendered":"http:\/\/fokussrl.com\/prodotto\/cuisiniere-granules-giada-sn-black-line\/"},"modified":"2025-02-04T01:33:37","modified_gmt":"2025-02-04T00:33:37","slug":"cuisiniere-granules-giada-sn-black-line","status":"publish","type":"product","link":"https:\/\/www.fokussrl.com\/fr\/produit\/cuisiniere-granules-giada-sn-black-line\/","title":{"rendered":"Cuisini\u00e8re \u00e0 granul\u00e9s GIADA SN BLACK LINE &#8211; Laminox"},"content":{"rendered":"","protected":false},"excerpt":{"rendered":"<p>Une cuisini\u00e8re \u00e0 granul\u00e9s \u00e0 tirage naturel avec un plan de cuisson en acier inoxydable, un four et un chauffe-plat. Ne n\u00e9cessite aucun support \u00e9lectrique ou \u00e9lectronique.<\/p>\n","protected":false},"featured_media":60471,"template":"","meta":{"_acf_changed":false},"product_brand":[4826],"product_cat":[4589],"product_tag":[],"class_list":{"0":"post-61375","1":"product","2":"type-product","3":"status-publish","4":"has-post-thumbnail","6":"product_brand-laminox-idro-fr","7":"product_cat-cuisinieres-a-granules","8":"product_shipping_class-cucine-a-pellet-2-2","9":"pa_colore-blanc","10":"pa_colore-bordeaux-fr","11":"pa_colore-gris-aluminium","12":"sales-flash-overlay","13":"woocommerce-text-align-center","14":"woocommerce-image-align-center","15":"do-quantity-buttons","17":"first","18":"instock","19":"taxable","20":"shipping-taxable","21":"product-type-variable"},"acf":[],"_links":{"self":[{"href":"https:\/\/www.fokussrl.com\/fr\/wp-json\/wp\/v2\/product\/61375","targetHints":{"allow":["GET"]}}],"collection":[{"href":"https:\/\/www.fokussrl.com\/fr\/wp-json\/wp\/v2\/product"}],"about":[{"href":"https:\/\/www.fokussrl.com\/fr\/wp-json\/wp\/v2\/types\/product"}],"wp:featuredmedia":[{"embeddable":true,"href":"https:\/\/www.fokussrl.com\/fr\/wp-json\/wp\/v2\/media\/60471"}],"wp:attachment":[{"href":"https:\/\/www.fokussrl.com\/fr\/wp-json\/wp\/v2\/media?parent=61375"}],"wp:term":[{"taxonomy":"product_brand","embeddable":true,"href":"https:\/\/www.fokussrl.com\/fr\/wp-json\/wp\/v2\/product_brand?post=61375"},{"taxonomy":"product_cat","embeddable":true,"href":"https:\/\/www.fokussrl.com\/fr\/wp-json\/wp\/v2\/product_cat?post=61375"},{"taxonomy":"product_tag","embeddable":true,"href":"https:\/\/www.fokussrl.com\/fr\/wp-json\/wp\/v2\/product_tag?post=61375"}],"curies":[{"name":"wp","href":"https:\/\/api.w.org\/{rel}","templated":true}]}}