{"id":61393,"date":"2025-02-04T01:16:15","date_gmt":"2025-02-04T00:16:15","guid":{"rendered":"http:\/\/fokussrl.com\/prodotto\/insert-bois-deux-faces-it-182-ik-dx-sx-13-5-kw\/"},"modified":"2025-02-04T01:33:41","modified_gmt":"2025-02-04T00:33:41","slug":"insert-bois-deux-faces-it-182-ik-dx-sx-13-5-kw","status":"publish","type":"product","link":"https:\/\/www.fokussrl.com\/fr\/produit\/insert-bois-deux-faces-it-182-ik-dx-sx-13-5-kw\/","title":{"rendered":"Insert \u00e0 bois deux faces IT-182 IK Dx ou Sx 13,5 kW &#8211; FM Calefacci\u00f3n"},"content":{"rendered":"","protected":false},"excerpt":{"rendered":"<p>Insert \u00e0 bois de 80 cm avec 2 c\u00f4t\u00e9s en verre, droit ou gauche, int\u00e9rieur en vermiculite et porte en verre s\u00e9rigraphi\u00e9 noir brillant.<\/p>\n","protected":false},"featured_media":60554,"template":"","meta":{"_acf_changed":false},"product_brand":[4809],"product_cat":[4591],"product_tag":[],"class_list":{"0":"post-61393","1":"product","2":"type-product","3":"status-publish","4":"has-post-thumbnail","6":"product_brand-fm-calefaccion-fr","7":"product_cat-inserts-au-bois","8":"product_shipping_class-inserti-a-legna-2-2","9":"pa_versione-droite-3","10":"pa_versione-gauche-fr","11":"sales-flash-overlay","12":"woocommerce-text-align-center","13":"woocommerce-image-align-center","14":"do-quantity-buttons","16":"first","17":"instock","18":"taxable","19":"shipping-taxable","20":"product-type-variable"},"acf":[],"_links":{"self":[{"href":"https:\/\/www.fokussrl.com\/fr\/wp-json\/wp\/v2\/product\/61393","targetHints":{"allow":["GET"]}}],"collection":[{"href":"https:\/\/www.fokussrl.com\/fr\/wp-json\/wp\/v2\/product"}],"about":[{"href":"https:\/\/www.fokussrl.com\/fr\/wp-json\/wp\/v2\/types\/product"}],"wp:featuredmedia":[{"embeddable":true,"href":"https:\/\/www.fokussrl.com\/fr\/wp-json\/wp\/v2\/media\/60554"}],"wp:attachment":[{"href":"https:\/\/www.fokussrl.com\/fr\/wp-json\/wp\/v2\/media?parent=61393"}],"wp:term":[{"taxonomy":"product_brand","embeddable":true,"href":"https:\/\/www.fokussrl.com\/fr\/wp-json\/wp\/v2\/product_brand?post=61393"},{"taxonomy":"product_cat","embeddable":true,"href":"https:\/\/www.fokussrl.com\/fr\/wp-json\/wp\/v2\/product_cat?post=61393"},{"taxonomy":"product_tag","embeddable":true,"href":"https:\/\/www.fokussrl.com\/fr\/wp-json\/wp\/v2\/product_tag?post=61393"}],"curies":[{"name":"wp","href":"https:\/\/api.w.org\/{rel}","templated":true}]}}