{"id":61396,"date":"2025-02-04T01:16:21","date_gmt":"2025-02-04T00:16:21","guid":{"rendered":"http:\/\/fokussrl.com\/prodotto\/insert-bois-frontal-deux-faces-llama-cristal-80\/"},"modified":"2025-02-04T01:33:42","modified_gmt":"2025-02-04T00:33:42","slug":"insert-bois-frontal-deux-faces-llama-cristal-80","status":"publish","type":"product","link":"https:\/\/www.fokussrl.com\/fr\/produit\/insert-bois-frontal-deux-faces-llama-cristal-80\/","title":{"rendered":"Insert \u00e0 bois frontal deux faces LLAMA CRISTAL 80 &#8211; Bellido"},"content":{"rendered":"","protected":false},"excerpt":{"rendered":"<p>Insert \u00e0 bois haut de gamme. Produit \u00ab ECODESIGN 2022 \u00bb pour une combustion durable sans nuire \u00e0 l&rsquo;environnement.<\/p>\n<p>L&rsquo;insert \u00ab Llama Cristal Frontal 80 2L \u00bb est la solution id\u00e9ale pour votre maison.<\/p>\n<p>S\u00fbr, pratique, silencieux et \u00e9cologique, permettant de chauffer de grandes surfaces rapidement. Insert \u00e0 bois au design moderne, int\u00e9rieur en BLACKERAM\u00ae.<\/p>\n<p>\u00c9quip\u00e9 d&rsquo;un syst\u00e8me de ventilation forc\u00e9e avec une turbine tangencielle double corps silencieuse jusqu&rsquo;\u00e0 220 m3. 2 vitesses et thermostat de s\u00e9curit\u00e9.<\/p>\n<p>Pr\u00e9par\u00e9 avec 2 bouches pour diriger l&rsquo;air chaud vers les pi\u00e8ces adjacentes.<\/p>\n<p>Syst\u00e8me de post-combustion. Disponible en version c\u00f4t\u00e9 droit ou gauche.<\/p>\n","protected":false},"featured_media":60572,"template":"","meta":{"_acf_changed":false},"product_brand":[4796],"product_cat":[4591],"product_tag":[],"class_list":{"0":"post-61396","1":"product","2":"type-product","3":"status-publish","4":"has-post-thumbnail","6":"product_brand-bellido-fr","7":"product_cat-inserts-au-bois","8":"product_shipping_class-inserti-a-legna-2-2","9":"pa_versione-droite-3","10":"pa_versione-gauche-fr","11":"sales-flash-overlay","12":"woocommerce-text-align-center","13":"woocommerce-image-align-center","14":"do-quantity-buttons","16":"first","17":"instock","18":"taxable","19":"shipping-taxable","20":"purchasable","21":"product-type-variable"},"acf":[],"_links":{"self":[{"href":"https:\/\/www.fokussrl.com\/fr\/wp-json\/wp\/v2\/product\/61396","targetHints":{"allow":["GET"]}}],"collection":[{"href":"https:\/\/www.fokussrl.com\/fr\/wp-json\/wp\/v2\/product"}],"about":[{"href":"https:\/\/www.fokussrl.com\/fr\/wp-json\/wp\/v2\/types\/product"}],"wp:featuredmedia":[{"embeddable":true,"href":"https:\/\/www.fokussrl.com\/fr\/wp-json\/wp\/v2\/media\/60572"}],"wp:attachment":[{"href":"https:\/\/www.fokussrl.com\/fr\/wp-json\/wp\/v2\/media?parent=61396"}],"wp:term":[{"taxonomy":"product_brand","embeddable":true,"href":"https:\/\/www.fokussrl.com\/fr\/wp-json\/wp\/v2\/product_brand?post=61396"},{"taxonomy":"product_cat","embeddable":true,"href":"https:\/\/www.fokussrl.com\/fr\/wp-json\/wp\/v2\/product_cat?post=61396"},{"taxonomy":"product_tag","embeddable":true,"href":"https:\/\/www.fokussrl.com\/fr\/wp-json\/wp\/v2\/product_tag?post=61396"}],"curies":[{"name":"wp","href":"https:\/\/api.w.org\/{rel}","templated":true}]}}