{"id":61399,"date":"2025-02-04T01:16:21","date_gmt":"2025-02-04T00:16:21","guid":{"rendered":"http:\/\/fokussrl.com\/prodotto\/poele-bois-avec-four-monella-185-n\/"},"modified":"2025-02-04T01:33:43","modified_gmt":"2025-02-04T00:33:43","slug":"poele-bois-avec-four-monella-185-n","status":"publish","type":"product","link":"https:\/\/www.fokussrl.com\/fr\/produit\/poele-bois-avec-four-monella-185-n\/","title":{"rendered":"Po\u00eale \u00e0 bois avec four MONELLA 185 N &#8211; Lincar"},"content":{"rendered":"","protected":false},"excerpt":{"rendered":"<p>Po\u00eale \u00e0 bois avec four visible dans un design hexagonal exclusif. Rev\u00eatement en c\u00e9ramique et fonte, foyer visible en vermiculite\/r\u00e9fractaire, verre c\u00e9ramique, t\u00eate en fonte \u00e9maill\u00e9e et c\u00e9ramique, int\u00e9rieur du four en acier inoxydable, possibilit\u00e9 de raccordement \u00e0 l&rsquo;air comburant externe.<\/p>\n","protected":false},"featured_media":60587,"template":"","meta":{"_acf_changed":false},"product_brand":[4827],"product_cat":[4601],"product_tag":[],"class_list":{"0":"post-61399","1":"product","2":"type-product","3":"status-publish","4":"has-post-thumbnail","6":"product_brand-lincar-fr","7":"product_cat-poeles-au-bois-avec-four","8":"product_shipping_class-stufe-a-legna-con-forno-2-2","9":"pa_colore-beige-fr","10":"pa_colore-blanc","11":"pa_colore-noir","12":"pa_colore-rouge","13":"sales-flash-overlay","14":"woocommerce-text-align-center","15":"woocommerce-image-align-center","16":"do-quantity-buttons","18":"first","19":"instock","20":"taxable","21":"shipping-taxable","22":"purchasable","23":"product-type-variable"},"acf":[],"_links":{"self":[{"href":"https:\/\/www.fokussrl.com\/fr\/wp-json\/wp\/v2\/product\/61399","targetHints":{"allow":["GET"]}}],"collection":[{"href":"https:\/\/www.fokussrl.com\/fr\/wp-json\/wp\/v2\/product"}],"about":[{"href":"https:\/\/www.fokussrl.com\/fr\/wp-json\/wp\/v2\/types\/product"}],"wp:featuredmedia":[{"embeddable":true,"href":"https:\/\/www.fokussrl.com\/fr\/wp-json\/wp\/v2\/media\/60587"}],"wp:attachment":[{"href":"https:\/\/www.fokussrl.com\/fr\/wp-json\/wp\/v2\/media?parent=61399"}],"wp:term":[{"taxonomy":"product_brand","embeddable":true,"href":"https:\/\/www.fokussrl.com\/fr\/wp-json\/wp\/v2\/product_brand?post=61399"},{"taxonomy":"product_cat","embeddable":true,"href":"https:\/\/www.fokussrl.com\/fr\/wp-json\/wp\/v2\/product_cat?post=61399"},{"taxonomy":"product_tag","embeddable":true,"href":"https:\/\/www.fokussrl.com\/fr\/wp-json\/wp\/v2\/product_tag?post=61399"}],"curies":[{"name":"wp","href":"https:\/\/api.w.org\/{rel}","templated":true}]}}