{"id":61404,"date":"2025-02-04T01:16:21","date_gmt":"2025-02-04T00:16:21","guid":{"rendered":"http:\/\/fokussrl.com\/prodotto\/poele-bois-nadia-8-kw\/"},"modified":"2025-02-04T01:33:43","modified_gmt":"2025-02-04T00:33:43","slug":"poele-bois-nadia-8-kw","status":"publish","type":"product","link":"https:\/\/www.fokussrl.com\/fr\/produit\/poele-bois-nadia-8-kw\/","title":{"rendered":"Po\u00eale \u00e0 bois NADIA 8 kW &#8211; Laminox"},"content":{"rendered":"","protected":false},"excerpt":{"rendered":"<p>Po\u00eale \u00e0 bois haute performance et rendement, design arrondi, structure en acier corten, c\u00f4t\u00e9s peints dans diff\u00e9rentes couleurs.<\/p>\n<p>Portes du foyer (LxH) : 210&#215;290 mm<\/p>\n<p>Chambre de combustion (LxPxH) : 210x320x290 mm<\/p>\n","protected":false},"featured_media":60612,"template":"","meta":{"_acf_changed":false},"product_brand":[4826],"product_cat":[4599],"product_tag":[],"class_list":{"0":"post-61404","1":"product","2":"type-product","3":"status-publish","4":"has-post-thumbnail","6":"product_brand-laminox-idro-fr","7":"product_cat-poeles-au-bois","8":"product_shipping_class-stufe-a-legna-2-2","9":"pa_colore-blanc","10":"pa_colore-bordeaux-fr","11":"pa_colore-bronze-fr","12":"pa_colore-noir-lustre","13":"sales-flash-overlay","14":"woocommerce-text-align-center","15":"woocommerce-image-align-center","16":"do-quantity-buttons","18":"first","19":"instock","20":"taxable","21":"shipping-taxable","22":"purchasable","23":"product-type-variable"},"acf":[],"_links":{"self":[{"href":"https:\/\/www.fokussrl.com\/fr\/wp-json\/wp\/v2\/product\/61404","targetHints":{"allow":["GET"]}}],"collection":[{"href":"https:\/\/www.fokussrl.com\/fr\/wp-json\/wp\/v2\/product"}],"about":[{"href":"https:\/\/www.fokussrl.com\/fr\/wp-json\/wp\/v2\/types\/product"}],"wp:featuredmedia":[{"embeddable":true,"href":"https:\/\/www.fokussrl.com\/fr\/wp-json\/wp\/v2\/media\/60612"}],"wp:attachment":[{"href":"https:\/\/www.fokussrl.com\/fr\/wp-json\/wp\/v2\/media?parent=61404"}],"wp:term":[{"taxonomy":"product_brand","embeddable":true,"href":"https:\/\/www.fokussrl.com\/fr\/wp-json\/wp\/v2\/product_brand?post=61404"},{"taxonomy":"product_cat","embeddable":true,"href":"https:\/\/www.fokussrl.com\/fr\/wp-json\/wp\/v2\/product_cat?post=61404"},{"taxonomy":"product_tag","embeddable":true,"href":"https:\/\/www.fokussrl.com\/fr\/wp-json\/wp\/v2\/product_tag?post=61404"}],"curies":[{"name":"wp","href":"https:\/\/api.w.org\/{rel}","templated":true}]}}