{"id":61409,"date":"2025-02-04T01:16:21","date_gmt":"2025-02-04T00:16:21","guid":{"rendered":"http:\/\/fokussrl.com\/prodotto\/poele-bois-canalisee-nadia-8-kw\/"},"modified":"2025-02-04T01:33:44","modified_gmt":"2025-02-04T00:33:44","slug":"poele-bois-canalisee-nadia-8-kw","status":"publish","type":"product","link":"https:\/\/www.fokussrl.com\/fr\/produit\/poele-bois-canalisee-nadia-8-kw\/","title":{"rendered":"Po\u00eale \u00e0 bois canalis\u00e9e NADIA 8 kW &#8211; Laminox"},"content":{"rendered":"","protected":false},"excerpt":{"rendered":"<p>Po\u00eale \u00e0 bois air 8 kW avec canalisation.<\/p>\n<p>Po\u00eale \u00e0 bois haute performance et rendement, design arrondi, structure en acier corten, c\u00f4t\u00e9s peints dans diff\u00e9rentes couleurs.<\/p>\n<p>Portes du foyer (LxH) : 210&#215;290 mm<\/p>\n<p>Chambre de combustion (LxPxH) : 210x320x290 mm<\/p>\n","protected":false},"featured_media":60612,"template":"","meta":{"_acf_changed":false},"product_brand":[],"product_cat":[4610],"product_tag":[],"class_list":{"0":"post-61409","1":"product","2":"type-product","3":"status-publish","4":"has-post-thumbnail","6":"product_cat-cheminees-hydro-a-granules","7":"sales-flash-overlay","8":"woocommerce-text-align-center","9":"woocommerce-image-align-center","10":"do-quantity-buttons","12":"first","13":"instock","14":"taxable","15":"shipping-taxable","16":"purchasable","17":"product-type-variable"},"acf":[],"_links":{"self":[{"href":"https:\/\/www.fokussrl.com\/fr\/wp-json\/wp\/v2\/product\/61409","targetHints":{"allow":["GET"]}}],"collection":[{"href":"https:\/\/www.fokussrl.com\/fr\/wp-json\/wp\/v2\/product"}],"about":[{"href":"https:\/\/www.fokussrl.com\/fr\/wp-json\/wp\/v2\/types\/product"}],"wp:featuredmedia":[{"embeddable":true,"href":"https:\/\/www.fokussrl.com\/fr\/wp-json\/wp\/v2\/media\/60612"}],"wp:attachment":[{"href":"https:\/\/www.fokussrl.com\/fr\/wp-json\/wp\/v2\/media?parent=61409"}],"wp:term":[{"taxonomy":"product_brand","embeddable":true,"href":"https:\/\/www.fokussrl.com\/fr\/wp-json\/wp\/v2\/product_brand?post=61409"},{"taxonomy":"product_cat","embeddable":true,"href":"https:\/\/www.fokussrl.com\/fr\/wp-json\/wp\/v2\/product_cat?post=61409"},{"taxonomy":"product_tag","embeddable":true,"href":"https:\/\/www.fokussrl.com\/fr\/wp-json\/wp\/v2\/product_tag?post=61409"}],"curies":[{"name":"wp","href":"https:\/\/api.w.org\/{rel}","templated":true}]}}