{"id":61433,"date":"2025-02-04T01:16:26","date_gmt":"2025-02-04T00:16:26","guid":{"rendered":"http:\/\/fokussrl.com\/prodotto\/poele-granules-pyrolytique-kaleo-sans-cheminee\/"},"modified":"2025-02-04T01:33:52","modified_gmt":"2025-02-04T00:33:52","slug":"poele-granules-pyrolytique-kaleo-sans-cheminee","status":"publish","type":"product","link":"https:\/\/www.fokussrl.com\/fr\/produit\/poele-granules-pyrolytique-kaleo-sans-cheminee\/","title":{"rendered":"Po\u00eale \u00e0 granul\u00e9s pyrolytique KALEO sans chemin\u00e9e &#8211; La Castellana"},"content":{"rendered":"","protected":false},"excerpt":{"rendered":"<p>Il s&rsquo;agit d&rsquo;un <strong>CHAUFFAGE EXT\u00c9RIEUR<\/strong> fonctionnant aux granul\u00e9s de bois.<\/p>\n<p>C&rsquo;est un produit innovant et brevet\u00e9 qui pr\u00e9sente de nombreux avantages par rapport aux produits traditionnels \u00e0 gaz ou \u00e9lectriques. Les principaux avantages sont les suivants :<\/p>\n<p>&#8211; pas de fum\u00e9e &#8211; gr\u00e2ce au processus de combustion pyrolytique et \u00e0 la technologie brevet\u00e9e, les granul\u00e9s et les gaz d&rsquo;\u00e9chappement sont br\u00fbl\u00e9s, augmentant consid\u00e9rablement l&rsquo;efficacit\u00e9<\/p>\n<p>&#8211; r\u00e9duction totale des \u00e9missions de CO2 (ce qui est la principale raison pour laquelle les chauffages \u00e0 gaz traditionnels sont de plus en plus interdits dans de nombreuses villes et pays, ainsi que les chauffages \u00e9lectriques qui contribuent \u00e9galement \u00e0 la pollution \u00e0 la source)<\/p>\n<p>&#8211; extr\u00eame polyvalence car il n&rsquo;y a ni c\u00e2bles ni bouteilles de gaz<\/p>\n<p>&#8211; \u00e9limination des probl\u00e8mes de stockage et de remplacement des bouteilles de gaz<\/p>\n<p>&#8211; s\u00e9curit\u00e9 accrue (pas de gaz)<\/p>\n<p>&#8211; s\u00e9curit\u00e9 en cas d&rsquo;attentats dans les lieux publics car les bouteilles de gaz des syst\u00e8mes traditionnels pourraient \u00eatre une cible<\/p>\n<p>&#8211; esth\u00e9tique nettement am\u00e9lior\u00e9e par rapport \u00e0 tous les autres chauffages ext\u00e9rieurs actuellement sur le march\u00e9 &#8211; une atmosph\u00e8re beaucoup plus chaleureuse et engageante qu&rsquo;avec tout autre syst\u00e8me gr\u00e2ce \u00e0 la pr\u00e9sence de bois br\u00fblant produisant une flamme<\/p>\n<p>&#8211; \u00e9conomies importantes par rapport aux syst\u00e8mes \u00e0 gaz traditionnels (environ 20,00 \u20ac par jour par chauffage utilis\u00e9 = 3 600,00 \u20ac par saison)<\/p>\n<p>&#8211; pas besoin d&rsquo;augmenter la puissance \u00e9lectrique disponible ni d&rsquo;installer des syst\u00e8mes \u00e9lectriques co\u00fbteux et complexes pour les syst\u00e8mes de chauffage \u00e9lectriques (qui restent plus chers que les syst\u00e8mes \u00e0 granul\u00e9s)<\/p>\n<p>&#8211; co\u00fbts de maintenance consid\u00e9rablement r\u00e9duits gr\u00e2ce \u00e0 l&rsquo;absence de pi\u00e8ces mobiles, minimisant l&rsquo;usure<\/p>\n","protected":false},"featured_media":60697,"template":"","meta":{"_acf_changed":false},"product_brand":[4823],"product_cat":[4595],"product_tag":[],"class_list":{"0":"post-61433","1":"product","2":"type-product","3":"status-publish","4":"has-post-thumbnail","6":"product_brand-la-castellana-fr","7":"product_cat-chauffages-d-exterieur","8":"product_shipping_class-riscaldatori-da-esterno-2","9":"pa_colore-blanc","10":"pa_colore-noir","11":"sales-flash-overlay","12":"woocommerce-text-align-center","13":"woocommerce-image-align-center","14":"do-quantity-buttons","16":"first","17":"instock","18":"taxable","19":"shipping-taxable","20":"product-type-variable"},"acf":[],"_links":{"self":[{"href":"https:\/\/www.fokussrl.com\/fr\/wp-json\/wp\/v2\/product\/61433","targetHints":{"allow":["GET"]}}],"collection":[{"href":"https:\/\/www.fokussrl.com\/fr\/wp-json\/wp\/v2\/product"}],"about":[{"href":"https:\/\/www.fokussrl.com\/fr\/wp-json\/wp\/v2\/types\/product"}],"wp:featuredmedia":[{"embeddable":true,"href":"https:\/\/www.fokussrl.com\/fr\/wp-json\/wp\/v2\/media\/60697"}],"wp:attachment":[{"href":"https:\/\/www.fokussrl.com\/fr\/wp-json\/wp\/v2\/media?parent=61433"}],"wp:term":[{"taxonomy":"product_brand","embeddable":true,"href":"https:\/\/www.fokussrl.com\/fr\/wp-json\/wp\/v2\/product_brand?post=61433"},{"taxonomy":"product_cat","embeddable":true,"href":"https:\/\/www.fokussrl.com\/fr\/wp-json\/wp\/v2\/product_cat?post=61433"},{"taxonomy":"product_tag","embeddable":true,"href":"https:\/\/www.fokussrl.com\/fr\/wp-json\/wp\/v2\/product_tag?post=61433"}],"curies":[{"name":"wp","href":"https:\/\/api.w.org\/{rel}","templated":true}]}}