{"id":61436,"date":"2025-02-04T01:16:33","date_gmt":"2025-02-04T00:16:33","guid":{"rendered":"http:\/\/fokussrl.com\/prodotto\/poele-granules-canalisee-quadra\/"},"modified":"2025-02-04T01:33:52","modified_gmt":"2025-02-04T00:33:52","slug":"poele-granules-canalisee-quadra","status":"publish","type":"product","link":"https:\/\/www.fokussrl.com\/fr\/produit\/poele-granules-canalisee-quadra\/","title":{"rendered":"Po\u00eale \u00e0 granul\u00e9s canalis\u00e9e QUADRA &#8211; Kalor"},"content":{"rendered":"","protected":false},"excerpt":{"rendered":"<p>Le po\u00eale <strong>Quadra<\/strong> se caract\u00e9rise par sa faible profondeur (25,9 cm). Tous les mod\u00e8les incluent la possibilit\u00e9 de canaliser l&rsquo;air vers une pi\u00e8ce communicante. La chambre de combustion est en vermiculite.<\/p>\n","protected":false},"featured_media":67014,"template":"","meta":{"_acf_changed":false},"product_brand":[4818],"product_cat":[4604],"product_tag":[],"class_list":{"0":"post-61436","1":"product","2":"type-product","3":"status-publish","4":"has-post-thumbnail","6":"product_brand-kalor-fr","7":"product_cat-poeles-a-granules-ventiles","8":"product_shipping_class-stufe-a-pellet-canalizzate-2-2","9":"pa_colore-blanc","10":"pa_colore-bordeaux-fr","11":"pa_colore-noir","12":"sales-flash-overlay","13":"woocommerce-text-align-center","14":"woocommerce-image-align-center","15":"do-quantity-buttons","17":"first","18":"instock","19":"taxable","20":"shipping-taxable","21":"purchasable","22":"product-type-variable"},"acf":[],"_links":{"self":[{"href":"https:\/\/www.fokussrl.com\/fr\/wp-json\/wp\/v2\/product\/61436","targetHints":{"allow":["GET"]}}],"collection":[{"href":"https:\/\/www.fokussrl.com\/fr\/wp-json\/wp\/v2\/product"}],"about":[{"href":"https:\/\/www.fokussrl.com\/fr\/wp-json\/wp\/v2\/types\/product"}],"wp:featuredmedia":[{"embeddable":true,"href":"https:\/\/www.fokussrl.com\/fr\/wp-json\/wp\/v2\/media\/67014"}],"wp:attachment":[{"href":"https:\/\/www.fokussrl.com\/fr\/wp-json\/wp\/v2\/media?parent=61436"}],"wp:term":[{"taxonomy":"product_brand","embeddable":true,"href":"https:\/\/www.fokussrl.com\/fr\/wp-json\/wp\/v2\/product_brand?post=61436"},{"taxonomy":"product_cat","embeddable":true,"href":"https:\/\/www.fokussrl.com\/fr\/wp-json\/wp\/v2\/product_cat?post=61436"},{"taxonomy":"product_tag","embeddable":true,"href":"https:\/\/www.fokussrl.com\/fr\/wp-json\/wp\/v2\/product_tag?post=61436"}],"curies":[{"name":"wp","href":"https:\/\/api.w.org\/{rel}","templated":true}]}}