{"id":61440,"date":"2025-02-04T01:16:33","date_gmt":"2025-02-04T00:16:33","guid":{"rendered":"http:\/\/fokussrl.com\/prodotto\/poele-granules-sans-electricite-fiorello-natural-8-kw\/"},"modified":"2025-02-11T02:10:15","modified_gmt":"2025-02-11T01:10:15","slug":"poele-granules-sans-electricite-fiorello-natural-8-kw","status":"publish","type":"product","link":"https:\/\/www.fokussrl.com\/fr\/produit\/poele-granules-sans-electricite-fiorello-natural-8-kw\/","title":{"rendered":"Po\u00eale \u00e0 granul\u00e9s sans \u00e9lectricit\u00e9 FIORELLO NATURAL 8 kW &#8211; Laminox"},"content":{"rendered":"<ul>\n<li>Ventilation d&rsquo;air chaud par convection naturelle<\/li>\n<li>Autonomie min\/max : 6,3\/20 h<\/li>\n<li>Puissance rayonn\u00e9e : 7,5 kW<\/li>\n<li>Puissance globale : 9,1 kW<\/li>\n<li>Rendement : 88,5 %<\/li>\n<li>Sortie des fum\u00e9es \u00d8 : 120 mm<\/li>\n<li>Dimensions : 572x553x1151 mm<\/li>\n<li>Poids : 89 kg<\/li>\n<li>Canalisation : Non<\/li>\n<li>Certification environnementale : 5 \u00e9toiles<\/li>\n<\/ul>\n","protected":false},"excerpt":{"rendered":"<p>Po\u00eale \u00e0 granul\u00e9s Air \u00e9tanche \u00e0 tirage naturel 5 \u00e9toiles, ne n\u00e9cessite aucun support \u00e9lectrique ou \u00e9lectronique. Id\u00e9al dans toutes les situations o\u00f9 il n\u2019y a pas de raccordement au r\u00e9seau \u00e9lectrique, comme par exemple dans les refuges de montagne.<\/p>\n","protected":false},"featured_media":65366,"template":"","meta":{"_acf_changed":false},"product_brand":[4826],"product_cat":[4605,4606],"product_tag":[5148,5147],"class_list":{"0":"post-61440","1":"product","2":"type-product","3":"status-publish","4":"has-post-thumbnail","6":"product_brand-laminox-idro-fr","7":"product_cat-poeles-a-granules-hermetiques","8":"product_cat-poeles-a-granules-sans-electricite","9":"product_tag-poeles-a-granules-etanches-laminox-idro","10":"product_tag-poeles-a-granules-sans-electricite-laminox-idro","11":"product_shipping_class-stufe-a-pellet-senza-elettricita-2","12":"pa_colore-blanc","13":"pa_colore-bordeaux-fr","14":"pa_colore-bronze-fr","15":"pa_colore-gris-aluminium","16":"pa_colore-noir-lustre","17":"pa_colore-noir-ride","18":"sales-flash-overlay","19":"woocommerce-text-align-center","20":"woocommerce-image-align-center","21":"do-quantity-buttons","23":"first","24":"instock","25":"taxable","26":"shipping-taxable","27":"purchasable","28":"product-type-variable"},"acf":[],"_links":{"self":[{"href":"https:\/\/www.fokussrl.com\/fr\/wp-json\/wp\/v2\/product\/61440","targetHints":{"allow":["GET"]}}],"collection":[{"href":"https:\/\/www.fokussrl.com\/fr\/wp-json\/wp\/v2\/product"}],"about":[{"href":"https:\/\/www.fokussrl.com\/fr\/wp-json\/wp\/v2\/types\/product"}],"wp:featuredmedia":[{"embeddable":true,"href":"https:\/\/www.fokussrl.com\/fr\/wp-json\/wp\/v2\/media\/65366"}],"wp:attachment":[{"href":"https:\/\/www.fokussrl.com\/fr\/wp-json\/wp\/v2\/media?parent=61440"}],"wp:term":[{"taxonomy":"product_brand","embeddable":true,"href":"https:\/\/www.fokussrl.com\/fr\/wp-json\/wp\/v2\/product_brand?post=61440"},{"taxonomy":"product_cat","embeddable":true,"href":"https:\/\/www.fokussrl.com\/fr\/wp-json\/wp\/v2\/product_cat?post=61440"},{"taxonomy":"product_tag","embeddable":true,"href":"https:\/\/www.fokussrl.com\/fr\/wp-json\/wp\/v2\/product_tag?post=61440"}],"curies":[{"name":"wp","href":"https:\/\/api.w.org\/{rel}","templated":true}]}}