{"id":61453,"date":"2025-02-04T01:16:33","date_gmt":"2025-02-04T00:16:33","guid":{"rendered":"http:\/\/fokussrl.com\/prodotto\/poele-granules-sans-electricite-free-6-vision\/"},"modified":"2025-02-04T01:34:02","modified_gmt":"2025-02-04T00:34:02","slug":"poele-granules-sans-electricite-free-6-vision","status":"publish","type":"product","link":"https:\/\/www.fokussrl.com\/fr\/produit\/poele-granules-sans-electricite-free-6-vision\/","title":{"rendered":"Po\u00eale \u00e0 granul\u00e9s sans \u00e9lectricit\u00e9 FREE 6 VISION &#8211; Bronpi"},"content":{"rendered":"","protected":false},"excerpt":{"rendered":"<p>Po\u00eale \u00e0 granul\u00e9s avec porte en verre et base en bois, \u00e0 tirage naturel, ne n\u00e9cessite aucun support \u00e9lectrique ou \u00e9lectronique. Id\u00e9al pour toutes les situations o\u00f9 il n&rsquo;y a pas de connexion au r\u00e9seau \u00e9lectrique.<\/p>\n","protected":false},"featured_media":60777,"template":"","meta":{"_acf_changed":false},"product_brand":[4798],"product_cat":[4606],"product_tag":[],"class_list":{"0":"post-61453","1":"product","2":"type-product","3":"status-publish","4":"has-post-thumbnail","6":"product_brand-bronpi-fr","7":"product_cat-poeles-a-granules-sans-electricite","8":"product_shipping_class-stufe-a-pellet-senza-elettricita-2","9":"pa_colore-ivoire","10":"pa_colore-noir","11":"sales-flash-overlay","12":"woocommerce-text-align-center","13":"woocommerce-image-align-center","14":"do-quantity-buttons","16":"first","17":"instock","18":"taxable","19":"shipping-taxable","20":"product-type-variable"},"acf":[],"_links":{"self":[{"href":"https:\/\/www.fokussrl.com\/fr\/wp-json\/wp\/v2\/product\/61453","targetHints":{"allow":["GET"]}}],"collection":[{"href":"https:\/\/www.fokussrl.com\/fr\/wp-json\/wp\/v2\/product"}],"about":[{"href":"https:\/\/www.fokussrl.com\/fr\/wp-json\/wp\/v2\/types\/product"}],"wp:featuredmedia":[{"embeddable":true,"href":"https:\/\/www.fokussrl.com\/fr\/wp-json\/wp\/v2\/media\/60777"}],"wp:attachment":[{"href":"https:\/\/www.fokussrl.com\/fr\/wp-json\/wp\/v2\/media?parent=61453"}],"wp:term":[{"taxonomy":"product_brand","embeddable":true,"href":"https:\/\/www.fokussrl.com\/fr\/wp-json\/wp\/v2\/product_brand?post=61453"},{"taxonomy":"product_cat","embeddable":true,"href":"https:\/\/www.fokussrl.com\/fr\/wp-json\/wp\/v2\/product_cat?post=61453"},{"taxonomy":"product_tag","embeddable":true,"href":"https:\/\/www.fokussrl.com\/fr\/wp-json\/wp\/v2\/product_tag?post=61453"}],"curies":[{"name":"wp","href":"https:\/\/api.w.org\/{rel}","templated":true}]}}